{"id":1731,"date":"2017-04-24T11:45:06","date_gmt":"2017-04-24T09:45:06","guid":{"rendered":"http:\/\/www.elraco.com\/?page_id=1731"},"modified":"2017-12-27T12:37:35","modified_gmt":"2017-12-27T10:37:35","slug":"%d1%84%d0%b8%d0%bb%d0%be%d1%81%d0%be%d1%84%d0%b8%d1%8f","status":"publish","type":"page","link":"https:\/\/www.elraco.com\/ru\/el-raco\/%d1%84%d0%b8%d0%bb%d0%be%d1%81%d0%be%d1%84%d0%b8%d1%8f\/","title":{"rendered":"\u0444\u0438\u043b\u043e\u0441\u043e\u0444\u0438\u044f"},"content":{"rendered":"<div class=\"wpb-content-wrapper\"><p>[vc_row][vc_column][vc_column_text el_class=&#187;titolseccioelraco&#187;]el Rac\u00f3[\/vc_column_text][vc_separator color=&#187;black&#187; border_width=&#187;7&#8243; el_class=&#187;lineaseccio&#187;][vc_column_text el_class=&#187;subtitolseccio&#187;]\u0444\u0438\u043b\u043e\u0441\u043e\u0444\u0438\u044f[\/vc_column_text][vc_column_text]<\/p>\n<p style=\"text-align: center;\">El Rac\u00f3 \u0440\u043e\u0434\u0438\u043b\u0441\u044f \u0432 1975 \u0433\u043e\u0434\u0443, \u0438 \u0441 \u0441\u0430\u043c\u043e\u0433\u043e \u043d\u0430\u0447\u0430\u043b\u0430 \u0435\u0433\u043e \u043f\u0440\u0438\u0437\u0432\u0430\u043d\u0438\u0435\u043c \u0431\u044b\u043b\u043e \u0441\u043b\u0443\u0436\u0438\u0442\u044c \u0441\u0432\u043e\u0438\u043c \u043a\u043b\u0438\u0435\u043d\u0442\u0430\u043c. \u0418\u0437 \u044d\u0442\u043e\u0433\u043e \u043f\u0440\u0438\u0437\u0432\u0430\u043d\u0438\u044f \u0432\u044b\u0440\u043e\u0441\u043b\u0430 \u0442\u0430\u043a\u0430\u044f \u043c\u043e\u0434\u0435\u043b\u044c \u0441\u0443\u0449\u0435\u0441\u0442\u0432\u043e\u0432\u0430\u043d\u0438\u044f, \u043a\u043e\u0442\u043e\u0440\u0430\u044f \u043f\u0440\u0438\u0432\u0435\u043b\u0430 \u043a \u043f\u043e\u0441\u0442\u043e\u044f\u043d\u043d\u043e\u043c\u0443 \u0434\u0438\u0430\u043b\u043e\u0433\u0443 \u0441 \u043a\u043b\u0438\u0435\u043d\u0442\u0430\u043c\u0438, \u043e\u0431\u0435\u0441\u043f\u0435\u0447\u0438\u0432\u0430\u044f \u0442\u0435\u043c \u0441\u0430\u043c\u044b\u043c \u0431\u043e\u043b\u044c\u0448\u0443\u044e \u0441\u0442\u0435\u043f\u0435\u043d\u044c \u043b\u043e\u044f\u043b\u044c\u043d\u043e\u0441\u0442\u0438. \u042d\u0442\u0430 \u0444\u0438\u043b\u043e\u0441\u043e\u0444\u0438\u044f \u043f\u043e\u0437\u0432\u043e\u043b\u0438\u043b\u0430 \u043d\u0430\u043c \u0441\u043e\u0437\u0434\u0430\u0442\u044c \u0443\u043d\u0438\u043a\u0430\u043b\u044c\u043d\u043e\u0435 \u043f\u0440\u0435\u0434\u043b\u043e\u0436\u0435\u043d\u0438\u0435 \u0441 \u0441\u0430\u043c\u043e\u0431\u044b\u0442\u043d\u044b\u043c \u0445\u0430\u0440\u0430\u043a\u0442\u0435\u0440\u043e\u043c.<\/p>\n<p>[\/vc_column_text][\/vc_column][\/vc_row][vc_row margin_top=&#187;20&#8243;][vc_column width=&#187;1\/2&#8243; css=&#187;.vc_custom_1502195679665{margin-right: -500px !important;}&#187;]<style type=\"text\/css\" data-type=\"the7_shortcodes-inline-css\">.shortcode-single-image-wrap.shortcode-single-image-f07796aa60a42b0ba33b9d08a9544af6.enable-bg-rollover .rollover i,\n.shortcode-single-image-wrap.shortcode-single-image-f07796aa60a42b0ba33b9d08a9544af6.enable-bg-rollover .rollover-video i {\n  background: -webkit-linear-gradient();\n  background: linear-gradient();\n}\n.shortcode-single-image-wrap.shortcode-single-image-f07796aa60a42b0ba33b9d08a9544af6 .rollover-icon {\n  font-size: 32px;\n  color: #ffffff;\n  min-width: 44px;\n  min-height: 44px;\n  line-height: 44px;\n  border-radius: 100px;\n  border-style: solid;\n  border-width: 0px;\n}\n.dt-icon-bg-on.shortcode-single-image-wrap.shortcode-single-image-f07796aa60a42b0ba33b9d08a9544af6 .rollover-icon {\n  background: rgba(255,255,255,0.3);\n  box-shadow: none;\n}<\/style><div class=\"shortcode-single-image-wrap shortcode-single-image-f07796aa60a42b0ba33b9d08a9544af6 alignnone  enable-bg-rollover dt-icon-bg-off\" style=\"margin-top:0px; margin-bottom:0px; margin-left:0px; margin-right:0px; width:582px;\"><div class=\"shortcode-single-image\"><div class=\"fancy-media-wrap  layzr-bg\" style=\"border-radius:1px;\"><img fetchpriority=\"high\" decoding=\"async\" class=\"preload-me lazy-load aspect\" src=\"data:image\/svg+xml,%3Csvg%20xmlns%3D&#39;http%3A%2F%2Fwww.w3.org%2F2000%2Fsvg&#39;%20viewBox%3D&#39;0%200%20582%20388&#39;%2F%3E\" data-src=\"https:\/\/www.elraco.com\/wp-content\/uploads\/2017\/04\/Tagliatelle-a-la-Negre-582x388.jpg\" data-srcset=\"https:\/\/www.elraco.com\/wp-content\/uploads\/2017\/04\/Tagliatelle-a-la-Negre-582x388.jpg 582w, https:\/\/www.elraco.com\/wp-content\/uploads\/2017\/04\/Tagliatelle-a-la-Negre-1164x776.jpg 1164w\" loading=\"eager\" sizes=\"(max-width: 582px) 100vw, 582px\" width=\"582\" height=\"388\"  data-dt-location=\"https:\/\/www.elraco.com\/ru\/grups\/tagliatelle-a-la-negre\/\" style=\"--ratio: 582 \/ 388;border-radius:1px;\" alt=\"\" \/><\/div><\/div><\/div>[\/vc_column][vc_column width=&#187;1\/2&#8243;]<style type=\"text\/css\" data-type=\"the7_shortcodes-inline-css\">.shortcode-single-image-wrap.shortcode-single-image-1dd7ae41913cd3a3a01ee2b7bbebcb1f.enable-bg-rollover .rollover i,\n.shortcode-single-image-wrap.shortcode-single-image-1dd7ae41913cd3a3a01ee2b7bbebcb1f.enable-bg-rollover .rollover-video i {\n  background: -webkit-linear-gradient();\n  background: linear-gradient();\n}\n.shortcode-single-image-wrap.shortcode-single-image-1dd7ae41913cd3a3a01ee2b7bbebcb1f .rollover-icon {\n  font-size: 32px;\n  color: #ffffff;\n  min-width: 44px;\n  min-height: 44px;\n  line-height: 44px;\n  border-radius: 100px;\n  border-style: solid;\n  border-width: 0px;\n}\n.dt-icon-bg-on.shortcode-single-image-wrap.shortcode-single-image-1dd7ae41913cd3a3a01ee2b7bbebcb1f .rollover-icon {\n  background: rgba(255,255,255,0.3);\n  box-shadow: none;\n}<\/style><div class=\"shortcode-single-image-wrap shortcode-single-image-1dd7ae41913cd3a3a01ee2b7bbebcb1f alignnone  enable-bg-rollover dt-icon-bg-off\" style=\"margin-top:0px; margin-bottom:0px; margin-left:0px; margin-right:0px; width:582px;\"><div class=\"shortcode-single-image\"><div class=\"fancy-media-wrap  layzr-bg\" style=\"\"><img decoding=\"async\" class=\"preload-me lazy-load aspect\" src=\"data:image\/svg+xml,%3Csvg%20xmlns%3D&#39;http%3A%2F%2Fwww.w3.org%2F2000%2Fsvg&#39;%20viewBox%3D&#39;0%200%20582%20388&#39;%2F%3E\" data-src=\"https:\/\/www.elraco.com\/wp-content\/uploads\/2017\/04\/Agnollotti-Formatges-582x388.jpg\" data-srcset=\"https:\/\/www.elraco.com\/wp-content\/uploads\/2017\/04\/Agnollotti-Formatges-582x388.jpg 582w, https:\/\/www.elraco.com\/wp-content\/uploads\/2017\/04\/Agnollotti-Formatges.jpg 1152w\" loading=\"eager\" sizes=\"(max-width: 582px) 100vw, 582px\" width=\"582\" height=\"388\"  data-dt-location=\"https:\/\/www.elraco.com\/ru\/grups\/agnollotti-formatges\/\" style=\"--ratio: 582 \/ 388;\" alt=\"\" \/><\/div><\/div><\/div>[\/vc_column][\/vc_row][vc_row][vc_column][vc_separator border_width=&#187;2&#8243; css=&#187;.vc_custom_1495006418417{margin-top: 20px !important;}&#187;][\/vc_column][\/vc_row]<\/p>\n<\/div>","protected":false},"excerpt":{"rendered":"<p>[vc_row][vc_column][vc_column_text el_class=&#187;titolseccioelraco&#187;]el Rac\u00f3[\/vc_column_text][vc_separator color=&#187;black&#187; border_width=&#187;7&#8243; el_class=&#187;lineaseccio&#187;][vc_column_text el_class=&#187;subtitolseccio&#187;]\u0444\u0438\u043b\u043e\u0441\u043e\u0444\u0438\u044f[\/vc_column_text][vc_column_text] El Rac\u00f3 \u0440\u043e\u0434\u0438\u043b\u0441\u044f \u0432 1975 \u0433\u043e\u0434\u0443, \u0438 \u0441 \u0441\u0430\u043c\u043e\u0433\u043e \u043d\u0430\u0447\u0430\u043b\u0430 \u0435\u0433\u043e \u043f\u0440\u0438\u0437\u0432\u0430\u043d\u0438\u0435\u043c \u0431\u044b\u043b\u043e \u0441\u043b\u0443\u0436\u0438\u0442\u044c \u0441\u0432\u043e\u0438\u043c \u043a\u043b\u0438\u0435\u043d\u0442\u0430\u043c. \u0418\u0437 \u044d\u0442\u043e\u0433\u043e \u043f\u0440\u0438\u0437\u0432\u0430\u043d\u0438\u044f \u0432\u044b\u0440\u043e\u0441\u043b\u0430 \u0442\u0430\u043a\u0430\u044f \u043c\u043e\u0434\u0435\u043b\u044c \u0441\u0443\u0449\u0435\u0441\u0442\u0432\u043e\u0432\u0430\u043d\u0438\u044f, \u043a\u043e\u0442\u043e\u0440\u0430\u044f \u043f\u0440\u0438\u0432\u0435\u043b\u0430 \u043a \u043f\u043e\u0441\u0442\u043e\u044f\u043d\u043d\u043e\u043c\u0443 \u0434\u0438\u0430\u043b\u043e\u0433\u0443 \u0441 \u043a\u043b\u0438\u0435\u043d\u0442\u0430\u043c\u0438, \u043e\u0431\u0435\u0441\u043f\u0435\u0447\u0438\u0432\u0430\u044f \u0442\u0435\u043c \u0441\u0430\u043c\u044b\u043c \u0431\u043e\u043b\u044c\u0448\u0443\u044e \u0441\u0442\u0435\u043f\u0435\u043d\u044c \u043b\u043e\u044f\u043b\u044c\u043d\u043e\u0441\u0442\u0438. \u042d\u0442\u0430 \u0444\u0438\u043b\u043e\u0441\u043e\u0444\u0438\u044f \u043f\u043e\u0437\u0432\u043e\u043b\u0438\u043b\u0430 \u043d\u0430\u043c \u0441\u043e\u0437\u0434\u0430\u0442\u044c \u0443\u043d\u0438\u043a\u0430\u043b\u044c\u043d\u043e\u0435 \u043f\u0440\u0435\u0434\u043b\u043e\u0436\u0435\u043d\u0438\u0435 \u0441 \u0441\u0430\u043c\u043e\u0431\u044b\u0442\u043d\u044b\u043c \u0445\u0430\u0440\u0430\u043a\u0442\u0435\u0440\u043e\u043c. [\/vc_column_text][\/vc_column][\/vc_row][vc_row margin_top=&#187;20&#8243;][vc_column&hellip;<\/p>\n","protected":false},"author":4,"featured_media":0,"parent":2712,"menu_order":0,"comment_status":"closed","ping_status":"closed","template":"","meta":{"footnotes":""},"class_list":["post-1731","page","type-page","status-publish","hentry","description-off"],"yoast_head":"<!-- This site is optimized with the Yoast SEO plugin v27.0 - https:\/\/yoast.com\/product\/yoast-seo-wordpress\/ -->\n<title>\u0444\u0438\u043b\u043e\u0441\u043e\u0444\u0438\u044f: El Rac\u00f3. Restaurant Pizzeria Mediterr\u00e1nea.<\/title>\n<meta name=\"description\" content=\"El Rac\u00f3 \u0440\u043e\u0434\u0438\u043b\u0441\u044f \u0432 1975 \u0433\u043e\u0434\u0443, \u0438 \u0441 \u0441\u0430\u043c\u043e\u0433\u043e \u043d\u0430\u0447\u0430\u043b\u0430 \u0435\u0433\u043e \u043f\u0440\u0438\u0437\u0432\u0430\u043d\u0438\u0435\u043c \u0431\u044b\u043b\u043e \u0441\u043b\u0443\u0436\u0438\u0442\u044c \u0441\u0432\u043e\u0438\u043c \u043a\u043b\u0438\u0435\u043d\u0442\u0430\u043c. \u0418\u0437 \u044d\u0442\u043e\u0433\u043e \u043f\u0440\u0438\u0437\u0432\u0430\u043d\u0438\u044f \u0432\u044b\u0440\u043e\u0441\u043b\u0430 \u0442\u0430\u043a\u0430\u044f \u043c\u043e\u0434\u0435\u043b\u044c \u0441\u0443\u0449\u0435\u0441\u0442\u0432\u043e\u0432\u0430\u043d\u0438\u044f, \u043a\u043e\u0442\u043e\u0440\u0430\u044f \u043f\u0440\u0438\u0432\u0435\u043b\u0430 \u043a \u043f\u043e\u0441\u0442\u043e\u044f\u043d\u043d\u043e\u043c\u0443 \u0434\u0438\u0430\u043b\u043e\u0433\u0443 \u0441 \u043a\u043b\u0438\u0435\u043d\u0442\u0430\u043c\u0438, \u043e\u0431\u0435\u0441\u043f\u0435\u0447\u0438\u0432\u0430\u044f \u0442\u0435\u043c \u0441\u0430\u043c\u044b\u043c \u0431\u043e\u043b\u044c\u0448\u0443\u044e \u0441\u0442\u0435\u043f\u0435\u043d\u044c \u043b\u043e\u044f\u043b\u044c\u043d\u043e\u0441\u0442\u0438. \u042d\u0442\u0430 \u0444\u0438\u043b\u043e\u0441\u043e\u0444\u0438\u044f \u043f\u043e\u0437\u0432\u043e\u043b\u0438\u043b\u0430 \u043d\u0430\u043c \u0441\u043e\u0437\u0434\u0430\u0442\u044c \u0443\u043d\u0438\u043a\u0430\u043b\u044c\u043d\u043e\u0435 \u043f\u0440\u0435\u0434\u043b\u043e\u0436\u0435\u043d\u0438\u0435 \u0441 \u0441\u0430\u043c\u043e\u0431\u044b\u0442\u043d\u044b\u043c \u0445\u0430\u0440\u0430\u043a\u0442\u0435\u0440\u043e\u043c.\" \/>\n<meta name=\"robots\" content=\"index, follow, max-snippet:-1, max-image-preview:large, max-video-preview:-1\" \/>\n<link rel=\"canonical\" href=\"https:\/\/www.elraco.com\/ru\/el-raco\/\u0444\u0438\u043b\u043e\u0441\u043e\u0444\u0438\u044f\/\" \/>\n<meta property=\"og:locale\" content=\"ru_RU\" \/>\n<meta property=\"og:type\" content=\"article\" \/>\n<meta property=\"og:title\" content=\"\u0444\u0438\u043b\u043e\u0441\u043e\u0444\u0438\u044f: El Rac\u00f3. Restaurant Pizzeria Mediterr\u00e1nea.\" \/>\n<meta property=\"og:description\" content=\"El Rac\u00f3 \u0440\u043e\u0434\u0438\u043b\u0441\u044f \u0432 1975 \u0433\u043e\u0434\u0443, \u0438 \u0441 \u0441\u0430\u043c\u043e\u0433\u043e \u043d\u0430\u0447\u0430\u043b\u0430 \u0435\u0433\u043e \u043f\u0440\u0438\u0437\u0432\u0430\u043d\u0438\u0435\u043c \u0431\u044b\u043b\u043e \u0441\u043b\u0443\u0436\u0438\u0442\u044c \u0441\u0432\u043e\u0438\u043c \u043a\u043b\u0438\u0435\u043d\u0442\u0430\u043c. \u0418\u0437 \u044d\u0442\u043e\u0433\u043e \u043f\u0440\u0438\u0437\u0432\u0430\u043d\u0438\u044f \u0432\u044b\u0440\u043e\u0441\u043b\u0430 \u0442\u0430\u043a\u0430\u044f \u043c\u043e\u0434\u0435\u043b\u044c \u0441\u0443\u0449\u0435\u0441\u0442\u0432\u043e\u0432\u0430\u043d\u0438\u044f, \u043a\u043e\u0442\u043e\u0440\u0430\u044f \u043f\u0440\u0438\u0432\u0435\u043b\u0430 \u043a \u043f\u043e\u0441\u0442\u043e\u044f\u043d\u043d\u043e\u043c\u0443 \u0434\u0438\u0430\u043b\u043e\u0433\u0443 \u0441 \u043a\u043b\u0438\u0435\u043d\u0442\u0430\u043c\u0438, \u043e\u0431\u0435\u0441\u043f\u0435\u0447\u0438\u0432\u0430\u044f \u0442\u0435\u043c \u0441\u0430\u043c\u044b\u043c \u0431\u043e\u043b\u044c\u0448\u0443\u044e \u0441\u0442\u0435\u043f\u0435\u043d\u044c \u043b\u043e\u044f\u043b\u044c\u043d\u043e\u0441\u0442\u0438. \u042d\u0442\u0430 \u0444\u0438\u043b\u043e\u0441\u043e\u0444\u0438\u044f \u043f\u043e\u0437\u0432\u043e\u043b\u0438\u043b\u0430 \u043d\u0430\u043c \u0441\u043e\u0437\u0434\u0430\u0442\u044c \u0443\u043d\u0438\u043a\u0430\u043b\u044c\u043d\u043e\u0435 \u043f\u0440\u0435\u0434\u043b\u043e\u0436\u0435\u043d\u0438\u0435 \u0441 \u0441\u0430\u043c\u043e\u0431\u044b\u0442\u043d\u044b\u043c \u0445\u0430\u0440\u0430\u043a\u0442\u0435\u0440\u043e\u043c.\" \/>\n<meta property=\"og:url\" content=\"https:\/\/www.elraco.com\/ru\/el-raco\/\u0444\u0438\u043b\u043e\u0441\u043e\u0444\u0438\u044f\/\" \/>\n<meta property=\"og:site_name\" content=\"El Rac\u00f3\" \/>\n<meta property=\"article:modified_time\" content=\"2017-12-27T10:37:35+00:00\" \/>\n<meta name=\"twitter:label1\" content=\"\u041f\u0440\u0438\u043c\u0435\u0440\u043d\u043e\u0435 \u0432\u0440\u0435\u043c\u044f \u0434\u043b\u044f \u0447\u0442\u0435\u043d\u0438\u044f\" \/>\n\t<meta name=\"twitter:data1\" content=\"1 \u043c\u0438\u043d\u0443\u0442\u0430\" \/>\n<script type=\"application\/ld+json\" class=\"yoast-schema-graph\">{\"@context\":\"https:\/\/schema.org\",\"@graph\":[{\"@type\":\"WebPage\",\"@id\":\"https:\/\/www.elraco.com\/ru\/el-raco\/%d1%84%d0%b8%d0%bb%d0%be%d1%81%d0%be%d1%84%d0%b8%d1%8f\/\",\"url\":\"https:\/\/www.elraco.com\/ru\/el-raco\/%d1%84%d0%b8%d0%bb%d0%be%d1%81%d0%be%d1%84%d0%b8%d1%8f\/\",\"name\":\"\u0444\u0438\u043b\u043e\u0441\u043e\u0444\u0438\u044f: El Rac\u00f3. Restaurant Pizzeria Mediterr\u00e1nea.\",\"isPartOf\":{\"@id\":\"https:\/\/www.elraco.com\/#website\"},\"datePublished\":\"2017-04-24T09:45:06+00:00\",\"dateModified\":\"2017-12-27T10:37:35+00:00\",\"description\":\"El Rac\u00f3 \u0440\u043e\u0434\u0438\u043b\u0441\u044f \u0432 1975 \u0433\u043e\u0434\u0443, \u0438 \u0441 \u0441\u0430\u043c\u043e\u0433\u043e \u043d\u0430\u0447\u0430\u043b\u0430 \u0435\u0433\u043e \u043f\u0440\u0438\u0437\u0432\u0430\u043d\u0438\u0435\u043c \u0431\u044b\u043b\u043e \u0441\u043b\u0443\u0436\u0438\u0442\u044c \u0441\u0432\u043e\u0438\u043c \u043a\u043b\u0438\u0435\u043d\u0442\u0430\u043c. \u0418\u0437 \u044d\u0442\u043e\u0433\u043e \u043f\u0440\u0438\u0437\u0432\u0430\u043d\u0438\u044f \u0432\u044b\u0440\u043e\u0441\u043b\u0430 \u0442\u0430\u043a\u0430\u044f \u043c\u043e\u0434\u0435\u043b\u044c \u0441\u0443\u0449\u0435\u0441\u0442\u0432\u043e\u0432\u0430\u043d\u0438\u044f, \u043a\u043e\u0442\u043e\u0440\u0430\u044f \u043f\u0440\u0438\u0432\u0435\u043b\u0430 \u043a \u043f\u043e\u0441\u0442\u043e\u044f\u043d\u043d\u043e\u043c\u0443 \u0434\u0438\u0430\u043b\u043e\u0433\u0443 \u0441 \u043a\u043b\u0438\u0435\u043d\u0442\u0430\u043c\u0438, \u043e\u0431\u0435\u0441\u043f\u0435\u0447\u0438\u0432\u0430\u044f \u0442\u0435\u043c \u0441\u0430\u043c\u044b\u043c \u0431\u043e\u043b\u044c\u0448\u0443\u044e \u0441\u0442\u0435\u043f\u0435\u043d\u044c \u043b\u043e\u044f\u043b\u044c\u043d\u043e\u0441\u0442\u0438. \u042d\u0442\u0430 \u0444\u0438\u043b\u043e\u0441\u043e\u0444\u0438\u044f \u043f\u043e\u0437\u0432\u043e\u043b\u0438\u043b\u0430 \u043d\u0430\u043c \u0441\u043e\u0437\u0434\u0430\u0442\u044c \u0443\u043d\u0438\u043a\u0430\u043b\u044c\u043d\u043e\u0435 \u043f\u0440\u0435\u0434\u043b\u043e\u0436\u0435\u043d\u0438\u0435 \u0441 \u0441\u0430\u043c\u043e\u0431\u044b\u0442\u043d\u044b\u043c \u0445\u0430\u0440\u0430\u043a\u0442\u0435\u0440\u043e\u043c.\",\"breadcrumb\":{\"@id\":\"https:\/\/www.elraco.com\/ru\/el-raco\/%d1%84%d0%b8%d0%bb%d0%be%d1%81%d0%be%d1%84%d0%b8%d1%8f\/#breadcrumb\"},\"inLanguage\":\"ru-RU\",\"potentialAction\":[{\"@type\":\"ReadAction\",\"target\":[\"https:\/\/www.elraco.com\/ru\/el-raco\/%d1%84%d0%b8%d0%bb%d0%be%d1%81%d0%be%d1%84%d0%b8%d1%8f\/\"]}]},{\"@type\":\"BreadcrumbList\",\"@id\":\"https:\/\/www.elraco.com\/ru\/el-raco\/%d1%84%d0%b8%d0%bb%d0%be%d1%81%d0%be%d1%84%d0%b8%d1%8f\/#breadcrumb\",\"itemListElement\":[{\"@type\":\"ListItem\",\"position\":1,\"name\":\"el Rac\u00f3\",\"item\":\"https:\/\/www.elraco.com\/ru\/el-raco\/\"},{\"@type\":\"ListItem\",\"position\":2,\"name\":\"\u0444\u0438\u043b\u043e\u0441\u043e\u0444\u0438\u044f\"}]},{\"@type\":\"WebSite\",\"@id\":\"https:\/\/www.elraco.com\/#website\",\"url\":\"https:\/\/www.elraco.com\/\",\"name\":\"El Rac\u00f3\",\"description\":\"\",\"potentialAction\":[{\"@type\":\"SearchAction\",\"target\":{\"@type\":\"EntryPoint\",\"urlTemplate\":\"https:\/\/www.elraco.com\/?s={search_term_string}\"},\"query-input\":{\"@type\":\"PropertyValueSpecification\",\"valueRequired\":true,\"valueName\":\"search_term_string\"}}],\"inLanguage\":\"ru-RU\"}]}<\/script>\n<!-- \/ Yoast SEO plugin. -->","yoast_head_json":{"title":"\u0444\u0438\u043b\u043e\u0441\u043e\u0444\u0438\u044f: El Rac\u00f3. Restaurant Pizzeria Mediterr\u00e1nea.","description":"El Rac\u00f3 \u0440\u043e\u0434\u0438\u043b\u0441\u044f \u0432 1975 \u0433\u043e\u0434\u0443, \u0438 \u0441 \u0441\u0430\u043c\u043e\u0433\u043e \u043d\u0430\u0447\u0430\u043b\u0430 \u0435\u0433\u043e \u043f\u0440\u0438\u0437\u0432\u0430\u043d\u0438\u0435\u043c \u0431\u044b\u043b\u043e \u0441\u043b\u0443\u0436\u0438\u0442\u044c \u0441\u0432\u043e\u0438\u043c \u043a\u043b\u0438\u0435\u043d\u0442\u0430\u043c. \u0418\u0437 \u044d\u0442\u043e\u0433\u043e \u043f\u0440\u0438\u0437\u0432\u0430\u043d\u0438\u044f \u0432\u044b\u0440\u043e\u0441\u043b\u0430 \u0442\u0430\u043a\u0430\u044f \u043c\u043e\u0434\u0435\u043b\u044c \u0441\u0443\u0449\u0435\u0441\u0442\u0432\u043e\u0432\u0430\u043d\u0438\u044f, \u043a\u043e\u0442\u043e\u0440\u0430\u044f \u043f\u0440\u0438\u0432\u0435\u043b\u0430 \u043a \u043f\u043e\u0441\u0442\u043e\u044f\u043d\u043d\u043e\u043c\u0443 \u0434\u0438\u0430\u043b\u043e\u0433\u0443 \u0441 \u043a\u043b\u0438\u0435\u043d\u0442\u0430\u043c\u0438, \u043e\u0431\u0435\u0441\u043f\u0435\u0447\u0438\u0432\u0430\u044f \u0442\u0435\u043c \u0441\u0430\u043c\u044b\u043c \u0431\u043e\u043b\u044c\u0448\u0443\u044e \u0441\u0442\u0435\u043f\u0435\u043d\u044c \u043b\u043e\u044f\u043b\u044c\u043d\u043e\u0441\u0442\u0438. \u042d\u0442\u0430 \u0444\u0438\u043b\u043e\u0441\u043e\u0444\u0438\u044f \u043f\u043e\u0437\u0432\u043e\u043b\u0438\u043b\u0430 \u043d\u0430\u043c \u0441\u043e\u0437\u0434\u0430\u0442\u044c \u0443\u043d\u0438\u043a\u0430\u043b\u044c\u043d\u043e\u0435 \u043f\u0440\u0435\u0434\u043b\u043e\u0436\u0435\u043d\u0438\u0435 \u0441 \u0441\u0430\u043c\u043e\u0431\u044b\u0442\u043d\u044b\u043c \u0445\u0430\u0440\u0430\u043a\u0442\u0435\u0440\u043e\u043c.","robots":{"index":"index","follow":"follow","max-snippet":"max-snippet:-1","max-image-preview":"max-image-preview:large","max-video-preview":"max-video-preview:-1"},"canonical":"https:\/\/www.elraco.com\/ru\/el-raco\/\u0444\u0438\u043b\u043e\u0441\u043e\u0444\u0438\u044f\/","og_locale":"ru_RU","og_type":"article","og_title":"\u0444\u0438\u043b\u043e\u0441\u043e\u0444\u0438\u044f: El Rac\u00f3. Restaurant Pizzeria Mediterr\u00e1nea.","og_description":"El Rac\u00f3 \u0440\u043e\u0434\u0438\u043b\u0441\u044f \u0432 1975 \u0433\u043e\u0434\u0443, \u0438 \u0441 \u0441\u0430\u043c\u043e\u0433\u043e \u043d\u0430\u0447\u0430\u043b\u0430 \u0435\u0433\u043e \u043f\u0440\u0438\u0437\u0432\u0430\u043d\u0438\u0435\u043c \u0431\u044b\u043b\u043e \u0441\u043b\u0443\u0436\u0438\u0442\u044c \u0441\u0432\u043e\u0438\u043c \u043a\u043b\u0438\u0435\u043d\u0442\u0430\u043c. \u0418\u0437 \u044d\u0442\u043e\u0433\u043e \u043f\u0440\u0438\u0437\u0432\u0430\u043d\u0438\u044f \u0432\u044b\u0440\u043e\u0441\u043b\u0430 \u0442\u0430\u043a\u0430\u044f \u043c\u043e\u0434\u0435\u043b\u044c \u0441\u0443\u0449\u0435\u0441\u0442\u0432\u043e\u0432\u0430\u043d\u0438\u044f, \u043a\u043e\u0442\u043e\u0440\u0430\u044f \u043f\u0440\u0438\u0432\u0435\u043b\u0430 \u043a \u043f\u043e\u0441\u0442\u043e\u044f\u043d\u043d\u043e\u043c\u0443 \u0434\u0438\u0430\u043b\u043e\u0433\u0443 \u0441 \u043a\u043b\u0438\u0435\u043d\u0442\u0430\u043c\u0438, \u043e\u0431\u0435\u0441\u043f\u0435\u0447\u0438\u0432\u0430\u044f \u0442\u0435\u043c \u0441\u0430\u043c\u044b\u043c \u0431\u043e\u043b\u044c\u0448\u0443\u044e \u0441\u0442\u0435\u043f\u0435\u043d\u044c \u043b\u043e\u044f\u043b\u044c\u043d\u043e\u0441\u0442\u0438. \u042d\u0442\u0430 \u0444\u0438\u043b\u043e\u0441\u043e\u0444\u0438\u044f \u043f\u043e\u0437\u0432\u043e\u043b\u0438\u043b\u0430 \u043d\u0430\u043c \u0441\u043e\u0437\u0434\u0430\u0442\u044c \u0443\u043d\u0438\u043a\u0430\u043b\u044c\u043d\u043e\u0435 \u043f\u0440\u0435\u0434\u043b\u043e\u0436\u0435\u043d\u0438\u0435 \u0441 \u0441\u0430\u043c\u043e\u0431\u044b\u0442\u043d\u044b\u043c \u0445\u0430\u0440\u0430\u043a\u0442\u0435\u0440\u043e\u043c.","og_url":"https:\/\/www.elraco.com\/ru\/el-raco\/\u0444\u0438\u043b\u043e\u0441\u043e\u0444\u0438\u044f\/","og_site_name":"El Rac\u00f3","article_modified_time":"2017-12-27T10:37:35+00:00","twitter_misc":{"\u041f\u0440\u0438\u043c\u0435\u0440\u043d\u043e\u0435 \u0432\u0440\u0435\u043c\u044f \u0434\u043b\u044f \u0447\u0442\u0435\u043d\u0438\u044f":"1 \u043c\u0438\u043d\u0443\u0442\u0430"},"schema":{"@context":"https:\/\/schema.org","@graph":[{"@type":"WebPage","@id":"https:\/\/www.elraco.com\/ru\/el-raco\/%d1%84%d0%b8%d0%bb%d0%be%d1%81%d0%be%d1%84%d0%b8%d1%8f\/","url":"https:\/\/www.elraco.com\/ru\/el-raco\/%d1%84%d0%b8%d0%bb%d0%be%d1%81%d0%be%d1%84%d0%b8%d1%8f\/","name":"\u0444\u0438\u043b\u043e\u0441\u043e\u0444\u0438\u044f: El Rac\u00f3. Restaurant Pizzeria Mediterr\u00e1nea.","isPartOf":{"@id":"https:\/\/www.elraco.com\/#website"},"datePublished":"2017-04-24T09:45:06+00:00","dateModified":"2017-12-27T10:37:35+00:00","description":"El Rac\u00f3 \u0440\u043e\u0434\u0438\u043b\u0441\u044f \u0432 1975 \u0433\u043e\u0434\u0443, \u0438 \u0441 \u0441\u0430\u043c\u043e\u0433\u043e \u043d\u0430\u0447\u0430\u043b\u0430 \u0435\u0433\u043e \u043f\u0440\u0438\u0437\u0432\u0430\u043d\u0438\u0435\u043c \u0431\u044b\u043b\u043e \u0441\u043b\u0443\u0436\u0438\u0442\u044c \u0441\u0432\u043e\u0438\u043c \u043a\u043b\u0438\u0435\u043d\u0442\u0430\u043c. \u0418\u0437 \u044d\u0442\u043e\u0433\u043e \u043f\u0440\u0438\u0437\u0432\u0430\u043d\u0438\u044f \u0432\u044b\u0440\u043e\u0441\u043b\u0430 \u0442\u0430\u043a\u0430\u044f \u043c\u043e\u0434\u0435\u043b\u044c \u0441\u0443\u0449\u0435\u0441\u0442\u0432\u043e\u0432\u0430\u043d\u0438\u044f, \u043a\u043e\u0442\u043e\u0440\u0430\u044f \u043f\u0440\u0438\u0432\u0435\u043b\u0430 \u043a \u043f\u043e\u0441\u0442\u043e\u044f\u043d\u043d\u043e\u043c\u0443 \u0434\u0438\u0430\u043b\u043e\u0433\u0443 \u0441 \u043a\u043b\u0438\u0435\u043d\u0442\u0430\u043c\u0438, \u043e\u0431\u0435\u0441\u043f\u0435\u0447\u0438\u0432\u0430\u044f \u0442\u0435\u043c \u0441\u0430\u043c\u044b\u043c \u0431\u043e\u043b\u044c\u0448\u0443\u044e \u0441\u0442\u0435\u043f\u0435\u043d\u044c \u043b\u043e\u044f\u043b\u044c\u043d\u043e\u0441\u0442\u0438. \u042d\u0442\u0430 \u0444\u0438\u043b\u043e\u0441\u043e\u0444\u0438\u044f \u043f\u043e\u0437\u0432\u043e\u043b\u0438\u043b\u0430 \u043d\u0430\u043c \u0441\u043e\u0437\u0434\u0430\u0442\u044c \u0443\u043d\u0438\u043a\u0430\u043b\u044c\u043d\u043e\u0435 \u043f\u0440\u0435\u0434\u043b\u043e\u0436\u0435\u043d\u0438\u0435 \u0441 \u0441\u0430\u043c\u043e\u0431\u044b\u0442\u043d\u044b\u043c \u0445\u0430\u0440\u0430\u043a\u0442\u0435\u0440\u043e\u043c.","breadcrumb":{"@id":"https:\/\/www.elraco.com\/ru\/el-raco\/%d1%84%d0%b8%d0%bb%d0%be%d1%81%d0%be%d1%84%d0%b8%d1%8f\/#breadcrumb"},"inLanguage":"ru-RU","potentialAction":[{"@type":"ReadAction","target":["https:\/\/www.elraco.com\/ru\/el-raco\/%d1%84%d0%b8%d0%bb%d0%be%d1%81%d0%be%d1%84%d0%b8%d1%8f\/"]}]},{"@type":"BreadcrumbList","@id":"https:\/\/www.elraco.com\/ru\/el-raco\/%d1%84%d0%b8%d0%bb%d0%be%d1%81%d0%be%d1%84%d0%b8%d1%8f\/#breadcrumb","itemListElement":[{"@type":"ListItem","position":1,"name":"el Rac\u00f3","item":"https:\/\/www.elraco.com\/ru\/el-raco\/"},{"@type":"ListItem","position":2,"name":"\u0444\u0438\u043b\u043e\u0441\u043e\u0444\u0438\u044f"}]},{"@type":"WebSite","@id":"https:\/\/www.elraco.com\/#website","url":"https:\/\/www.elraco.com\/","name":"El Rac\u00f3","description":"","potentialAction":[{"@type":"SearchAction","target":{"@type":"EntryPoint","urlTemplate":"https:\/\/www.elraco.com\/?s={search_term_string}"},"query-input":{"@type":"PropertyValueSpecification","valueRequired":true,"valueName":"search_term_string"}}],"inLanguage":"ru-RU"}]}},"_links":{"self":[{"href":"https:\/\/www.elraco.com\/ru\/wp-json\/wp\/v2\/pages\/1731","targetHints":{"allow":["GET"]}}],"collection":[{"href":"https:\/\/www.elraco.com\/ru\/wp-json\/wp\/v2\/pages"}],"about":[{"href":"https:\/\/www.elraco.com\/ru\/wp-json\/wp\/v2\/types\/page"}],"author":[{"embeddable":true,"href":"https:\/\/www.elraco.com\/ru\/wp-json\/wp\/v2\/users\/4"}],"replies":[{"embeddable":true,"href":"https:\/\/www.elraco.com\/ru\/wp-json\/wp\/v2\/comments?post=1731"}],"version-history":[{"count":7,"href":"https:\/\/www.elraco.com\/ru\/wp-json\/wp\/v2\/pages\/1731\/revisions"}],"predecessor-version":[{"id":9188,"href":"https:\/\/www.elraco.com\/ru\/wp-json\/wp\/v2\/pages\/1731\/revisions\/9188"}],"up":[{"embeddable":true,"href":"https:\/\/www.elraco.com\/ru\/wp-json\/wp\/v2\/pages\/2712"}],"wp:attachment":[{"href":"https:\/\/www.elraco.com\/ru\/wp-json\/wp\/v2\/media?parent=1731"}],"curies":[{"name":"wp","href":"https:\/\/api.w.org\/{rel}","templated":true}]}}