{"id":1773,"date":"2017-04-24T12:05:29","date_gmt":"2017-04-24T10:05:29","guid":{"rendered":"http:\/\/www.elraco.com\/?page_id=1773"},"modified":"2018-01-03T20:51:13","modified_gmt":"2018-01-03T18:51:13","slug":"%e7%a7%81%e3%81%9f%e3%81%a1%e3%81%a8%e5%8d%94%e5%8a%9b","status":"publish","type":"page","link":"https:\/\/www.elraco.com\/ja\/el-raco\/%e7%a7%81%e3%81%9f%e3%81%a1%e3%81%a8%e5%8d%94%e5%8a%9b\/","title":{"rendered":"\u6c42\u4eba\u52df\u96c6"},"content":{"rendered":"<div class=\"wpb-content-wrapper\"><p>[vc_row][vc_column][vc_column_text el_class=&#8221;titolseccioelraco&#8221;]el Rac\u00f3[\/vc_column_text][vc_separator color=&#8221;black&#8221; border_width=&#8221;7&#8243; el_class=&#8221;lineaseccio&#8221;][vc_column_text el_class=&#8221;subtitolseccio&#8221;]\u6c42\u4eba\u52df\u96c6[\/vc_column_text][vc_column_text]<\/p>\n<p style=\"text-align: center;\">El Rac\u00f3\u3067\u306f\u3001\u304a\u4e92\u3044\u306b\u9854\u3092\u5408\u308f\u305b\u77e5\u308a\u5408\u3046\u6a5f\u4f1a\u3092\u8a2d\u3051\u3066\u3044\u307e\u3059\u3002\u3042\u306a\u305f\u3068\u306e\u7d20\u6674\u3089\u3057\u3044\u95a2\u4fc2\u306e\u306f\u3058\u307e\u308a\u306b\u306a\u308b\u304b\u3082\u3057\u308c\u307e\u305b\u3093\u3002<\/p>\n<p>[\/vc_column_text][\/vc_column][\/vc_row][vc_row margin_top=&#8221;30px&#8221;][vc_column width=&#8221;1\/2&#8243; css=&#8221;.vc_custom_1495007435715{background-color: #ffffff !important;}&#8221;][vc_column_text]<\/p>\n<p style=\"text-align: center;\"><span style=\"color: #000000; font-family: 'Playfair Display'; font-size: 27px; font-weight: 600;\">\u512a\u308c\u305f\u30c1\u30fc\u30e0\u30ef\u30fc\u30af<\/span><\/p>\n<p>[\/vc_column_text][vc_column_text css=&#8221;.vc_custom_1498820885550{margin-top: 20px !important;}&#8221;]<\/p>\n<p style=\"text-align: justify;\">El Rac\u00f3\u306f\u3001\u8cea\u306e\u3042\u308b\u4ed5\u4e8b\u3068\u516c\u6b63\u306a\u52b4\u50cd\u6761\u4ef6\u306e\u63d0\u4f9b\u3092\u7d04\u675f\u3057\u307e\u3059\u3002\u305d\u308c\u305e\u308c\u306e\u500b\u6027\u3068\u80fd\u529b\u3092\u5341\u5206\u306b\u767a\u63ee\u3067\u304d\u308b\u50cd\u304d\u3084\u3059\u3044\u74b0\u5883\u4f5c\u308a\u306b\u52aa\u3081\u3001\u304a\u4e92\u3044\u3092\u5c0a\u91cd\u3059\u308b\u30d7\u30ed\u30d5\u30a7\u30c3\u30b7\u30e7\u30ca\u30eb\u3068\u3057\u3066\u306e\u30b9\u30ad\u30eb\u30a2\u30c3\u30d7\u3092\u30b5\u30dd\u30fc\u30c8\u3057\u3066\u3044\u304d\u307e\u3059\u3002<\/p>\n<p>[\/vc_column_text][vc_row_inner css=&#8221;.vc_custom_1492767071099{margin-top: 20px !important;}&#8221;][vc_column_inner]<div class=\"standard-arrow list-divider bullet-top\"><ul>\n<li>\u5c0a\u91cd\u3068\u76f8\u4e92\u7406\u89e3<\/li>\n<li>\u30d7\u30ed\u30d5\u30a7\u30c3\u30b7\u30e7\u30ca\u30eb\u30fb\u4eba\u683c\u80b2\u6210<\/li>\n<li>\u30ea\u30fc\u30c0\u30fc\u30b7\u30c3\u30d7\u306e\u990a\u6210<\/li>\n<li>\u9b45\u529b\u7684\u3067\u78ba\u304b\u306a\u7d66\u4e0e\u5f85\u9047<\/li>\n<li>\u50cd\u304d\u3084\u3059\u3044\u74b0\u5883<\/li>\n<\/ul>\n<\/div>[\/vc_column_inner][\/vc_row_inner][\/vc_column][vc_column width=&#8221;1\/2&#8243;][vc_column_text]<\/p>\n<p style=\"text-align: center;\"><span style=\"color: #000000; font-family: 'Playfair Display'; font-size: 27px; font-weight: 600;\">\u5c65\u6b74\u66f8\u5165\u529b\u30d5\u30a9\u30fc\u30e0<\/span><\/p>\n<p>[\/vc_column_text][vc_column_text css=&#8221;.vc_custom_1499344947671{margin-top: 20px !important;}&#8221;]\n<div class=\"wpcf7 no-js\" id=\"wpcf7-f6875-o1\" lang=\"ca\" dir=\"ltr\" data-wpcf7-id=\"6875\">\n<div class=\"screen-reader-response\"><p role=\"status\" aria-live=\"polite\" aria-atomic=\"true\"><\/p> <ul><\/ul><\/div>\n<form action=\"\/ja\/wp-json\/wp\/v2\/pages\/1773#wpcf7-f6875-o1\" method=\"post\" class=\"wpcf7-form init\" aria-label=\"Formulari de contacte\" enctype=\"multipart\/form-data\" novalidate=\"novalidate\" data-status=\"init\">\n<fieldset class=\"hidden-fields-container\"><input type=\"hidden\" name=\"_wpcf7\" value=\"6875\" \/><input type=\"hidden\" name=\"_wpcf7_version\" value=\"6.1.5\" \/><input type=\"hidden\" name=\"_wpcf7_locale\" value=\"ca\" \/><input type=\"hidden\" name=\"_wpcf7_unit_tag\" value=\"wpcf7-f6875-o1\" \/><input type=\"hidden\" name=\"_wpcf7_container_post\" value=\"0\" \/><input type=\"hidden\" name=\"_wpcf7_posted_data_hash\" value=\"\" \/>\n<\/fieldset>\n<p><span class=\"wpcf7-form-control-wrap\" data-name=\"your-name\"><input size=\"40\" maxlength=\"400\" class=\"wpcf7-form-control wpcf7-text wpcf7-validates-as-required\" aria-required=\"true\" aria-invalid=\"false\" placeholder=\"\u304a\u540d\u524d *\" value=\"\" type=\"text\" name=\"your-name\" \/><\/span>\n<\/p>\n<p><span class=\"wpcf7-form-control-wrap\" data-name=\"your-email\"><input size=\"40\" maxlength=\"400\" class=\"wpcf7-form-control wpcf7-email wpcf7-validates-as-required wpcf7-text wpcf7-validates-as-email\" aria-required=\"true\" aria-invalid=\"false\" placeholder=\"\u30e1\u30fc\u30eb\u30a2\u30c9\u30ec\u30b9 *\" value=\"\" type=\"email\" name=\"your-email\" \/><\/span>\n<\/p>\n<p><span class=\"wpcf7-form-control-wrap\" data-name=\"your-phone\"><input size=\"40\" maxlength=\"400\" class=\"wpcf7-form-control wpcf7-tel wpcf7-text wpcf7-validates-as-tel\" aria-invalid=\"false\" placeholder=\"\u96fb\u8a71\u756a\u53f7\" value=\"\" type=\"tel\" name=\"your-phone\" \/><\/span>\n<\/p>\n<p><span class=\"wpcf7-form-control-wrap\" data-name=\"your-subject\"><input size=\"40\" maxlength=\"400\" class=\"wpcf7-form-control wpcf7-text\" aria-invalid=\"false\" placeholder=\"\u3054\u7528\u4ef6\" value=\"\" type=\"text\" name=\"your-subject\" \/><\/span>\n<\/p>\n<p><span class=\"wpcf7-form-control-wrap\" data-name=\"your-message\"><textarea cols=\"40\" rows=\"10\" maxlength=\"2000\" class=\"wpcf7-form-control wpcf7-textarea\" aria-invalid=\"false\" placeholder=\"\u304a\u554f\u3044\u5408\u308f\u305b\u5185\u5bb9\" name=\"your-message\"><\/textarea><\/span>\n<\/p>\n<p><span class=\"wpcf7-form-control-wrap\" data-name=\"file-21\"><input size=\"40\" class=\"wpcf7-form-control wpcf7-file wpcf7-validates-as-required\" accept=\".pdf,.txt,.doc,.docx\" aria-required=\"true\" aria-invalid=\"false\" type=\"file\" name=\"file-21\" \/><\/span>\n<\/p>\n<p><span class=\"wpcf7-form-control-wrap\" data-name=\"acceptance-privacitat\"><span class=\"wpcf7-form-control wpcf7-acceptance\"><span class=\"wpcf7-list-item\"><input type=\"checkbox\" name=\"acceptance-privacitat\" value=\"1\" aria-invalid=\"false\" \/><\/span><\/span><\/span> \u30d7\u30e9\u30a4\u30d0\u30b7\u30fc\u30dd\u30ea\u30b7\u30fc\u3092\u8aad\u307f\u3001\u305d\u306e\u5185\u5bb9\u306b\u540c\u610f\u3057\u307e\u3059\n<\/p>\n<div id=\"cf7sr-69f18d053ef61\" class=\"cf7sr-g-recaptcha\" data-theme=\"light\" data-type=\"image\" data-size=\"normal\" data-sitekey=\"6LeB-9sUAAAAACmQj84nvd_pjD_2_oFzVuLU7DHo\"><\/div><span class=\"wpcf7-form-control-wrap cf7sr-recaptcha\" data-name=\"cf7sr-recaptcha\"><input type=\"hidden\" name=\"cf7sr-recaptcha\" value=\"\" class=\"wpcf7-form-control\"><\/span>\n<\/p>\n<p><input class=\"wpcf7-form-control wpcf7-submit has-spinner\" type=\"submit\" value=\"\u9001\u4fe1\" \/>\n<\/p><div class=\"wpcf7-response-output\" aria-hidden=\"true\"><\/div>\n<\/form>\n<\/div>\n[\/vc_column_text][\/vc_column][\/vc_row][vc_row][vc_column][vc_separator border_width=&#8221;2&#8243; css=&#8221;.vc_custom_1495183009255{margin-top: 20px !important;}&#8221;][\/vc_column][\/vc_row]<\/p>\n<\/div>","protected":false},"excerpt":{"rendered":"<p>[vc_row][vc_column][vc_column_text el_class=&#8221;titolseccioelraco&#8221;]el Rac\u00f3[\/vc_column_text][vc_separa&hellip;<\/p>\n","protected":false},"author":4,"featured_media":0,"parent":2710,"menu_order":0,"comment_status":"closed","ping_status":"closed","template":"","meta":{"footnotes":""},"class_list":["post-1773","page","type-page","status-publish","hentry","description-off"],"yoast_head":"<!-- This site is optimized with the Yoast SEO plugin v27.0 - https:\/\/yoast.com\/product\/yoast-seo-wordpress\/ -->\n<title>\u6c42\u4eba\u52df\u96c6\u3002 El Rac\u00f3. Restaurant Pizzeria Mediterr\u00e1nea.<\/title>\n<meta name=\"description\" content=\"El Rac\u00f3\u3067\u306f\u3001\u304a\u4e92\u3044\u306b\u9854\u3092\u5408\u308f\u305b\u77e5\u308a\u5408\u3046\u6a5f\u4f1a\u3092\u8a2d\u3051\u3066\u3044\u307e\u3059\u3002\u3042\u306a\u305f\u3068\u306e\u7d20\u6674\u3089\u3057\u3044\u95a2\u4fc2\u306e\u306f\u3058\u307e\u308a\u306b\u306a\u308b\u304b\u3082\u3057\u308c\u307e\u305b\u3093\u3002El Rac\u00f3. Restaurant Pizzeria Mediterr\u00e1nea.\" \/>\n<meta name=\"robots\" content=\"index, follow, max-snippet:-1, max-image-preview:large, max-video-preview:-1\" \/>\n<link rel=\"canonical\" href=\"https:\/\/www.elraco.com\/ja\/el-raco\/\u79c1\u305f\u3061\u3068\u5354\u529b\/\" \/>\n<meta property=\"og:locale\" content=\"ja_JP\" \/>\n<meta property=\"og:type\" content=\"article\" \/>\n<meta property=\"og:title\" content=\"\u6c42\u4eba\u52df\u96c6\u3002 El Rac\u00f3. Restaurant Pizzeria Mediterr\u00e1nea.\" \/>\n<meta property=\"og:description\" content=\"El Rac\u00f3\u3067\u306f\u3001\u304a\u4e92\u3044\u306b\u9854\u3092\u5408\u308f\u305b\u77e5\u308a\u5408\u3046\u6a5f\u4f1a\u3092\u8a2d\u3051\u3066\u3044\u307e\u3059\u3002\u3042\u306a\u305f\u3068\u306e\u7d20\u6674\u3089\u3057\u3044\u95a2\u4fc2\u306e\u306f\u3058\u307e\u308a\u306b\u306a\u308b\u304b\u3082\u3057\u308c\u307e\u305b\u3093\u3002El Rac\u00f3. Restaurant Pizzeria Mediterr\u00e1nea.\" \/>\n<meta property=\"og:url\" content=\"https:\/\/www.elraco.com\/ja\/el-raco\/\u79c1\u305f\u3061\u3068\u5354\u529b\/\" \/>\n<meta property=\"og:site_name\" content=\"El Rac\u00f3\" \/>\n<meta property=\"article:modified_time\" content=\"2018-01-03T18:51:13+00:00\" \/>\n<meta name=\"twitter:label1\" content=\"\u63a8\u5b9a\u8aad\u307f\u53d6\u308a\u6642\u9593\" \/>\n\t<meta name=\"twitter:data1\" content=\"1\u5206\" \/>\n<script type=\"application\/ld+json\" class=\"yoast-schema-graph\">{\"@context\":\"https:\/\/schema.org\",\"@graph\":[{\"@type\":\"WebPage\",\"@id\":\"https:\/\/www.elraco.com\/ja\/el-raco\/%e7%a7%81%e3%81%9f%e3%81%a1%e3%81%a8%e5%8d%94%e5%8a%9b\/\",\"url\":\"https:\/\/www.elraco.com\/ja\/el-raco\/%e7%a7%81%e3%81%9f%e3%81%a1%e3%81%a8%e5%8d%94%e5%8a%9b\/\",\"name\":\"\u6c42\u4eba\u52df\u96c6\u3002 El Rac\u00f3. Restaurant Pizzeria Mediterr\u00e1nea.\",\"isPartOf\":{\"@id\":\"https:\/\/www.elraco.com\/#website\"},\"datePublished\":\"2017-04-24T10:05:29+00:00\",\"dateModified\":\"2018-01-03T18:51:13+00:00\",\"description\":\"El Rac\u00f3\u3067\u306f\u3001\u304a\u4e92\u3044\u306b\u9854\u3092\u5408\u308f\u305b\u77e5\u308a\u5408\u3046\u6a5f\u4f1a\u3092\u8a2d\u3051\u3066\u3044\u307e\u3059\u3002\u3042\u306a\u305f\u3068\u306e\u7d20\u6674\u3089\u3057\u3044\u95a2\u4fc2\u306e\u306f\u3058\u307e\u308a\u306b\u306a\u308b\u304b\u3082\u3057\u308c\u307e\u305b\u3093\u3002El Rac\u00f3. Restaurant Pizzeria Mediterr\u00e1nea.\",\"breadcrumb\":{\"@id\":\"https:\/\/www.elraco.com\/ja\/el-raco\/%e7%a7%81%e3%81%9f%e3%81%a1%e3%81%a8%e5%8d%94%e5%8a%9b\/#breadcrumb\"},\"inLanguage\":\"ja\",\"potentialAction\":[{\"@type\":\"ReadAction\",\"target\":[\"https:\/\/www.elraco.com\/ja\/el-raco\/%e7%a7%81%e3%81%9f%e3%81%a1%e3%81%a8%e5%8d%94%e5%8a%9b\/\"]}]},{\"@type\":\"BreadcrumbList\",\"@id\":\"https:\/\/www.elraco.com\/ja\/el-raco\/%e7%a7%81%e3%81%9f%e3%81%a1%e3%81%a8%e5%8d%94%e5%8a%9b\/#breadcrumb\",\"itemListElement\":[{\"@type\":\"ListItem\",\"position\":1,\"name\":\"el Rac\u00f3\",\"item\":\"https:\/\/www.elraco.com\/ja\/el-raco\/\"},{\"@type\":\"ListItem\",\"position\":2,\"name\":\"\u6c42\u4eba\u52df\u96c6\"}]},{\"@type\":\"WebSite\",\"@id\":\"https:\/\/www.elraco.com\/#website\",\"url\":\"https:\/\/www.elraco.com\/\",\"name\":\"El Rac\u00f3\",\"description\":\"\",\"potentialAction\":[{\"@type\":\"SearchAction\",\"target\":{\"@type\":\"EntryPoint\",\"urlTemplate\":\"https:\/\/www.elraco.com\/?s={search_term_string}\"},\"query-input\":{\"@type\":\"PropertyValueSpecification\",\"valueRequired\":true,\"valueName\":\"search_term_string\"}}],\"inLanguage\":\"ja\"}]}<\/script>\n<!-- \/ Yoast SEO plugin. -->","yoast_head_json":{"title":"\u6c42\u4eba\u52df\u96c6\u3002 El Rac\u00f3. Restaurant Pizzeria Mediterr\u00e1nea.","description":"El Rac\u00f3\u3067\u306f\u3001\u304a\u4e92\u3044\u306b\u9854\u3092\u5408\u308f\u305b\u77e5\u308a\u5408\u3046\u6a5f\u4f1a\u3092\u8a2d\u3051\u3066\u3044\u307e\u3059\u3002\u3042\u306a\u305f\u3068\u306e\u7d20\u6674\u3089\u3057\u3044\u95a2\u4fc2\u306e\u306f\u3058\u307e\u308a\u306b\u306a\u308b\u304b\u3082\u3057\u308c\u307e\u305b\u3093\u3002El Rac\u00f3. Restaurant Pizzeria Mediterr\u00e1nea.","robots":{"index":"index","follow":"follow","max-snippet":"max-snippet:-1","max-image-preview":"max-image-preview:large","max-video-preview":"max-video-preview:-1"},"canonical":"https:\/\/www.elraco.com\/ja\/el-raco\/\u79c1\u305f\u3061\u3068\u5354\u529b\/","og_locale":"ja_JP","og_type":"article","og_title":"\u6c42\u4eba\u52df\u96c6\u3002 El Rac\u00f3. Restaurant Pizzeria Mediterr\u00e1nea.","og_description":"El Rac\u00f3\u3067\u306f\u3001\u304a\u4e92\u3044\u306b\u9854\u3092\u5408\u308f\u305b\u77e5\u308a\u5408\u3046\u6a5f\u4f1a\u3092\u8a2d\u3051\u3066\u3044\u307e\u3059\u3002\u3042\u306a\u305f\u3068\u306e\u7d20\u6674\u3089\u3057\u3044\u95a2\u4fc2\u306e\u306f\u3058\u307e\u308a\u306b\u306a\u308b\u304b\u3082\u3057\u308c\u307e\u305b\u3093\u3002El Rac\u00f3. Restaurant Pizzeria Mediterr\u00e1nea.","og_url":"https:\/\/www.elraco.com\/ja\/el-raco\/\u79c1\u305f\u3061\u3068\u5354\u529b\/","og_site_name":"El Rac\u00f3","article_modified_time":"2018-01-03T18:51:13+00:00","twitter_misc":{"\u63a8\u5b9a\u8aad\u307f\u53d6\u308a\u6642\u9593":"1\u5206"},"schema":{"@context":"https:\/\/schema.org","@graph":[{"@type":"WebPage","@id":"https:\/\/www.elraco.com\/ja\/el-raco\/%e7%a7%81%e3%81%9f%e3%81%a1%e3%81%a8%e5%8d%94%e5%8a%9b\/","url":"https:\/\/www.elraco.com\/ja\/el-raco\/%e7%a7%81%e3%81%9f%e3%81%a1%e3%81%a8%e5%8d%94%e5%8a%9b\/","name":"\u6c42\u4eba\u52df\u96c6\u3002 El Rac\u00f3. Restaurant Pizzeria Mediterr\u00e1nea.","isPartOf":{"@id":"https:\/\/www.elraco.com\/#website"},"datePublished":"2017-04-24T10:05:29+00:00","dateModified":"2018-01-03T18:51:13+00:00","description":"El Rac\u00f3\u3067\u306f\u3001\u304a\u4e92\u3044\u306b\u9854\u3092\u5408\u308f\u305b\u77e5\u308a\u5408\u3046\u6a5f\u4f1a\u3092\u8a2d\u3051\u3066\u3044\u307e\u3059\u3002\u3042\u306a\u305f\u3068\u306e\u7d20\u6674\u3089\u3057\u3044\u95a2\u4fc2\u306e\u306f\u3058\u307e\u308a\u306b\u306a\u308b\u304b\u3082\u3057\u308c\u307e\u305b\u3093\u3002El Rac\u00f3. Restaurant Pizzeria Mediterr\u00e1nea.","breadcrumb":{"@id":"https:\/\/www.elraco.com\/ja\/el-raco\/%e7%a7%81%e3%81%9f%e3%81%a1%e3%81%a8%e5%8d%94%e5%8a%9b\/#breadcrumb"},"inLanguage":"ja","potentialAction":[{"@type":"ReadAction","target":["https:\/\/www.elraco.com\/ja\/el-raco\/%e7%a7%81%e3%81%9f%e3%81%a1%e3%81%a8%e5%8d%94%e5%8a%9b\/"]}]},{"@type":"BreadcrumbList","@id":"https:\/\/www.elraco.com\/ja\/el-raco\/%e7%a7%81%e3%81%9f%e3%81%a1%e3%81%a8%e5%8d%94%e5%8a%9b\/#breadcrumb","itemListElement":[{"@type":"ListItem","position":1,"name":"el Rac\u00f3","item":"https:\/\/www.elraco.com\/ja\/el-raco\/"},{"@type":"ListItem","position":2,"name":"\u6c42\u4eba\u52df\u96c6"}]},{"@type":"WebSite","@id":"https:\/\/www.elraco.com\/#website","url":"https:\/\/www.elraco.com\/","name":"El Rac\u00f3","description":"","potentialAction":[{"@type":"SearchAction","target":{"@type":"EntryPoint","urlTemplate":"https:\/\/www.elraco.com\/?s={search_term_string}"},"query-input":{"@type":"PropertyValueSpecification","valueRequired":true,"valueName":"search_term_string"}}],"inLanguage":"ja"}]}},"_links":{"self":[{"href":"https:\/\/www.elraco.com\/ja\/wp-json\/wp\/v2\/pages\/1773","targetHints":{"allow":["GET"]}}],"collection":[{"href":"https:\/\/www.elraco.com\/ja\/wp-json\/wp\/v2\/pages"}],"about":[{"href":"https:\/\/www.elraco.com\/ja\/wp-json\/wp\/v2\/types\/page"}],"author":[{"embeddable":true,"href":"https:\/\/www.elraco.com\/ja\/wp-json\/wp\/v2\/users\/4"}],"replies":[{"embeddable":true,"href":"https:\/\/www.elraco.com\/ja\/wp-json\/wp\/v2\/comments?post=1773"}],"version-history":[{"count":13,"href":"https:\/\/www.elraco.com\/ja\/wp-json\/wp\/v2\/pages\/1773\/revisions"}],"predecessor-version":[{"id":9679,"href":"https:\/\/www.elraco.com\/ja\/wp-json\/wp\/v2\/pages\/1773\/revisions\/9679"}],"up":[{"embeddable":true,"href":"https:\/\/www.elraco.com\/ja\/wp-json\/wp\/v2\/pages\/2710"}],"wp:attachment":[{"href":"https:\/\/www.elraco.com\/ja\/wp-json\/wp\/v2\/media?parent=1773"}],"curies":[{"name":"wp","href":"https:\/\/api.w.org\/{rel}","templated":true}]}}