{"id":1728,"date":"2017-04-24T11:44:24","date_gmt":"2017-04-24T09:44:24","guid":{"rendered":"http:\/\/www.elraco.com\/?page_id=1728"},"modified":"2017-12-27T12:37:38","modified_gmt":"2017-12-27T10:37:38","slug":"%e5%93%b2%e5%ad%a6","status":"publish","type":"page","link":"https:\/\/www.elraco.com\/ja\/el-raco\/%e5%93%b2%e5%ad%a6\/","title":{"rendered":"\u54f2\u5b66"},"content":{"rendered":"<div class=\"wpb-content-wrapper\"><p>[vc_row][vc_column][vc_column_text el_class=&#8221;titolseccioelraco&#8221;]el Rac\u00f3[\/vc_column_text][vc_separator color=&#8221;black&#8221; border_width=&#8221;7&#8243; el_class=&#8221;lineaseccio&#8221;][vc_column_text el_class=&#8221;subtitolseccio&#8221;]\u54f2\u5b66[\/vc_column_text][vc_column_text]<\/p>\n<p style=\"text-align: center;\">El Rac\u00f3\u306f\u3001\u304a\u5ba2\u69d8\u3078\u306e\u6700\u9ad8\u306e\u30b5\u30fc\u30d3\u30b9\u306e\u3054\u63d0\u4f9b\u3092\u4f7f\u547d\u3068\u3057\u3066\u3001\uff11\uff19\uff17\uff15\u5e74\u306b\u30aa\u30fc\u30d7\u30f3\u3057\u307e\u3057\u305f\u3002\u5e38\u306b\u304a\u5ba2\u69d8\u3068\u306e\u3075\u308c\u3042\u3044\u3092\u5927\u5207\u306b\u3057\u3001\u6df1\u3044\u4fe1\u983c\u95a2\u4fc2\u3092\u7bc9\u3044\u3066\u307e\u3044\u308a\u307e\u3057\u305f\u3002\u500b\u6027\u8c4a\u304b\u3067\u6e29\u304b\u307f\u306e\u3042\u308b\u30ec\u30b9\u30c8\u30e9\u30f3\u30b9\u30bf\u30a4\u30eb\u306f\u305d\u3053\u304b\u3089\u751f\u307e\u308c\u305f\u306e\u3067\u3059\u3002<\/p>\n<p>[\/vc_column_text][\/vc_column][\/vc_row][vc_row margin_top=&#8221;20&#8243;][vc_column width=&#8221;1\/2&#8243; css=&#8221;.vc_custom_1502195679665{margin-right: -500px !important;}&#8221;]<style type=\"text\/css\" data-type=\"the7_shortcodes-inline-css\">.shortcode-single-image-wrap.shortcode-single-image-f07796aa60a42b0ba33b9d08a9544af6.enable-bg-rollover .rollover i,\n.shortcode-single-image-wrap.shortcode-single-image-f07796aa60a42b0ba33b9d08a9544af6.enable-bg-rollover .rollover-video i {\n  background: -webkit-linear-gradient();\n  background: linear-gradient();\n}\n.shortcode-single-image-wrap.shortcode-single-image-f07796aa60a42b0ba33b9d08a9544af6 .rollover-icon {\n  font-size: 32px;\n  color: #ffffff;\n  min-width: 44px;\n  min-height: 44px;\n  line-height: 44px;\n  border-radius: 100px;\n  border-style: solid;\n  border-width: 0px;\n}\n.dt-icon-bg-on.shortcode-single-image-wrap.shortcode-single-image-f07796aa60a42b0ba33b9d08a9544af6 .rollover-icon {\n  background: rgba(255,255,255,0.3);\n  box-shadow: none;\n}<\/style><div class=\"shortcode-single-image-wrap shortcode-single-image-f07796aa60a42b0ba33b9d08a9544af6 alignnone  enable-bg-rollover dt-icon-bg-off\" style=\"margin-top:0px; margin-bottom:0px; margin-left:0px; margin-right:0px; width:582px;\"><div class=\"shortcode-single-image\"><div class=\"fancy-media-wrap  layzr-bg\" style=\"border-radius:1px;\"><img fetchpriority=\"high\" decoding=\"async\" class=\"preload-me lazy-load aspect\" src=\"data:image\/svg+xml,%3Csvg%20xmlns%3D&#39;http%3A%2F%2Fwww.w3.org%2F2000%2Fsvg&#39;%20viewBox%3D&#39;0%200%20582%20388&#39;%2F%3E\" data-src=\"https:\/\/www.elraco.com\/wp-content\/uploads\/2017\/04\/Tagliatelle-a-la-Negre-582x388.jpg\" data-srcset=\"https:\/\/www.elraco.com\/wp-content\/uploads\/2017\/04\/Tagliatelle-a-la-Negre-582x388.jpg 582w, https:\/\/www.elraco.com\/wp-content\/uploads\/2017\/04\/Tagliatelle-a-la-Negre-1164x776.jpg 1164w\" loading=\"eager\" sizes=\"(max-width: 582px) 100vw, 582px\" width=\"582\" height=\"388\"  data-dt-location=\"https:\/\/www.elraco.com\/ja\/grups\/tagliatelle-a-la-negre\/\" style=\"--ratio: 582 \/ 388;border-radius:1px;\" alt=\"\" \/><\/div><\/div><\/div>[\/vc_column][vc_column width=&#8221;1\/2&#8243;]<style type=\"text\/css\" data-type=\"the7_shortcodes-inline-css\">.shortcode-single-image-wrap.shortcode-single-image-1dd7ae41913cd3a3a01ee2b7bbebcb1f.enable-bg-rollover .rollover i,\n.shortcode-single-image-wrap.shortcode-single-image-1dd7ae41913cd3a3a01ee2b7bbebcb1f.enable-bg-rollover .rollover-video i {\n  background: -webkit-linear-gradient();\n  background: linear-gradient();\n}\n.shortcode-single-image-wrap.shortcode-single-image-1dd7ae41913cd3a3a01ee2b7bbebcb1f .rollover-icon {\n  font-size: 32px;\n  color: #ffffff;\n  min-width: 44px;\n  min-height: 44px;\n  line-height: 44px;\n  border-radius: 100px;\n  border-style: solid;\n  border-width: 0px;\n}\n.dt-icon-bg-on.shortcode-single-image-wrap.shortcode-single-image-1dd7ae41913cd3a3a01ee2b7bbebcb1f .rollover-icon {\n  background: rgba(255,255,255,0.3);\n  box-shadow: none;\n}<\/style><div class=\"shortcode-single-image-wrap shortcode-single-image-1dd7ae41913cd3a3a01ee2b7bbebcb1f alignnone  enable-bg-rollover dt-icon-bg-off\" style=\"margin-top:0px; margin-bottom:0px; margin-left:0px; margin-right:0px; width:582px;\"><div class=\"shortcode-single-image\"><div class=\"fancy-media-wrap  layzr-bg\" style=\"\"><img decoding=\"async\" class=\"preload-me lazy-load aspect\" src=\"data:image\/svg+xml,%3Csvg%20xmlns%3D&#39;http%3A%2F%2Fwww.w3.org%2F2000%2Fsvg&#39;%20viewBox%3D&#39;0%200%20582%20388&#39;%2F%3E\" data-src=\"https:\/\/www.elraco.com\/wp-content\/uploads\/2017\/04\/Agnollotti-Formatges-582x388.jpg\" data-srcset=\"https:\/\/www.elraco.com\/wp-content\/uploads\/2017\/04\/Agnollotti-Formatges-582x388.jpg 582w, https:\/\/www.elraco.com\/wp-content\/uploads\/2017\/04\/Agnollotti-Formatges.jpg 1152w\" loading=\"eager\" sizes=\"(max-width: 582px) 100vw, 582px\" width=\"582\" height=\"388\"  data-dt-location=\"https:\/\/www.elraco.com\/ja\/grups\/agnollotti-formatges\/\" style=\"--ratio: 582 \/ 388;\" alt=\"\" \/><\/div><\/div><\/div>[\/vc_column][\/vc_row][vc_row][vc_column][vc_separator border_width=&#8221;2&#8243; css=&#8221;.vc_custom_1495006418417{margin-top: 20px !important;}&#8221;][\/vc_column][\/vc_row]<\/p>\n<\/div>","protected":false},"excerpt":{"rendered":"<p>[vc_row][vc_column][vc_column_text el_class=&#8221;titolseccioelraco&#8221;]el Rac\u00f3[\/vc_column_text][vc_separa&hellip;<\/p>\n","protected":false},"author":4,"featured_media":0,"parent":2710,"menu_order":0,"comment_status":"closed","ping_status":"closed","template":"","meta":{"footnotes":""},"class_list":["post-1728","page","type-page","status-publish","hentry","description-off"],"yoast_head":"<!-- This site is optimized with the Yoast SEO plugin v27.0 - https:\/\/yoast.com\/product\/yoast-seo-wordpress\/ -->\n<title>\u54f2\u5b66. El Rac\u00f3. Restaurant Pizzeria Mediterr\u00e1nea.<\/title>\n<meta name=\"description\" content=\"El Rac\u00f3\u306f\u3001\u304a\u5ba2\u69d8\u3078\u306e\u6700\u9ad8\u306e\u30b5\u30fc\u30d3\u30b9\u306e\u3054\u63d0\u4f9b\u3092\u4f7f\u547d\u3068\u3057\u3066\u3001\uff11\uff19\uff17\uff15\u5e74\u306b\u30aa\u30fc\u30d7\u30f3\u3057\u307e\u3057\u305f\u3002\u5e38\u306b\u304a\u5ba2\u69d8\u3068\u306e\u3075\u308c\u3042\u3044\u3092\u5927\u5207\u306b\u3057\u3001\u6df1\u3044\u4fe1\u983c\u95a2\u4fc2\u3092\u7bc9\u3044\u3066\u307e\u3044\u308a\u307e\u3057\u305f\u3002\u500b\u6027\u8c4a\u304b\u3067\u6e29\u304b\u307f\u306e\u3042\u308b\u30ec\u30b9\u30c8\u30e9\u30f3\u30b9\u30bf\u30a4\u30eb\u306f\u305d\u3053\u304b\u3089\u751f\u307e\u308c\u305f\u306e\u3067\u3059\u3002\" \/>\n<meta name=\"robots\" content=\"index, follow, max-snippet:-1, max-image-preview:large, max-video-preview:-1\" \/>\n<link rel=\"canonical\" href=\"https:\/\/www.elraco.com\/ja\/el-raco\/\u54f2\u5b66\/\" \/>\n<meta property=\"og:locale\" content=\"ja_JP\" \/>\n<meta property=\"og:type\" content=\"article\" \/>\n<meta property=\"og:title\" content=\"\u54f2\u5b66. El Rac\u00f3. Restaurant Pizzeria Mediterr\u00e1nea.\" \/>\n<meta property=\"og:description\" content=\"El Rac\u00f3\u306f\u3001\u304a\u5ba2\u69d8\u3078\u306e\u6700\u9ad8\u306e\u30b5\u30fc\u30d3\u30b9\u306e\u3054\u63d0\u4f9b\u3092\u4f7f\u547d\u3068\u3057\u3066\u3001\uff11\uff19\uff17\uff15\u5e74\u306b\u30aa\u30fc\u30d7\u30f3\u3057\u307e\u3057\u305f\u3002\u5e38\u306b\u304a\u5ba2\u69d8\u3068\u306e\u3075\u308c\u3042\u3044\u3092\u5927\u5207\u306b\u3057\u3001\u6df1\u3044\u4fe1\u983c\u95a2\u4fc2\u3092\u7bc9\u3044\u3066\u307e\u3044\u308a\u307e\u3057\u305f\u3002\u500b\u6027\u8c4a\u304b\u3067\u6e29\u304b\u307f\u306e\u3042\u308b\u30ec\u30b9\u30c8\u30e9\u30f3\u30b9\u30bf\u30a4\u30eb\u306f\u305d\u3053\u304b\u3089\u751f\u307e\u308c\u305f\u306e\u3067\u3059\u3002\" \/>\n<meta property=\"og:url\" content=\"https:\/\/www.elraco.com\/ja\/el-raco\/\u54f2\u5b66\/\" \/>\n<meta property=\"og:site_name\" content=\"El Rac\u00f3\" \/>\n<meta property=\"article:modified_time\" content=\"2017-12-27T10:37:38+00:00\" \/>\n<meta name=\"twitter:label1\" content=\"\u63a8\u5b9a\u8aad\u307f\u53d6\u308a\u6642\u9593\" \/>\n\t<meta name=\"twitter:data1\" content=\"1\u5206\" \/>\n<script type=\"application\/ld+json\" class=\"yoast-schema-graph\">{\"@context\":\"https:\/\/schema.org\",\"@graph\":[{\"@type\":\"WebPage\",\"@id\":\"https:\/\/www.elraco.com\/ja\/el-raco\/%e5%93%b2%e5%ad%a6\/\",\"url\":\"https:\/\/www.elraco.com\/ja\/el-raco\/%e5%93%b2%e5%ad%a6\/\",\"name\":\"\u54f2\u5b66. El Rac\u00f3. Restaurant Pizzeria Mediterr\u00e1nea.\",\"isPartOf\":{\"@id\":\"https:\/\/www.elraco.com\/#website\"},\"datePublished\":\"2017-04-24T09:44:24+00:00\",\"dateModified\":\"2017-12-27T10:37:38+00:00\",\"description\":\"El Rac\u00f3\u306f\u3001\u304a\u5ba2\u69d8\u3078\u306e\u6700\u9ad8\u306e\u30b5\u30fc\u30d3\u30b9\u306e\u3054\u63d0\u4f9b\u3092\u4f7f\u547d\u3068\u3057\u3066\u3001\uff11\uff19\uff17\uff15\u5e74\u306b\u30aa\u30fc\u30d7\u30f3\u3057\u307e\u3057\u305f\u3002\u5e38\u306b\u304a\u5ba2\u69d8\u3068\u306e\u3075\u308c\u3042\u3044\u3092\u5927\u5207\u306b\u3057\u3001\u6df1\u3044\u4fe1\u983c\u95a2\u4fc2\u3092\u7bc9\u3044\u3066\u307e\u3044\u308a\u307e\u3057\u305f\u3002\u500b\u6027\u8c4a\u304b\u3067\u6e29\u304b\u307f\u306e\u3042\u308b\u30ec\u30b9\u30c8\u30e9\u30f3\u30b9\u30bf\u30a4\u30eb\u306f\u305d\u3053\u304b\u3089\u751f\u307e\u308c\u305f\u306e\u3067\u3059\u3002\",\"breadcrumb\":{\"@id\":\"https:\/\/www.elraco.com\/ja\/el-raco\/%e5%93%b2%e5%ad%a6\/#breadcrumb\"},\"inLanguage\":\"ja\",\"potentialAction\":[{\"@type\":\"ReadAction\",\"target\":[\"https:\/\/www.elraco.com\/ja\/el-raco\/%e5%93%b2%e5%ad%a6\/\"]}]},{\"@type\":\"BreadcrumbList\",\"@id\":\"https:\/\/www.elraco.com\/ja\/el-raco\/%e5%93%b2%e5%ad%a6\/#breadcrumb\",\"itemListElement\":[{\"@type\":\"ListItem\",\"position\":1,\"name\":\"el Rac\u00f3\",\"item\":\"https:\/\/www.elraco.com\/ja\/el-raco\/\"},{\"@type\":\"ListItem\",\"position\":2,\"name\":\"\u54f2\u5b66\"}]},{\"@type\":\"WebSite\",\"@id\":\"https:\/\/www.elraco.com\/#website\",\"url\":\"https:\/\/www.elraco.com\/\",\"name\":\"El Rac\u00f3\",\"description\":\"\",\"potentialAction\":[{\"@type\":\"SearchAction\",\"target\":{\"@type\":\"EntryPoint\",\"urlTemplate\":\"https:\/\/www.elraco.com\/?s={search_term_string}\"},\"query-input\":{\"@type\":\"PropertyValueSpecification\",\"valueRequired\":true,\"valueName\":\"search_term_string\"}}],\"inLanguage\":\"ja\"}]}<\/script>\n<!-- \/ Yoast SEO plugin. -->","yoast_head_json":{"title":"\u54f2\u5b66. El Rac\u00f3. Restaurant Pizzeria Mediterr\u00e1nea.","description":"El Rac\u00f3\u306f\u3001\u304a\u5ba2\u69d8\u3078\u306e\u6700\u9ad8\u306e\u30b5\u30fc\u30d3\u30b9\u306e\u3054\u63d0\u4f9b\u3092\u4f7f\u547d\u3068\u3057\u3066\u3001\uff11\uff19\uff17\uff15\u5e74\u306b\u30aa\u30fc\u30d7\u30f3\u3057\u307e\u3057\u305f\u3002\u5e38\u306b\u304a\u5ba2\u69d8\u3068\u306e\u3075\u308c\u3042\u3044\u3092\u5927\u5207\u306b\u3057\u3001\u6df1\u3044\u4fe1\u983c\u95a2\u4fc2\u3092\u7bc9\u3044\u3066\u307e\u3044\u308a\u307e\u3057\u305f\u3002\u500b\u6027\u8c4a\u304b\u3067\u6e29\u304b\u307f\u306e\u3042\u308b\u30ec\u30b9\u30c8\u30e9\u30f3\u30b9\u30bf\u30a4\u30eb\u306f\u305d\u3053\u304b\u3089\u751f\u307e\u308c\u305f\u306e\u3067\u3059\u3002","robots":{"index":"index","follow":"follow","max-snippet":"max-snippet:-1","max-image-preview":"max-image-preview:large","max-video-preview":"max-video-preview:-1"},"canonical":"https:\/\/www.elraco.com\/ja\/el-raco\/\u54f2\u5b66\/","og_locale":"ja_JP","og_type":"article","og_title":"\u54f2\u5b66. El Rac\u00f3. Restaurant Pizzeria Mediterr\u00e1nea.","og_description":"El Rac\u00f3\u306f\u3001\u304a\u5ba2\u69d8\u3078\u306e\u6700\u9ad8\u306e\u30b5\u30fc\u30d3\u30b9\u306e\u3054\u63d0\u4f9b\u3092\u4f7f\u547d\u3068\u3057\u3066\u3001\uff11\uff19\uff17\uff15\u5e74\u306b\u30aa\u30fc\u30d7\u30f3\u3057\u307e\u3057\u305f\u3002\u5e38\u306b\u304a\u5ba2\u69d8\u3068\u306e\u3075\u308c\u3042\u3044\u3092\u5927\u5207\u306b\u3057\u3001\u6df1\u3044\u4fe1\u983c\u95a2\u4fc2\u3092\u7bc9\u3044\u3066\u307e\u3044\u308a\u307e\u3057\u305f\u3002\u500b\u6027\u8c4a\u304b\u3067\u6e29\u304b\u307f\u306e\u3042\u308b\u30ec\u30b9\u30c8\u30e9\u30f3\u30b9\u30bf\u30a4\u30eb\u306f\u305d\u3053\u304b\u3089\u751f\u307e\u308c\u305f\u306e\u3067\u3059\u3002","og_url":"https:\/\/www.elraco.com\/ja\/el-raco\/\u54f2\u5b66\/","og_site_name":"El Rac\u00f3","article_modified_time":"2017-12-27T10:37:38+00:00","twitter_misc":{"\u63a8\u5b9a\u8aad\u307f\u53d6\u308a\u6642\u9593":"1\u5206"},"schema":{"@context":"https:\/\/schema.org","@graph":[{"@type":"WebPage","@id":"https:\/\/www.elraco.com\/ja\/el-raco\/%e5%93%b2%e5%ad%a6\/","url":"https:\/\/www.elraco.com\/ja\/el-raco\/%e5%93%b2%e5%ad%a6\/","name":"\u54f2\u5b66. El Rac\u00f3. Restaurant Pizzeria Mediterr\u00e1nea.","isPartOf":{"@id":"https:\/\/www.elraco.com\/#website"},"datePublished":"2017-04-24T09:44:24+00:00","dateModified":"2017-12-27T10:37:38+00:00","description":"El Rac\u00f3\u306f\u3001\u304a\u5ba2\u69d8\u3078\u306e\u6700\u9ad8\u306e\u30b5\u30fc\u30d3\u30b9\u306e\u3054\u63d0\u4f9b\u3092\u4f7f\u547d\u3068\u3057\u3066\u3001\uff11\uff19\uff17\uff15\u5e74\u306b\u30aa\u30fc\u30d7\u30f3\u3057\u307e\u3057\u305f\u3002\u5e38\u306b\u304a\u5ba2\u69d8\u3068\u306e\u3075\u308c\u3042\u3044\u3092\u5927\u5207\u306b\u3057\u3001\u6df1\u3044\u4fe1\u983c\u95a2\u4fc2\u3092\u7bc9\u3044\u3066\u307e\u3044\u308a\u307e\u3057\u305f\u3002\u500b\u6027\u8c4a\u304b\u3067\u6e29\u304b\u307f\u306e\u3042\u308b\u30ec\u30b9\u30c8\u30e9\u30f3\u30b9\u30bf\u30a4\u30eb\u306f\u305d\u3053\u304b\u3089\u751f\u307e\u308c\u305f\u306e\u3067\u3059\u3002","breadcrumb":{"@id":"https:\/\/www.elraco.com\/ja\/el-raco\/%e5%93%b2%e5%ad%a6\/#breadcrumb"},"inLanguage":"ja","potentialAction":[{"@type":"ReadAction","target":["https:\/\/www.elraco.com\/ja\/el-raco\/%e5%93%b2%e5%ad%a6\/"]}]},{"@type":"BreadcrumbList","@id":"https:\/\/www.elraco.com\/ja\/el-raco\/%e5%93%b2%e5%ad%a6\/#breadcrumb","itemListElement":[{"@type":"ListItem","position":1,"name":"el Rac\u00f3","item":"https:\/\/www.elraco.com\/ja\/el-raco\/"},{"@type":"ListItem","position":2,"name":"\u54f2\u5b66"}]},{"@type":"WebSite","@id":"https:\/\/www.elraco.com\/#website","url":"https:\/\/www.elraco.com\/","name":"El Rac\u00f3","description":"","potentialAction":[{"@type":"SearchAction","target":{"@type":"EntryPoint","urlTemplate":"https:\/\/www.elraco.com\/?s={search_term_string}"},"query-input":{"@type":"PropertyValueSpecification","valueRequired":true,"valueName":"search_term_string"}}],"inLanguage":"ja"}]}},"_links":{"self":[{"href":"https:\/\/www.elraco.com\/ja\/wp-json\/wp\/v2\/pages\/1728","targetHints":{"allow":["GET"]}}],"collection":[{"href":"https:\/\/www.elraco.com\/ja\/wp-json\/wp\/v2\/pages"}],"about":[{"href":"https:\/\/www.elraco.com\/ja\/wp-json\/wp\/v2\/types\/page"}],"author":[{"embeddable":true,"href":"https:\/\/www.elraco.com\/ja\/wp-json\/wp\/v2\/users\/4"}],"replies":[{"embeddable":true,"href":"https:\/\/www.elraco.com\/ja\/wp-json\/wp\/v2\/comments?post=1728"}],"version-history":[{"count":7,"href":"https:\/\/www.elraco.com\/ja\/wp-json\/wp\/v2\/pages\/1728\/revisions"}],"predecessor-version":[{"id":9190,"href":"https:\/\/www.elraco.com\/ja\/wp-json\/wp\/v2\/pages\/1728\/revisions\/9190"}],"up":[{"embeddable":true,"href":"https:\/\/www.elraco.com\/ja\/wp-json\/wp\/v2\/pages\/2710"}],"wp:attachment":[{"href":"https:\/\/www.elraco.com\/ja\/wp-json\/wp\/v2\/media?parent=1728"}],"curies":[{"name":"wp","href":"https:\/\/api.w.org\/{rel}","templated":true}]}}