{"id":1755,"date":"2017-04-24T11:57:20","date_gmt":"2017-04-24T09:57:20","guid":{"rendered":"http:\/\/www.elraco.com\/?page_id=1755"},"modified":"2019-05-24T11:41:50","modified_gmt":"2019-05-24T09:41:50","slug":"suggerimenti","status":"publish","type":"page","link":"https:\/\/www.elraco.com\/it\/el-raco\/suggerimenti\/","title":{"rendered":"Suggerimenti"},"content":{"rendered":"<div class=\"wpb-content-wrapper\"><p>[vc_row][vc_column][vc_column_text el_class=&#8221;titolseccioelraco&#8221;]el Rac\u00f3[\/vc_column_text][vc_separator color=&#8221;black&#8221; border_width=&#8221;7&#8243; el_class=&#8221;lineaseccio&#8221;][vc_column_text el_class=&#8221;subtitolseccio&#8221;]Suggerimenti[\/vc_column_text][\/vc_column][\/vc_row][vc_row][vc_column width=&#8221;1\/2&#8243;][vc_column_text css=&#8221;.vc_custom_1499421693160{margin-top: 20px !important;}&#8221;]<\/p>\n<p style=\"text-align: center;\">Se siamo quello che siamo \u00e8 grazie ai nostri clienti.<br \/>\nI loro suggerimenti ci aiutano e ci incoraggiano a migliorare giorno dopo giorno.<\/p>\n<p>[\/vc_column_text][\/vc_column][vc_column width=&#8221;1\/2&#8243;][vc_column_text css=&#8221;.vc_custom_1499345219741{margin-top: 20px !important;}&#8221;]\n<div class=\"wpcf7 no-js\" id=\"wpcf7-f6830-o1\" lang=\"ca\" dir=\"ltr\" data-wpcf7-id=\"6830\">\n<div class=\"screen-reader-response\"><p role=\"status\" aria-live=\"polite\" aria-atomic=\"true\"><\/p> <ul><\/ul><\/div>\n<form action=\"\/it\/wp-json\/wp\/v2\/pages\/1755#wpcf7-f6830-o1\" method=\"post\" class=\"wpcf7-form init\" aria-label=\"Formulari de contacte\" novalidate=\"novalidate\" data-status=\"init\">\n<fieldset class=\"hidden-fields-container\"><input type=\"hidden\" name=\"_wpcf7\" value=\"6830\" \/><input type=\"hidden\" name=\"_wpcf7_version\" value=\"6.1.5\" \/><input type=\"hidden\" name=\"_wpcf7_locale\" value=\"ca\" \/><input type=\"hidden\" name=\"_wpcf7_unit_tag\" value=\"wpcf7-f6830-o1\" \/><input type=\"hidden\" name=\"_wpcf7_container_post\" value=\"0\" \/><input type=\"hidden\" name=\"_wpcf7_posted_data_hash\" value=\"\" \/>\n<\/fieldset>\n<p><span class=\"wpcf7-form-control-wrap\" data-name=\"your-name\"><input size=\"40\" maxlength=\"400\" class=\"wpcf7-form-control wpcf7-text wpcf7-validates-as-required\" aria-required=\"true\" aria-invalid=\"false\" placeholder=\"Nome *\" value=\"\" type=\"text\" name=\"your-name\" \/><\/span>\n<\/p>\n<p><span class=\"wpcf7-form-control-wrap\" data-name=\"your-email\"><input size=\"40\" maxlength=\"400\" class=\"wpcf7-form-control wpcf7-email wpcf7-validates-as-required wpcf7-text wpcf7-validates-as-email\" aria-required=\"true\" aria-invalid=\"false\" placeholder=\"Indirizzo e-mail *\" value=\"\" type=\"email\" name=\"your-email\" \/><\/span>\n<\/p>\n<p><span class=\"wpcf7-form-control-wrap\" data-name=\"your-phone\"><input size=\"40\" maxlength=\"400\" class=\"wpcf7-form-control wpcf7-tel wpcf7-text wpcf7-validates-as-tel\" aria-invalid=\"false\" placeholder=\"Telefono\" value=\"\" type=\"tel\" name=\"your-phone\" \/><\/span>\n<\/p>\n<p><span class=\"wpcf7-form-control-wrap\" data-name=\"your-subject\"><input size=\"40\" maxlength=\"400\" class=\"wpcf7-form-control wpcf7-text\" aria-invalid=\"false\" placeholder=\"Oggeto\" value=\"\" type=\"text\" name=\"your-subject\" \/><\/span>\n<\/p>\n<p><span class=\"wpcf7-form-control-wrap\" data-name=\"local\"><select class=\"wpcf7-form-control wpcf7-select wpcf7-validates-as-required\" id=\"local\" aria-required=\"true\" aria-invalid=\"false\" name=\"local\"><option value=\"\">Select<\/option><option value=\"&#039;el Rac\u00f3&#039; de Palam\u00f3s\">&#039;el Rac\u00f3&#039; de Palam\u00f3s<\/option><option value=\"&#039;el Rac\u00f3&#039; de Platja d&#039;Aro\">&#039;el Rac\u00f3&#039; de Platja d&#039;Aro<\/option><option value=\"&#039;el Rac\u00f3&#039; de Rambla Catalunya (BCN)\">&#039;el Rac\u00f3&#039; de Rambla Catalunya (BCN)<\/option><option value=\"&#039;el Rac\u00f3&#039; de Urquinaona (BCN)\">&#039;el Rac\u00f3&#039; de Urquinaona (BCN)<\/option><option value=\"&#039;el Rac\u00f3&#039; de Sarri\u00e0 (BCN)\">&#039;el Rac\u00f3&#039; de Sarri\u00e0 (BCN)<\/option><option value=\"&#039;el Rac\u00f3&#039; de Terrassa\">&#039;el Rac\u00f3&#039; de Terrassa<\/option><option value=\"&#039;el Rac\u00f3&#039; de Sitges\">&#039;el Rac\u00f3&#039; de Sitges<\/option><option value=\"&#039;el Rac\u00f3&#039; de Vilanova i la Geltr\u00fa\">&#039;el Rac\u00f3&#039; de Vilanova i la Geltr\u00fa<\/option><option value=\"&#039;el Rac\u00f3&#039; de Vic\">&#039;el Rac\u00f3&#039; de Vic<\/option><option value=\"&#039;el Rac\u00f3&#039; Girona\">&#039;el Rac\u00f3&#039; Girona<\/option><option value=\"&#039;el Rac\u00f3&#039; Sabadell\">&#039;el Rac\u00f3&#039; Sabadell<\/option><\/select><\/span>\n<\/p>\n<p><span class=\"wpcf7-form-control-wrap\" data-name=\"your-message\"><textarea cols=\"40\" rows=\"10\" maxlength=\"2000\" class=\"wpcf7-form-control wpcf7-textarea\" aria-invalid=\"false\" placeholder=\"Commento\" name=\"your-message\"><\/textarea><\/span>\n<\/p>\n<p><span class=\"wpcf7-form-control-wrap\" data-name=\"acceptance-privacitat\"><span class=\"wpcf7-form-control wpcf7-acceptance\"><span class=\"wpcf7-list-item\"><input type=\"checkbox\" name=\"acceptance-privacitat\" value=\"1\" aria-invalid=\"false\" \/><\/span><\/span><\/span> Ho letto e accetto la politica sulla privacy\n<\/p>\n<div id=\"cf7sr-69f40d3c76daf\" class=\"cf7sr-g-recaptcha\" data-theme=\"light\" data-type=\"image\" data-size=\"normal\" data-sitekey=\"6LeB-9sUAAAAACmQj84nvd_pjD_2_oFzVuLU7DHo\"><\/div><span class=\"wpcf7-form-control-wrap cf7sr-recaptcha\" data-name=\"cf7sr-recaptcha\"><input type=\"hidden\" name=\"cf7sr-recaptcha\" value=\"\" class=\"wpcf7-form-control\"><\/span>\n<\/p>\n<p><input class=\"wpcf7-form-control wpcf7-submit has-spinner\" type=\"submit\" value=\"Invia\" \/>\n<\/p><div class=\"wpcf7-response-output\" aria-hidden=\"true\"><\/div>\n<\/form>\n<\/div>\n[\/vc_column_text][\/vc_column][\/vc_row]<\/p>\n<\/div>","protected":false},"excerpt":{"rendered":"<p>[vc_row][vc_column][vc_column_text el_class=&#8221;titolseccioelraco&#8221;]el Rac\u00f3[\/vc_column_text][vc_separator color=&#8221;black&#8221; border_width=&#8221;7&#8243; el_class=&#8221;lineaseccio&#8221;][vc_column_text el_class=&#8221;subtitolseccio&#8221;]Suggerimenti[\/vc_column_text][\/vc_column][\/vc_row][vc_row][vc_column width=&#8221;1\/2&#8243;][vc_column_text css=&#8221;.vc_custom_1499421693160{margin-top: 20px !important;}&#8221;] Se siamo quello che siamo \u00e8 grazie ai nostri clienti. I loro suggerimenti ci aiutano e ci incoraggiano a migliorare giorno dopo giorno. [\/vc_column_text][\/vc_column][vc_column width=&#8221;1\/2&#8243;][vc_column_text css=&#8221;.vc_custom_1499345219741{margin-top: 20px !important;}&#8221;][\/vc_column_text][\/vc_column][\/vc_row]<\/p>\n","protected":false},"author":4,"featured_media":0,"parent":2714,"menu_order":0,"comment_status":"closed","ping_status":"closed","template":"","meta":{"footnotes":""},"class_list":["post-1755","page","type-page","status-publish","hentry","description-off"],"yoast_head":"<!-- This site is optimized with the Yoast SEO plugin v27.0 - https:\/\/yoast.com\/product\/yoast-seo-wordpress\/ -->\n<title>Suggerimenti: El Rac\u00f3. Restaurant Pizzeria Mediterr\u00e1nea.<\/title>\n<meta name=\"description\" content=\"Se siamo quello che siamo \u00e8 grazie ai nostri clienti. I loro suggerimenti ci aiutano e ci incoraggiano a migliorare giorno dopo giorno.\" \/>\n<meta name=\"robots\" content=\"index, follow, max-snippet:-1, max-image-preview:large, max-video-preview:-1\" \/>\n<link rel=\"canonical\" href=\"https:\/\/www.elraco.com\/it\/el-raco\/suggerimenti\/\" \/>\n<meta property=\"og:locale\" content=\"it_IT\" \/>\n<meta property=\"og:type\" content=\"article\" \/>\n<meta property=\"og:title\" content=\"Suggerimenti: El Rac\u00f3. Restaurant Pizzeria Mediterr\u00e1nea.\" \/>\n<meta property=\"og:description\" content=\"Se siamo quello che siamo \u00e8 grazie ai nostri clienti. I loro suggerimenti ci aiutano e ci incoraggiano a migliorare giorno dopo giorno.\" \/>\n<meta property=\"og:url\" content=\"https:\/\/www.elraco.com\/it\/el-raco\/suggerimenti\/\" \/>\n<meta property=\"og:site_name\" content=\"El Rac\u00f3\" \/>\n<meta property=\"article:modified_time\" content=\"2019-05-24T09:41:50+00:00\" \/>\n<meta name=\"twitter:label1\" content=\"Tempo di lettura stimato\" \/>\n\t<meta name=\"twitter:data1\" content=\"1 minuto\" \/>\n<script type=\"application\/ld+json\" class=\"yoast-schema-graph\">{\"@context\":\"https:\/\/schema.org\",\"@graph\":[{\"@type\":\"WebPage\",\"@id\":\"https:\/\/www.elraco.com\/it\/el-raco\/suggerimenti\/\",\"url\":\"https:\/\/www.elraco.com\/it\/el-raco\/suggerimenti\/\",\"name\":\"Suggerimenti: El Rac\u00f3. Restaurant Pizzeria Mediterr\u00e1nea.\",\"isPartOf\":{\"@id\":\"https:\/\/www.elraco.com\/#website\"},\"datePublished\":\"2017-04-24T09:57:20+00:00\",\"dateModified\":\"2019-05-24T09:41:50+00:00\",\"description\":\"Se siamo quello che siamo \u00e8 grazie ai nostri clienti. I loro suggerimenti ci aiutano e ci incoraggiano a migliorare giorno dopo giorno.\",\"breadcrumb\":{\"@id\":\"https:\/\/www.elraco.com\/it\/el-raco\/suggerimenti\/#breadcrumb\"},\"inLanguage\":\"it-IT\",\"potentialAction\":[{\"@type\":\"ReadAction\",\"target\":[\"https:\/\/www.elraco.com\/it\/el-raco\/suggerimenti\/\"]}]},{\"@type\":\"BreadcrumbList\",\"@id\":\"https:\/\/www.elraco.com\/it\/el-raco\/suggerimenti\/#breadcrumb\",\"itemListElement\":[{\"@type\":\"ListItem\",\"position\":1,\"name\":\"el Rac\u00f3\",\"item\":\"https:\/\/www.elraco.com\/it\/el-raco\/\"},{\"@type\":\"ListItem\",\"position\":2,\"name\":\"Suggerimenti\"}]},{\"@type\":\"WebSite\",\"@id\":\"https:\/\/www.elraco.com\/#website\",\"url\":\"https:\/\/www.elraco.com\/\",\"name\":\"El Rac\u00f3\",\"description\":\"\",\"potentialAction\":[{\"@type\":\"SearchAction\",\"target\":{\"@type\":\"EntryPoint\",\"urlTemplate\":\"https:\/\/www.elraco.com\/?s={search_term_string}\"},\"query-input\":{\"@type\":\"PropertyValueSpecification\",\"valueRequired\":true,\"valueName\":\"search_term_string\"}}],\"inLanguage\":\"it-IT\"}]}<\/script>\n<!-- \/ Yoast SEO plugin. -->","yoast_head_json":{"title":"Suggerimenti: El Rac\u00f3. Restaurant Pizzeria Mediterr\u00e1nea.","description":"Se siamo quello che siamo \u00e8 grazie ai nostri clienti. I loro suggerimenti ci aiutano e ci incoraggiano a migliorare giorno dopo giorno.","robots":{"index":"index","follow":"follow","max-snippet":"max-snippet:-1","max-image-preview":"max-image-preview:large","max-video-preview":"max-video-preview:-1"},"canonical":"https:\/\/www.elraco.com\/it\/el-raco\/suggerimenti\/","og_locale":"it_IT","og_type":"article","og_title":"Suggerimenti: El Rac\u00f3. Restaurant Pizzeria Mediterr\u00e1nea.","og_description":"Se siamo quello che siamo \u00e8 grazie ai nostri clienti. I loro suggerimenti ci aiutano e ci incoraggiano a migliorare giorno dopo giorno.","og_url":"https:\/\/www.elraco.com\/it\/el-raco\/suggerimenti\/","og_site_name":"El Rac\u00f3","article_modified_time":"2019-05-24T09:41:50+00:00","twitter_misc":{"Tempo di lettura stimato":"1 minuto"},"schema":{"@context":"https:\/\/schema.org","@graph":[{"@type":"WebPage","@id":"https:\/\/www.elraco.com\/it\/el-raco\/suggerimenti\/","url":"https:\/\/www.elraco.com\/it\/el-raco\/suggerimenti\/","name":"Suggerimenti: El Rac\u00f3. Restaurant Pizzeria Mediterr\u00e1nea.","isPartOf":{"@id":"https:\/\/www.elraco.com\/#website"},"datePublished":"2017-04-24T09:57:20+00:00","dateModified":"2019-05-24T09:41:50+00:00","description":"Se siamo quello che siamo \u00e8 grazie ai nostri clienti. I loro suggerimenti ci aiutano e ci incoraggiano a migliorare giorno dopo giorno.","breadcrumb":{"@id":"https:\/\/www.elraco.com\/it\/el-raco\/suggerimenti\/#breadcrumb"},"inLanguage":"it-IT","potentialAction":[{"@type":"ReadAction","target":["https:\/\/www.elraco.com\/it\/el-raco\/suggerimenti\/"]}]},{"@type":"BreadcrumbList","@id":"https:\/\/www.elraco.com\/it\/el-raco\/suggerimenti\/#breadcrumb","itemListElement":[{"@type":"ListItem","position":1,"name":"el Rac\u00f3","item":"https:\/\/www.elraco.com\/it\/el-raco\/"},{"@type":"ListItem","position":2,"name":"Suggerimenti"}]},{"@type":"WebSite","@id":"https:\/\/www.elraco.com\/#website","url":"https:\/\/www.elraco.com\/","name":"El Rac\u00f3","description":"","potentialAction":[{"@type":"SearchAction","target":{"@type":"EntryPoint","urlTemplate":"https:\/\/www.elraco.com\/?s={search_term_string}"},"query-input":{"@type":"PropertyValueSpecification","valueRequired":true,"valueName":"search_term_string"}}],"inLanguage":"it-IT"}]}},"_links":{"self":[{"href":"https:\/\/www.elraco.com\/it\/wp-json\/wp\/v2\/pages\/1755","targetHints":{"allow":["GET"]}}],"collection":[{"href":"https:\/\/www.elraco.com\/it\/wp-json\/wp\/v2\/pages"}],"about":[{"href":"https:\/\/www.elraco.com\/it\/wp-json\/wp\/v2\/types\/page"}],"author":[{"embeddable":true,"href":"https:\/\/www.elraco.com\/it\/wp-json\/wp\/v2\/users\/4"}],"replies":[{"embeddable":true,"href":"https:\/\/www.elraco.com\/it\/wp-json\/wp\/v2\/comments?post=1755"}],"version-history":[{"count":14,"href":"https:\/\/www.elraco.com\/it\/wp-json\/wp\/v2\/pages\/1755\/revisions"}],"predecessor-version":[{"id":11142,"href":"https:\/\/www.elraco.com\/it\/wp-json\/wp\/v2\/pages\/1755\/revisions\/11142"}],"up":[{"embeddable":true,"href":"https:\/\/www.elraco.com\/it\/wp-json\/wp\/v2\/pages\/2714"}],"wp:attachment":[{"href":"https:\/\/www.elraco.com\/it\/wp-json\/wp\/v2\/media?parent=1755"}],"curies":[{"name":"wp","href":"https:\/\/api.w.org\/{rel}","templated":true}]}}