{"id":1726,"date":"2017-04-24T11:43:53","date_gmt":"2017-04-24T09:43:53","guid":{"rendered":"http:\/\/www.elraco.com\/?page_id=1726"},"modified":"2017-12-27T12:37:42","modified_gmt":"2017-12-27T10:37:42","slug":"filosofia","status":"publish","type":"page","link":"https:\/\/www.elraco.com\/it\/el-raco\/filosofia\/","title":{"rendered":"Filosofia"},"content":{"rendered":"<div class=\"wpb-content-wrapper\"><p>[vc_row][vc_column][vc_column_text el_class=&#8221;titolseccioelraco&#8221;]el Rac\u00f3[\/vc_column_text][vc_separator color=&#8221;black&#8221; border_width=&#8221;7&#8243; el_class=&#8221;lineaseccio&#8221;][vc_column_text el_class=&#8221;subtitolseccio&#8221;]Filosofia[\/vc_column_text][vc_column_text]<\/p>\n<p style=\"text-align: center;\">El Rac\u00f3 nasce nel 1975 con una chiara vocazione al servizio dei suoi clienti. Questa vocazione ha dato vita a un modo di essere che si \u00e8 tradotto nella ricerca di dialogo costante con i clienti che ancora oggi continuano a dimostrarci la loro fiducia. Questa filosofia ha reso la nostra offerta un&#8217;esperienza unica con un proprio carattere.<\/p>\n<p>[\/vc_column_text][\/vc_column][\/vc_row][vc_row margin_top=&#8221;20&#8243;][vc_column width=&#8221;1\/2&#8243; css=&#8221;.vc_custom_1502195679665{margin-right: -500px !important;}&#8221;]<style type=\"text\/css\" data-type=\"the7_shortcodes-inline-css\">.shortcode-single-image-wrap.shortcode-single-image-f07796aa60a42b0ba33b9d08a9544af6.enable-bg-rollover .rollover i,\n.shortcode-single-image-wrap.shortcode-single-image-f07796aa60a42b0ba33b9d08a9544af6.enable-bg-rollover .rollover-video i {\n  background: -webkit-linear-gradient();\n  background: linear-gradient();\n}\n.shortcode-single-image-wrap.shortcode-single-image-f07796aa60a42b0ba33b9d08a9544af6 .rollover-icon {\n  font-size: 32px;\n  color: #ffffff;\n  min-width: 44px;\n  min-height: 44px;\n  line-height: 44px;\n  border-radius: 100px;\n  border-style: solid;\n  border-width: 0px;\n}\n.dt-icon-bg-on.shortcode-single-image-wrap.shortcode-single-image-f07796aa60a42b0ba33b9d08a9544af6 .rollover-icon {\n  background: rgba(255,255,255,0.3);\n  box-shadow: none;\n}<\/style><div class=\"shortcode-single-image-wrap shortcode-single-image-f07796aa60a42b0ba33b9d08a9544af6 alignnone  enable-bg-rollover dt-icon-bg-off\" style=\"margin-top:0px; margin-bottom:0px; margin-left:0px; margin-right:0px; width:582px;\"><div class=\"shortcode-single-image\"><div class=\"fancy-media-wrap  layzr-bg\" style=\"border-radius:1px;\"><img fetchpriority=\"high\" decoding=\"async\" class=\"preload-me lazy-load aspect\" src=\"data:image\/svg+xml,%3Csvg%20xmlns%3D&#39;http%3A%2F%2Fwww.w3.org%2F2000%2Fsvg&#39;%20viewBox%3D&#39;0%200%20582%20388&#39;%2F%3E\" data-src=\"https:\/\/www.elraco.com\/wp-content\/uploads\/2017\/04\/Tagliatelle-a-la-Negre-582x388.jpg\" data-srcset=\"https:\/\/www.elraco.com\/wp-content\/uploads\/2017\/04\/Tagliatelle-a-la-Negre-582x388.jpg 582w, https:\/\/www.elraco.com\/wp-content\/uploads\/2017\/04\/Tagliatelle-a-la-Negre-1164x776.jpg 1164w\" loading=\"eager\" sizes=\"(max-width: 582px) 100vw, 582px\" width=\"582\" height=\"388\"  data-dt-location=\"https:\/\/www.elraco.com\/it\/grups\/tagliatelle-a-la-negre\/\" style=\"--ratio: 582 \/ 388;border-radius:1px;\" alt=\"\" \/><\/div><\/div><\/div>[\/vc_column][vc_column width=&#8221;1\/2&#8243;]<style type=\"text\/css\" data-type=\"the7_shortcodes-inline-css\">.shortcode-single-image-wrap.shortcode-single-image-1dd7ae41913cd3a3a01ee2b7bbebcb1f.enable-bg-rollover .rollover i,\n.shortcode-single-image-wrap.shortcode-single-image-1dd7ae41913cd3a3a01ee2b7bbebcb1f.enable-bg-rollover .rollover-video i {\n  background: -webkit-linear-gradient();\n  background: linear-gradient();\n}\n.shortcode-single-image-wrap.shortcode-single-image-1dd7ae41913cd3a3a01ee2b7bbebcb1f .rollover-icon {\n  font-size: 32px;\n  color: #ffffff;\n  min-width: 44px;\n  min-height: 44px;\n  line-height: 44px;\n  border-radius: 100px;\n  border-style: solid;\n  border-width: 0px;\n}\n.dt-icon-bg-on.shortcode-single-image-wrap.shortcode-single-image-1dd7ae41913cd3a3a01ee2b7bbebcb1f .rollover-icon {\n  background: rgba(255,255,255,0.3);\n  box-shadow: none;\n}<\/style><div class=\"shortcode-single-image-wrap shortcode-single-image-1dd7ae41913cd3a3a01ee2b7bbebcb1f alignnone  enable-bg-rollover dt-icon-bg-off\" style=\"margin-top:0px; margin-bottom:0px; margin-left:0px; margin-right:0px; width:582px;\"><div class=\"shortcode-single-image\"><div class=\"fancy-media-wrap  layzr-bg\" style=\"\"><img decoding=\"async\" class=\"preload-me lazy-load aspect\" src=\"data:image\/svg+xml,%3Csvg%20xmlns%3D&#39;http%3A%2F%2Fwww.w3.org%2F2000%2Fsvg&#39;%20viewBox%3D&#39;0%200%20582%20388&#39;%2F%3E\" data-src=\"https:\/\/www.elraco.com\/wp-content\/uploads\/2017\/04\/Agnollotti-Formatges-582x388.jpg\" data-srcset=\"https:\/\/www.elraco.com\/wp-content\/uploads\/2017\/04\/Agnollotti-Formatges-582x388.jpg 582w, https:\/\/www.elraco.com\/wp-content\/uploads\/2017\/04\/Agnollotti-Formatges.jpg 1152w\" loading=\"eager\" sizes=\"(max-width: 582px) 100vw, 582px\" width=\"582\" height=\"388\"  data-dt-location=\"https:\/\/www.elraco.com\/it\/grups\/agnollotti-formatges\/\" style=\"--ratio: 582 \/ 388;\" alt=\"\" \/><\/div><\/div><\/div>[\/vc_column][\/vc_row][vc_row][vc_column][vc_separator border_width=&#8221;2&#8243; css=&#8221;.vc_custom_1495006418417{margin-top: 20px !important;}&#8221;][\/vc_column][\/vc_row]<\/p>\n<\/div>","protected":false},"excerpt":{"rendered":"<p>[vc_row][vc_column][vc_column_text el_class=&#8221;titolseccioelraco&#8221;]el Rac\u00f3[\/vc_column_text][vc_separator color=&#8221;black&#8221; border_width=&#8221;7&#8243; el_class=&#8221;lineaseccio&#8221;][vc_column_text el_class=&#8221;subtitolseccio&#8221;]Filosofia[\/vc_column_text][vc_column_text] El Rac\u00f3 nasce nel 1975 con una chiara vocazione al servizio dei suoi clienti. Questa vocazione ha dato vita a un modo di essere che si \u00e8 tradotto nella ricerca di dialogo costante con i clienti che ancora oggi continuano a dimostrarci la loro fiducia. Questa filosofia ha&hellip;<\/p>\n","protected":false},"author":4,"featured_media":0,"parent":2714,"menu_order":0,"comment_status":"closed","ping_status":"closed","template":"","meta":{"footnotes":""},"class_list":["post-1726","page","type-page","status-publish","hentry","description-off"],"yoast_head":"<!-- This site is optimized with the Yoast SEO plugin v27.0 - https:\/\/yoast.com\/product\/yoast-seo-wordpress\/ -->\n<title>Filosofia: El Rac\u00f3. Restaurant Pizzeria Mediterr\u00e1nea.<\/title>\n<meta name=\"description\" content=\"El Rac\u00f3 nasce nel 1975 con una chiara vocazione al servizio dei suoi clienti. Questa vocazione ha dato vita a un modo di essere che si \u00e8 tradotto nella ricerca di dialogo costante con i clienti che ancora oggi continuano a dimostrarci la loro fiducia. Questa filosofia ha reso la nostra offerta un&#039;esperienza unica con un proprio carattere.\" \/>\n<meta name=\"robots\" content=\"index, follow, max-snippet:-1, max-image-preview:large, max-video-preview:-1\" \/>\n<link rel=\"canonical\" href=\"https:\/\/www.elraco.com\/it\/el-raco\/filosofia\/\" \/>\n<meta property=\"og:locale\" content=\"it_IT\" \/>\n<meta property=\"og:type\" content=\"article\" \/>\n<meta property=\"og:title\" content=\"Filosofia: El Rac\u00f3. Restaurant Pizzeria Mediterr\u00e1nea.\" \/>\n<meta property=\"og:description\" content=\"El Rac\u00f3 nasce nel 1975 con una chiara vocazione al servizio dei suoi clienti. Questa vocazione ha dato vita a un modo di essere che si \u00e8 tradotto nella ricerca di dialogo costante con i clienti che ancora oggi continuano a dimostrarci la loro fiducia. Questa filosofia ha reso la nostra offerta un&#039;esperienza unica con un proprio carattere.\" \/>\n<meta property=\"og:url\" content=\"https:\/\/www.elraco.com\/it\/el-raco\/filosofia\/\" \/>\n<meta property=\"og:site_name\" content=\"El Rac\u00f3\" \/>\n<meta property=\"article:modified_time\" content=\"2017-12-27T10:37:42+00:00\" \/>\n<meta name=\"twitter:label1\" content=\"Tempo di lettura stimato\" \/>\n\t<meta name=\"twitter:data1\" content=\"1 minuto\" \/>\n<script type=\"application\/ld+json\" class=\"yoast-schema-graph\">{\"@context\":\"https:\/\/schema.org\",\"@graph\":[{\"@type\":\"WebPage\",\"@id\":\"https:\/\/www.elraco.com\/it\/el-raco\/filosofia\/\",\"url\":\"https:\/\/www.elraco.com\/it\/el-raco\/filosofia\/\",\"name\":\"Filosofia: El Rac\u00f3. Restaurant Pizzeria Mediterr\u00e1nea.\",\"isPartOf\":{\"@id\":\"https:\/\/www.elraco.com\/#website\"},\"datePublished\":\"2017-04-24T09:43:53+00:00\",\"dateModified\":\"2017-12-27T10:37:42+00:00\",\"description\":\"El Rac\u00f3 nasce nel 1975 con una chiara vocazione al servizio dei suoi clienti. Questa vocazione ha dato vita a un modo di essere che si \u00e8 tradotto nella ricerca di dialogo costante con i clienti che ancora oggi continuano a dimostrarci la loro fiducia. Questa filosofia ha reso la nostra offerta un'esperienza unica con un proprio carattere.\",\"breadcrumb\":{\"@id\":\"https:\/\/www.elraco.com\/it\/el-raco\/filosofia\/#breadcrumb\"},\"inLanguage\":\"it-IT\",\"potentialAction\":[{\"@type\":\"ReadAction\",\"target\":[\"https:\/\/www.elraco.com\/it\/el-raco\/filosofia\/\"]}]},{\"@type\":\"BreadcrumbList\",\"@id\":\"https:\/\/www.elraco.com\/it\/el-raco\/filosofia\/#breadcrumb\",\"itemListElement\":[{\"@type\":\"ListItem\",\"position\":1,\"name\":\"el Rac\u00f3\",\"item\":\"https:\/\/www.elraco.com\/it\/el-raco\/\"},{\"@type\":\"ListItem\",\"position\":2,\"name\":\"Filosofia\"}]},{\"@type\":\"WebSite\",\"@id\":\"https:\/\/www.elraco.com\/#website\",\"url\":\"https:\/\/www.elraco.com\/\",\"name\":\"El Rac\u00f3\",\"description\":\"\",\"potentialAction\":[{\"@type\":\"SearchAction\",\"target\":{\"@type\":\"EntryPoint\",\"urlTemplate\":\"https:\/\/www.elraco.com\/?s={search_term_string}\"},\"query-input\":{\"@type\":\"PropertyValueSpecification\",\"valueRequired\":true,\"valueName\":\"search_term_string\"}}],\"inLanguage\":\"it-IT\"}]}<\/script>\n<!-- \/ Yoast SEO plugin. -->","yoast_head_json":{"title":"Filosofia: El Rac\u00f3. Restaurant Pizzeria Mediterr\u00e1nea.","description":"El Rac\u00f3 nasce nel 1975 con una chiara vocazione al servizio dei suoi clienti. Questa vocazione ha dato vita a un modo di essere che si \u00e8 tradotto nella ricerca di dialogo costante con i clienti che ancora oggi continuano a dimostrarci la loro fiducia. Questa filosofia ha reso la nostra offerta un'esperienza unica con un proprio carattere.","robots":{"index":"index","follow":"follow","max-snippet":"max-snippet:-1","max-image-preview":"max-image-preview:large","max-video-preview":"max-video-preview:-1"},"canonical":"https:\/\/www.elraco.com\/it\/el-raco\/filosofia\/","og_locale":"it_IT","og_type":"article","og_title":"Filosofia: El Rac\u00f3. Restaurant Pizzeria Mediterr\u00e1nea.","og_description":"El Rac\u00f3 nasce nel 1975 con una chiara vocazione al servizio dei suoi clienti. Questa vocazione ha dato vita a un modo di essere che si \u00e8 tradotto nella ricerca di dialogo costante con i clienti che ancora oggi continuano a dimostrarci la loro fiducia. Questa filosofia ha reso la nostra offerta un'esperienza unica con un proprio carattere.","og_url":"https:\/\/www.elraco.com\/it\/el-raco\/filosofia\/","og_site_name":"El Rac\u00f3","article_modified_time":"2017-12-27T10:37:42+00:00","twitter_misc":{"Tempo di lettura stimato":"1 minuto"},"schema":{"@context":"https:\/\/schema.org","@graph":[{"@type":"WebPage","@id":"https:\/\/www.elraco.com\/it\/el-raco\/filosofia\/","url":"https:\/\/www.elraco.com\/it\/el-raco\/filosofia\/","name":"Filosofia: El Rac\u00f3. Restaurant Pizzeria Mediterr\u00e1nea.","isPartOf":{"@id":"https:\/\/www.elraco.com\/#website"},"datePublished":"2017-04-24T09:43:53+00:00","dateModified":"2017-12-27T10:37:42+00:00","description":"El Rac\u00f3 nasce nel 1975 con una chiara vocazione al servizio dei suoi clienti. Questa vocazione ha dato vita a un modo di essere che si \u00e8 tradotto nella ricerca di dialogo costante con i clienti che ancora oggi continuano a dimostrarci la loro fiducia. Questa filosofia ha reso la nostra offerta un'esperienza unica con un proprio carattere.","breadcrumb":{"@id":"https:\/\/www.elraco.com\/it\/el-raco\/filosofia\/#breadcrumb"},"inLanguage":"it-IT","potentialAction":[{"@type":"ReadAction","target":["https:\/\/www.elraco.com\/it\/el-raco\/filosofia\/"]}]},{"@type":"BreadcrumbList","@id":"https:\/\/www.elraco.com\/it\/el-raco\/filosofia\/#breadcrumb","itemListElement":[{"@type":"ListItem","position":1,"name":"el Rac\u00f3","item":"https:\/\/www.elraco.com\/it\/el-raco\/"},{"@type":"ListItem","position":2,"name":"Filosofia"}]},{"@type":"WebSite","@id":"https:\/\/www.elraco.com\/#website","url":"https:\/\/www.elraco.com\/","name":"El Rac\u00f3","description":"","potentialAction":[{"@type":"SearchAction","target":{"@type":"EntryPoint","urlTemplate":"https:\/\/www.elraco.com\/?s={search_term_string}"},"query-input":{"@type":"PropertyValueSpecification","valueRequired":true,"valueName":"search_term_string"}}],"inLanguage":"it-IT"}]}},"_links":{"self":[{"href":"https:\/\/www.elraco.com\/it\/wp-json\/wp\/v2\/pages\/1726","targetHints":{"allow":["GET"]}}],"collection":[{"href":"https:\/\/www.elraco.com\/it\/wp-json\/wp\/v2\/pages"}],"about":[{"href":"https:\/\/www.elraco.com\/it\/wp-json\/wp\/v2\/types\/page"}],"author":[{"embeddable":true,"href":"https:\/\/www.elraco.com\/it\/wp-json\/wp\/v2\/users\/4"}],"replies":[{"embeddable":true,"href":"https:\/\/www.elraco.com\/it\/wp-json\/wp\/v2\/comments?post=1726"}],"version-history":[{"count":6,"href":"https:\/\/www.elraco.com\/it\/wp-json\/wp\/v2\/pages\/1726\/revisions"}],"predecessor-version":[{"id":9195,"href":"https:\/\/www.elraco.com\/it\/wp-json\/wp\/v2\/pages\/1726\/revisions\/9195"}],"up":[{"embeddable":true,"href":"https:\/\/www.elraco.com\/it\/wp-json\/wp\/v2\/pages\/2714"}],"wp:attachment":[{"href":"https:\/\/www.elraco.com\/it\/wp-json\/wp\/v2\/media?parent=1726"}],"curies":[{"name":"wp","href":"https:\/\/api.w.org\/{rel}","templated":true}]}}