{"id":1170,"date":"2017-04-05T14:14:40","date_gmt":"2017-04-05T12:14:40","guid":{"rendered":"http:\/\/www.elraco.com\/principal\/"},"modified":"2025-11-13T17:21:20","modified_gmt":"2025-11-13T15:21:20","slug":"pagina-principal","status":"publish","type":"page","link":"https:\/\/www.elraco.com\/it\/","title":{"rendered":"P\u00e0gina principal"},"content":{"rendered":"<div class=\"wpb-content-wrapper\"><p>[vc_row el_class=&#8221;five-columns&#8221; anchor=&#8221;seccions&#8221;][vc_column width=&#8221;1\/6&#8243;][vc_column_text css=&#8221;.vc_custom_1753120411891{margin-bottom: -3px !important;}&#8221;]<a href=\"http:\/\/www.elraco.com\/it\/la-lettera\/\"><span style=\"color: #000000; font-family: Oswald; font-size: 20px; font-weight: 600;\">IL MENU<\/span><\/a>[\/vc_column_text][vc_separator color=&#8221;black&#8221; border_width=&#8221;7&#8243; css=&#8221;.vc_custom_1493886278230{margin-top: 5px !important;margin-bottom: 20px !important;}&#8221;][vc_single_image image=&#8221;5539&#8243; img_size=&#8221;full&#8221; alignment=&#8221;center&#8221; css=&#8221;.vc_custom_1502205837052{margin-bottom: 2px !important;}&#8221; el_class=&#8221;bloqueshome&#8221;][vc_column_text css=&#8221;.vc_custom_1495810190221{padding-top: 10px !important;padding-bottom: 5px !important;}&#8221; el_class=&#8221;bloqueshome&#8221;]<strong><span style=\"word-wrap: break-word; color: #e2001a; font-family: 'Playfair Display'; font-size: 18px; font-weight: bold;\">Mmmmediterranea<\/span><\/strong>[\/vc_column_text][vc_column_text css=&#8221;.vc_custom_1500034739444{padding-bottom: 25px !important;}&#8221; el_class=&#8221;bloqueshome&#8221;]Le nostre origini hanno dato vita a un menu che comprende ricette tipiche delle culture del Mediterraneo. Ognuna di queste non pu\u00f2 che meritare un \u00abmmmm!!!\u00bb.[\/vc_column_text][\/vc_column][vc_column width=&#8221;1\/6&#8243;][vc_column_text css=&#8221;.vc_custom_1511442359124{margin-bottom: -3px !important;}&#8221;]<a href=\"#\"><span style=\"color: #000000; font-family: Oswald; font-size: 20px; font-weight: 600;\">GRUPPI<\/span><\/a>[\/vc_column_text][vc_separator color=&#8221;black&#8221; border_width=&#8221;7&#8243; css=&#8221;.vc_custom_1493887110794{margin-top: 5px !important;margin-bottom: 20px !important;}&#8221;][vc_single_image image=&#8221;5503&#8243; img_size=&#8221;full&#8221; alignment=&#8221;center&#8221; css=&#8221;.vc_custom_1502203959191{margin-bottom: 2px !important;}&#8221; el_class=&#8221;bloqueshome&#8221;][vc_column_text css=&#8221;.vc_custom_1493908808099{padding-top: 10px !important;padding-bottom: 5px !important;}&#8221; el_class=&#8221;bloqueshome&#8221;]<strong><span style=\"color: #e2001a; font-family: 'Playfair Display'; font-size: 18px; font-weight: bold;\">Menu per gruppi<\/span><\/strong>[\/vc_column_text][vc_column_text css=&#8221;.vc_custom_1497354001556{padding-bottom: 25px !important;}&#8221; el_class=&#8221;bloqueshome&#8221;]Il nostro menu per gruppi viene preparato per un minimo di 12 persone ed \u00e8 l&#8217;ideale per festeggiare occasioni speciali, compleanni, ecc.[\/vc_column_text][\/vc_column][vc_column width=&#8221;1\/6&#8243;][vc_column_text css=&#8221;.vc_custom_1499430240925{margin-bottom: -3px !important;}&#8221;]<a href=\"https:\/\/www.elraco.com\/it\/ristoranti\/palamos\/\"><span style=\"color: #000000; font-family: Oswald; font-size: 20px; font-weight: 600;\">RISTORANTI<\/span><\/a>[\/vc_column_text][vc_separator color=&#8221;black&#8221; border_width=&#8221;7&#8243; css=&#8221;.vc_custom_1493887159962{margin-top: 5px !important;margin-bottom: 20px !important;}&#8221;][vc_single_image image=&#8221;5519&#8243; img_size=&#8221;full&#8221; alignment=&#8221;center&#8221; css=&#8221;.vc_custom_1502204121024{margin-bottom: 2px !important;}&#8221; el_class=&#8221;bloqueshome&#8221;][vc_column_text css=&#8221;.vc_custom_1763046528887{padding-top: 10px !important;padding-bottom: 5px !important;}&#8221; el_class=&#8221;bloqueshome&#8221;]<strong><span style=\"color: #e2001a; font-family: 'Playfair Display'; font-size: 18px; font-weight: bold;\">Siamo gi\u00e0 11\u2026!<\/span><\/strong>[\/vc_column_text][vc_column_text css=&#8221;.vc_custom_1689605001535{padding-bottom: 25px !important;}&#8221; el_class=&#8221;bloqueshome&#8221;]Dal 1975, quando abbiamo aperto il nostro primo ristorante a Palam\u00f3s, fino a giugno 2023, quando abbiamo inaugurato il Rac\u00f3 de Sabadell.[\/vc_column_text][\/vc_column][vc_column width=&#8221;1\/6&#8243;][vc_column_text css=&#8221;.vc_custom_1499430263814{margin-bottom: -3px !important;}&#8221;]<a href=\"https:\/\/www.elraco.com\/it\/newsroom\/\"><span style=\"color: #000000; font-family: Oswald; font-size: 20px; font-weight: 600;\">NOTIZIE<\/span><\/a>[\/vc_column_text][vc_separator color=&#8221;black&#8221; border_width=&#8221;7&#8243; css=&#8221;.vc_custom_1493887059369{margin-top: 5px !important;margin-bottom: 20px !important;}&#8221;][vc_single_image image=&#8221;5511&#8243; img_size=&#8221;full&#8221; alignment=&#8221;center&#8221; css=&#8221;.vc_custom_1502204127102{margin-bottom: 2px !important;}&#8221; el_class=&#8221;bloqueshome&#8221;][vc_column_text css=&#8221;.vc_custom_1500021234465{padding-top: 10px !important;padding-bottom: 5px !important;}&#8221; el_class=&#8221;bloqueshome&#8221;]<strong><span style=\"color: #e2001a; font-family: 'Playfair Display'; font-size: 18px; font-weight: bold;\">Nuova formula<\/span><\/strong>[\/vc_column_text][vc_column_text css=&#8221;.vc_custom_1500034653426{padding-bottom: 25px !important;}&#8221; el_class=&#8221;bloqueshome&#8221;]La gastronomia \u00e8 cultura. In questa sezione vogliamo mostrare ai nostri clienti alcune particolarit\u00e0 che possono essere di loro interesse, oltre a far conoscere loro le numerose innovazioni e novit\u00e0 proposte da El Rac\u00f3.[\/vc_column_text][\/vc_column][vc_column width=&#8221;1\/6&#8243;][vc_column_text css=&#8221;.vc_custom_1499430301860{margin-bottom: -3px !important;}&#8221;]<a href=\"https:\/\/www.elraco.com\/it\/el-raco\/qualita\/\"><span style=\"color: #000000; font-family: 'Playfair Display'; font-size: 27px; font-weight: 600;\">El Rac\u00f3<\/span><\/a>[\/vc_column_text][vc_separator color=&#8221;black&#8221; border_width=&#8221;7&#8243; css=&#8221;.vc_custom_1493887076978{margin-top: 5px !important;margin-bottom: 20px !important;}&#8221;][vc_single_image image=&#8221;5527&#8243; img_size=&#8221;full&#8221; alignment=&#8221;center&#8221; css=&#8221;.vc_custom_1502204133347{margin-bottom: 2px !important;}&#8221; el_class=&#8221;bloqueshome&#8221;][vc_column_text css=&#8221;.vc_custom_1493908843975{padding-top: 10px !important;padding-bottom: 5px !important;}&#8221; el_class=&#8221;bloqueshome&#8221;]<strong><span style=\"color: #e2001a; font-family: 'Playfair Display'; font-size: 18px; font-weight: bold;\">Oltre 40 anni<\/span><\/strong>[\/vc_column_text][vc_column_text css=&#8221;.vc_custom_1500034669728{padding-bottom: 25px !important;}&#8221; el_class=&#8221;bloqueshome&#8221;]Tutto \u00e8 iniziato nel 1975 a Palam\u00f3s. Nel corso di oltre quarant&#8217;anni di storia \u00e8 successo di tutto: abbiamo imparato tanto, abbiamo commesso degli errori&#8230; ma la nostra attivit\u00e0 non ha conosciuto interruzioni e ci sforziamo ogni giorno per portare avanti questo progetto. Grazie mille a tutti i nostri clienti: senza di loro, niente di tutto questo sarebbe stato possibile.[\/vc_column_text][\/vc_column][vc_column width=&#8221;1\/6&#8243;][\/vc_column][\/vc_row]<\/p>\n<\/div>","protected":false},"excerpt":{"rendered":"<p>[vc_row el_class=&#8221;five-columns&#8221; anchor=&#8221;seccions&#8221;][vc_column width=&#8221;1\/6&#8243;][vc_column_text css=&#8221;.vc_custom_1753120411891{margin-bottom: -3px !important;}&#8221;]IL MENU[\/vc_column_text][vc_separator color=&#8221;black&#8221; border_width=&#8221;7&#8243; css=&#8221;.vc_custom_1493886278230{margin-top: 5px !important;margin-bottom: 20px !important;}&#8221;][vc_single_image image=&#8221;5539&#8243; img_size=&#8221;full&#8221; alignment=&#8221;center&#8221; css=&#8221;.vc_custom_1502205837052{margin-bottom: 2px !important;}&#8221; el_class=&#8221;bloqueshome&#8221;][vc_column_text css=&#8221;.vc_custom_1495810190221{padding-top: 10px !important;padding-bottom: 5px !important;}&#8221; el_class=&#8221;bloqueshome&#8221;]Mmmmediterranea[\/vc_column_text][vc_column_text css=&#8221;.vc_custom_1500034739444{padding-bottom: 25px !important;}&#8221; el_class=&#8221;bloqueshome&#8221;]Le nostre origini hanno dato vita a un menu che comprende ricette tipiche delle culture del Mediterraneo. Ognuna di queste non pu\u00f2 che meritare&hellip;<\/p>\n","protected":false},"author":4,"featured_media":0,"parent":0,"menu_order":0,"comment_status":"closed","ping_status":"closed","template":"","meta":{"footnotes":""},"class_list":["post-1170","page","type-page","status-publish","hentry","description-off"],"yoast_head":"<!-- This site is optimized with the Yoast SEO plugin v27.5 - https:\/\/yoast.com\/product\/yoast-seo-wordpress\/ -->\n<title>El Rac\u00f3: Restaurant Pizzeria Mediterr\u00e1nea.<\/title>\n<meta name=\"description\" content=\"Garanzia di qualit\u00e0: Su questo motto si basa tutto il nostro lavoro. Selezioniamo ricette che rispettino i canoni della sana dieta mediterranea, con ingredienti naturali e di alta qualit\u00e0 che elaboriamo in modo da far sperimentare sensazioni uniche al palato dei nostri clienti.\" \/>\n<meta name=\"robots\" content=\"index, follow, max-snippet:-1, max-image-preview:large, max-video-preview:-1\" \/>\n<link rel=\"canonical\" href=\"https:\/\/www.elraco.com\/it\/\" \/>\n<meta property=\"og:locale\" content=\"it_IT\" \/>\n<meta property=\"og:type\" content=\"article\" \/>\n<meta property=\"og:title\" content=\"El Rac\u00f3: Restaurant Pizzeria Mediterr\u00e1nea.\" \/>\n<meta property=\"og:description\" content=\"Garanzia di qualit\u00e0: Su questo motto si basa tutto il nostro lavoro. Selezioniamo ricette che rispettino i canoni della sana dieta mediterranea, con ingredienti naturali e di alta qualit\u00e0 che elaboriamo in modo da far sperimentare sensazioni uniche al palato dei nostri clienti.\" \/>\n<meta property=\"og:url\" content=\"https:\/\/www.elraco.com\/it\/\" \/>\n<meta property=\"og:site_name\" content=\"El Rac\u00f3\" \/>\n<meta property=\"article:modified_time\" content=\"2025-11-13T15:21:20+00:00\" \/>\n<meta name=\"twitter:label1\" content=\"Tempo di lettura stimato\" \/>\n\t<meta name=\"twitter:data1\" content=\"2 minuti\" \/>\n<script type=\"application\/ld+json\" class=\"yoast-schema-graph\">{\"@context\":\"https:\\\/\\\/schema.org\",\"@graph\":[{\"@type\":\"WebPage\",\"@id\":\"https:\\\/\\\/www.elraco.com\\\/it\\\/\",\"url\":\"https:\\\/\\\/www.elraco.com\\\/it\\\/\",\"name\":\"El Rac\u00f3: Restaurant Pizzeria Mediterr\u00e1nea.\",\"isPartOf\":{\"@id\":\"https:\\\/\\\/www.elraco.com\\\/#website\"},\"datePublished\":\"2017-04-05T12:14:40+00:00\",\"dateModified\":\"2025-11-13T15:21:20+00:00\",\"description\":\"Garanzia di qualit\u00e0: Su questo motto si basa tutto il nostro lavoro. Selezioniamo ricette che rispettino i canoni della sana dieta mediterranea, con ingredienti naturali e di alta qualit\u00e0 che elaboriamo in modo da far sperimentare sensazioni uniche al palato dei nostri clienti.\",\"inLanguage\":\"it-IT\",\"potentialAction\":[{\"@type\":\"ReadAction\",\"target\":[\"https:\\\/\\\/www.elraco.com\\\/it\\\/\"]}]},{\"@type\":\"WebSite\",\"@id\":\"https:\\\/\\\/www.elraco.com\\\/#website\",\"url\":\"https:\\\/\\\/www.elraco.com\\\/\",\"name\":\"El Rac\u00f3\",\"description\":\"\",\"potentialAction\":[{\"@type\":\"SearchAction\",\"target\":{\"@type\":\"EntryPoint\",\"urlTemplate\":\"https:\\\/\\\/www.elraco.com\\\/?s={search_term_string}\"},\"query-input\":{\"@type\":\"PropertyValueSpecification\",\"valueRequired\":true,\"valueName\":\"search_term_string\"}}],\"inLanguage\":\"it-IT\"}]}<\/script>\n<!-- \/ Yoast SEO plugin. -->","yoast_head_json":{"title":"El Rac\u00f3: Restaurant Pizzeria Mediterr\u00e1nea.","description":"Garanzia di qualit\u00e0: Su questo motto si basa tutto il nostro lavoro. Selezioniamo ricette che rispettino i canoni della sana dieta mediterranea, con ingredienti naturali e di alta qualit\u00e0 che elaboriamo in modo da far sperimentare sensazioni uniche al palato dei nostri clienti.","robots":{"index":"index","follow":"follow","max-snippet":"max-snippet:-1","max-image-preview":"max-image-preview:large","max-video-preview":"max-video-preview:-1"},"canonical":"https:\/\/www.elraco.com\/it\/","og_locale":"it_IT","og_type":"article","og_title":"El Rac\u00f3: Restaurant Pizzeria Mediterr\u00e1nea.","og_description":"Garanzia di qualit\u00e0: Su questo motto si basa tutto il nostro lavoro. Selezioniamo ricette che rispettino i canoni della sana dieta mediterranea, con ingredienti naturali e di alta qualit\u00e0 che elaboriamo in modo da far sperimentare sensazioni uniche al palato dei nostri clienti.","og_url":"https:\/\/www.elraco.com\/it\/","og_site_name":"El Rac\u00f3","article_modified_time":"2025-11-13T15:21:20+00:00","twitter_misc":{"Tempo di lettura stimato":"2 minuti"},"schema":{"@context":"https:\/\/schema.org","@graph":[{"@type":"WebPage","@id":"https:\/\/www.elraco.com\/it\/","url":"https:\/\/www.elraco.com\/it\/","name":"El Rac\u00f3: Restaurant Pizzeria Mediterr\u00e1nea.","isPartOf":{"@id":"https:\/\/www.elraco.com\/#website"},"datePublished":"2017-04-05T12:14:40+00:00","dateModified":"2025-11-13T15:21:20+00:00","description":"Garanzia di qualit\u00e0: Su questo motto si basa tutto il nostro lavoro. Selezioniamo ricette che rispettino i canoni della sana dieta mediterranea, con ingredienti naturali e di alta qualit\u00e0 che elaboriamo in modo da far sperimentare sensazioni uniche al palato dei nostri clienti.","inLanguage":"it-IT","potentialAction":[{"@type":"ReadAction","target":["https:\/\/www.elraco.com\/it\/"]}]},{"@type":"WebSite","@id":"https:\/\/www.elraco.com\/#website","url":"https:\/\/www.elraco.com\/","name":"El Rac\u00f3","description":"","potentialAction":[{"@type":"SearchAction","target":{"@type":"EntryPoint","urlTemplate":"https:\/\/www.elraco.com\/?s={search_term_string}"},"query-input":{"@type":"PropertyValueSpecification","valueRequired":true,"valueName":"search_term_string"}}],"inLanguage":"it-IT"}]}},"_links":{"self":[{"href":"https:\/\/www.elraco.com\/it\/wp-json\/wp\/v2\/pages\/1170","targetHints":{"allow":["GET"]}}],"collection":[{"href":"https:\/\/www.elraco.com\/it\/wp-json\/wp\/v2\/pages"}],"about":[{"href":"https:\/\/www.elraco.com\/it\/wp-json\/wp\/v2\/types\/page"}],"author":[{"embeddable":true,"href":"https:\/\/www.elraco.com\/it\/wp-json\/wp\/v2\/users\/4"}],"replies":[{"embeddable":true,"href":"https:\/\/www.elraco.com\/it\/wp-json\/wp\/v2\/comments?post=1170"}],"version-history":[{"count":112,"href":"https:\/\/www.elraco.com\/it\/wp-json\/wp\/v2\/pages\/1170\/revisions"}],"predecessor-version":[{"id":13090,"href":"https:\/\/www.elraco.com\/it\/wp-json\/wp\/v2\/pages\/1170\/revisions\/13090"}],"wp:attachment":[{"href":"https:\/\/www.elraco.com\/it\/wp-json\/wp\/v2\/media?parent=1170"}],"curies":[{"name":"wp","href":"https:\/\/api.w.org\/{rel}","templated":true}]}}