{"id":2773,"date":"2017-05-05T10:51:30","date_gmt":"2017-05-05T08:51:30","guid":{"rendered":"http:\/\/www.elraco.com\/?page_id=2773\/"},"modified":"2018-01-02T14:40:55","modified_gmt":"2018-01-02T12:40:55","slug":"nourriture-a-emporter","status":"publish","type":"page","link":"https:\/\/www.elraco.com\/fr\/nourriture-a-emporter\/","title":{"rendered":"Plats \u00e0 emporter"},"content":{"rendered":"<div class=\"wpb-content-wrapper\"><p>[vc_row][vc_column][vc_column_text el_class=\u00a0\u00bbtitolseccio\u00a0\u00bb]TAKE AWAY[\/vc_column_text][vc_separator color=\u00a0\u00bbblack\u00a0\u00bb border_width=\u00a0\u00bb7&Prime; el_class=\u00a0\u00bblineaseccio\u00a0\u00bb][vc_column_text el_class=\u00a0\u00bbsubtitolseccio\u00a0\u00bb]Plats \u00e0 emporter[\/vc_column_text][vc_column_text css=\u00a0\u00bb.vc_custom_1495532897378{margin-bottom: 20px !important;}\u00a0\u00bb]<\/p>\n<p style=\"text-align: center;\">Si vous n&rsquo;avez pas la possibilit\u00e9 de les d\u00e9guster dans nos restaurants, peut-\u00eatre pourrez-vous emporter nos plats chez vous.<\/p>\n<p>[\/vc_column_text][\/vc_column][\/vc_row][vc_column][\/vc_column]<\/p>\n<\/div>","protected":false},"excerpt":{"rendered":"<p>[vc_row][vc_column][vc_column_text el_class=\u00a0\u00bbtitolseccio\u00a0\u00bb]TAKE AWAY[\/vc_column_text][vc_separator color=\u00a0\u00bbblack\u00a0\u00bb border_width=\u00a0\u00bb7&Prime; el_class=\u00a0\u00bblineaseccio\u00a0\u00bb][vc_column_text el_class=\u00a0\u00bbsubtitolseccio\u00a0\u00bb]Plats \u00e0 emporter[\/vc_column_text][vc_column_text css=\u00a0\u00bb.vc_custom_1495532897378{margin-bottom: 20px !important;}\u00a0\u00bb] Si vous n&rsquo;avez pas la possibilit\u00e9 de les d\u00e9guster dans nos restaurants, peut-\u00eatre pourrez-vous emporter nos plats chez vous. [\/vc_column_text][\/vc_column][\/vc_row][vc_column][\/vc_column]<\/p>\n","protected":false},"author":4,"featured_media":0,"parent":0,"menu_order":0,"comment_status":"closed","ping_status":"closed","template":"","meta":{"footnotes":""},"class_list":["post-2773","page","type-page","status-publish","hentry","description-off"],"yoast_head":"<!-- This site is optimized with the Yoast SEO plugin v27.0 - https:\/\/yoast.com\/product\/yoast-seo-wordpress\/ -->\n<title>Plats \u00e0 emporter: El Rac\u00f3. Restaurant pizzeria m\u00e9diterran\u00e9en.<\/title>\n<meta name=\"description\" content=\"Si vous n&#039;avez pas la possibilit\u00e9 de les d\u00e9guster dans nos restaurants, peut-\u00eatre pourrez-vous emporter nos plats chez vous.\" \/>\n<meta name=\"robots\" content=\"index, follow, max-snippet:-1, max-image-preview:large, max-video-preview:-1\" \/>\n<link rel=\"canonical\" href=\"https:\/\/www.elraco.com\/fr\/nourriture-a-emporter\/\" \/>\n<meta property=\"og:locale\" content=\"fr_FR\" \/>\n<meta property=\"og:type\" content=\"article\" \/>\n<meta property=\"og:title\" content=\"Plats \u00e0 emporter: El Rac\u00f3. Restaurant pizzeria m\u00e9diterran\u00e9en.\" \/>\n<meta property=\"og:description\" content=\"Si vous n&#039;avez pas la possibilit\u00e9 de les d\u00e9guster dans nos restaurants, peut-\u00eatre pourrez-vous emporter nos plats chez vous.\" \/>\n<meta property=\"og:url\" content=\"https:\/\/www.elraco.com\/fr\/nourriture-a-emporter\/\" \/>\n<meta property=\"og:site_name\" content=\"El Rac\u00f3\" \/>\n<meta property=\"article:modified_time\" content=\"2018-01-02T12:40:55+00:00\" \/>\n<script type=\"application\/ld+json\" class=\"yoast-schema-graph\">{\"@context\":\"https:\/\/schema.org\",\"@graph\":[{\"@type\":\"WebPage\",\"@id\":\"https:\/\/www.elraco.com\/fr\/nourriture-a-emporter\/\",\"url\":\"https:\/\/www.elraco.com\/fr\/nourriture-a-emporter\/\",\"name\":\"Plats \u00e0 emporter: El Rac\u00f3. Restaurant pizzeria m\u00e9diterran\u00e9en.\",\"isPartOf\":{\"@id\":\"https:\/\/www.elraco.com\/#website\"},\"datePublished\":\"2017-05-05T08:51:30+00:00\",\"dateModified\":\"2018-01-02T12:40:55+00:00\",\"description\":\"Si vous n'avez pas la possibilit\u00e9 de les d\u00e9guster dans nos restaurants, peut-\u00eatre pourrez-vous emporter nos plats chez vous.\",\"inLanguage\":\"fr-FR\",\"potentialAction\":[{\"@type\":\"ReadAction\",\"target\":[\"https:\/\/www.elraco.com\/fr\/nourriture-a-emporter\/\"]}]},{\"@type\":\"WebSite\",\"@id\":\"https:\/\/www.elraco.com\/#website\",\"url\":\"https:\/\/www.elraco.com\/\",\"name\":\"El Rac\u00f3\",\"description\":\"\",\"potentialAction\":[{\"@type\":\"SearchAction\",\"target\":{\"@type\":\"EntryPoint\",\"urlTemplate\":\"https:\/\/www.elraco.com\/?s={search_term_string}\"},\"query-input\":{\"@type\":\"PropertyValueSpecification\",\"valueRequired\":true,\"valueName\":\"search_term_string\"}}],\"inLanguage\":\"fr-FR\"}]}<\/script>\n<!-- \/ Yoast SEO plugin. -->","yoast_head_json":{"title":"Plats \u00e0 emporter: El Rac\u00f3. Restaurant pizzeria m\u00e9diterran\u00e9en.","description":"Si vous n'avez pas la possibilit\u00e9 de les d\u00e9guster dans nos restaurants, peut-\u00eatre pourrez-vous emporter nos plats chez vous.","robots":{"index":"index","follow":"follow","max-snippet":"max-snippet:-1","max-image-preview":"max-image-preview:large","max-video-preview":"max-video-preview:-1"},"canonical":"https:\/\/www.elraco.com\/fr\/nourriture-a-emporter\/","og_locale":"fr_FR","og_type":"article","og_title":"Plats \u00e0 emporter: El Rac\u00f3. Restaurant pizzeria m\u00e9diterran\u00e9en.","og_description":"Si vous n'avez pas la possibilit\u00e9 de les d\u00e9guster dans nos restaurants, peut-\u00eatre pourrez-vous emporter nos plats chez vous.","og_url":"https:\/\/www.elraco.com\/fr\/nourriture-a-emporter\/","og_site_name":"El Rac\u00f3","article_modified_time":"2018-01-02T12:40:55+00:00","schema":{"@context":"https:\/\/schema.org","@graph":[{"@type":"WebPage","@id":"https:\/\/www.elraco.com\/fr\/nourriture-a-emporter\/","url":"https:\/\/www.elraco.com\/fr\/nourriture-a-emporter\/","name":"Plats \u00e0 emporter: El Rac\u00f3. Restaurant pizzeria m\u00e9diterran\u00e9en.","isPartOf":{"@id":"https:\/\/www.elraco.com\/#website"},"datePublished":"2017-05-05T08:51:30+00:00","dateModified":"2018-01-02T12:40:55+00:00","description":"Si vous n'avez pas la possibilit\u00e9 de les d\u00e9guster dans nos restaurants, peut-\u00eatre pourrez-vous emporter nos plats chez vous.","inLanguage":"fr-FR","potentialAction":[{"@type":"ReadAction","target":["https:\/\/www.elraco.com\/fr\/nourriture-a-emporter\/"]}]},{"@type":"WebSite","@id":"https:\/\/www.elraco.com\/#website","url":"https:\/\/www.elraco.com\/","name":"El Rac\u00f3","description":"","potentialAction":[{"@type":"SearchAction","target":{"@type":"EntryPoint","urlTemplate":"https:\/\/www.elraco.com\/?s={search_term_string}"},"query-input":{"@type":"PropertyValueSpecification","valueRequired":true,"valueName":"search_term_string"}}],"inLanguage":"fr-FR"}]}},"_links":{"self":[{"href":"https:\/\/www.elraco.com\/fr\/wp-json\/wp\/v2\/pages\/2773","targetHints":{"allow":["GET"]}}],"collection":[{"href":"https:\/\/www.elraco.com\/fr\/wp-json\/wp\/v2\/pages"}],"about":[{"href":"https:\/\/www.elraco.com\/fr\/wp-json\/wp\/v2\/types\/page"}],"author":[{"embeddable":true,"href":"https:\/\/www.elraco.com\/fr\/wp-json\/wp\/v2\/users\/4"}],"replies":[{"embeddable":true,"href":"https:\/\/www.elraco.com\/fr\/wp-json\/wp\/v2\/comments?post=2773"}],"version-history":[{"count":10,"href":"https:\/\/www.elraco.com\/fr\/wp-json\/wp\/v2\/pages\/2773\/revisions"}],"predecessor-version":[{"id":9556,"href":"https:\/\/www.elraco.com\/fr\/wp-json\/wp\/v2\/pages\/2773\/revisions\/9556"}],"wp:attachment":[{"href":"https:\/\/www.elraco.com\/fr\/wp-json\/wp\/v2\/media?parent=2773"}],"curies":[{"name":"wp","href":"https:\/\/api.w.org\/{rel}","templated":true}]}}