{"id":1779,"date":"2017-04-07T09:22:33","date_gmt":"2017-04-07T07:22:33","guid":{"rendered":"http:\/\/www.elraco.com\/?page_id=1779"},"modified":"2019-05-24T13:31:55","modified_gmt":"2019-05-24T11:31:55","slug":"contact","status":"publish","type":"page","link":"https:\/\/www.elraco.com\/fr\/el-raco\/contact\/","title":{"rendered":"Contact"},"content":{"rendered":"<div class=\"wpb-content-wrapper\"><p>[vc_row][vc_column][vc_column_text el_class=\u00a0\u00bbtitolseccioelraco\u00a0\u00bb]el Rac\u00f3[\/vc_column_text][vc_separator color=\u00a0\u00bbblack\u00a0\u00bb border_width=\u00a0\u00bb7&Prime;][vc_column_text el_class=\u00a0\u00bbsubtitolseccio\u00a0\u00bb]Contact[\/vc_column_text][vc_column_text]<\/p>\n<p style=\"text-align: center;\">Si vous avez des questions \u00e0 poser ou des suggestions \u00e0 faire, n&rsquo;h\u00e9sitez pas et prenez contact avec nous. Nous vous attendons !<\/p>\n<p>[\/vc_column_text][\/vc_column][\/vc_row][vc_row margin_top=\u00a0\u00bb25px\u00a0\u00bb][vc_column width=\u00a0\u00bb1\/2&Prime;][vc_column_text el_class=\u00a0\u00bbtitolseccio-secundari\u00a0\u00bb]Donn\u00e9es de contact[\/vc_column_text][vc_separator color=\u00a0\u00bbblack\u00a0\u00bb border_width=\u00a0\u00bb4&Prime; css=\u00a0\u00bb.vc_custom_1494840820723{margin-bottom: 20px !important;}\u00a0\u00bb][vc_row_inner css=\u00a0\u00bb.vc_custom_1496055120616{margin-top: 20px !important;}\u00a0\u00bb][vc_column_inner][vc_message message_box_style=\u00a0\u00bbsolid\u00a0\u00bb message_box_color=\u00a0\u00bbwhite\u00a0\u00bb icon_fontawesome=\u00a0\u00bbfa fa-home\u00a0\u00bb]<span style=\"color: #000000;\">Carrer Arnau Sa Bruguera 12, 17230 Palam\u00f3s, Girona<\/span>[\/vc_message][vc_message message_box_style=\u00a0\u00bbsolid\u00a0\u00bb message_box_color=\u00a0\u00bbwhite\u00a0\u00bb icon_fontawesome=\u00a0\u00bbfa fa-envelope-o\u00a0\u00bb]<span style=\"color: #000000;\"><a href=\"mailto:info@elraco.com\">info@elraco.com <\/a><\/span>[\/vc_message][vc_message message_box_style=\u00a0\u00bbsolid\u00a0\u00bb message_box_color=\u00a0\u00bbwhite\u00a0\u00bb icon_fontawesome=\u00a0\u00bbfa fa-phone\u00a0\u00bb]<a href=\"tel:972 31 58 08\">972 31 58 08<\/a>[\/vc_message][vc_message message_box_style=\u00a0\u00bbsolid\u00a0\u00bb message_box_color=\u00a0\u00bbwhite\u00a0\u00bb icon_fontawesome=\u00a0\u00bbfa fa-facebook\u00a0\u00bb]<a href=\"https:\/\/www.facebook.com\/pizzeriaelraco\/\" target=\"_blank\" rel=\"noopener noreferrer\">Facebook<\/a>[\/vc_message][vc_message message_box_style=\u00a0\u00bbsolid\u00a0\u00bb message_box_color=\u00a0\u00bbwhite\u00a0\u00bb icon_fontawesome=\u00a0\u00bbfa fa-google\u00a0\u00bb]<a href=\"https:\/\/www.google.es\/maps\/place\/Restanova\/@41.8597811,3.1323967,15z\/data=!4m5!3m4!1s0x0:0xe5295cc27632f9e6!8m2!3d41.8597811!4d3.1323967\" target=\"_blank\" rel=\"noopener noreferrer\">Google<\/a>[\/vc_message][\/vc_column_inner][\/vc_row_inner][vc_column_text el_class=\u00a0\u00bbtitolseccio-secundari\u00a0\u00bb css=\u00a0\u00bb.vc_custom_1496055230334{margin-top: 25px !important;}\u00a0\u00bb]Horaire[\/vc_column_text][vc_separator color=\u00a0\u00bbblack\u00a0\u00bb border_width=\u00a0\u00bb4&Prime; css=\u00a0\u00bb.vc_custom_1494840820723{margin-bottom: 20px !important;}\u00a0\u00bb][vc_row_inner][vc_column_inner width=\u00a0\u00bb1\/2&Prime;]<div class=\"aio-icon-component  vc_custom_1499343660196   style_1\"><div id=\"Info-box-wrap-6891\" class=\"aio-icon-box left-icon\" style=\"\"  ><div class=\"aio-ibd-block\"><div class=\"aio-icon-description ult-responsive\"  data-ultimate-target='#Info-box-wrap-6891 .aio-icon-description'  data-responsive-json-new='{\"font-size\":\"\",\"line-height\":\"\"}'  style=\"\"><strong>Du lundi au vendredi:<\/strong><\/p>\n<p>8:00 &#8211; 15:00<\/div> <!-- description --><\/div> <!-- aio-ibd-block --><\/div> <!-- aio-icon-box --><\/div> <!-- aio-icon-component -->[\/vc_column_inner][vc_column_inner width=\u00a0\u00bb1\/2&Prime;]<div class=\"aio-icon-component  vc_custom_1499343682640   style_1\"><div id=\"Info-box-wrap-4641\" class=\"aio-icon-box left-icon\" style=\"\"  ><div class=\"aio-ibd-block\"><div class=\"aio-icon-description ult-responsive\"  data-ultimate-target='#Info-box-wrap-4641 .aio-icon-description'  data-responsive-json-new='{\"font-size\":\"\",\"line-height\":\"\"}'  style=\"\"><strong>Samedis et dimanches :<\/strong><\/p>\n<p>Ferm\u00e9<\/div> <!-- description --><\/div> <!-- aio-ibd-block --><\/div> <!-- aio-icon-box --><\/div> <!-- aio-icon-component -->[\/vc_column_inner][\/vc_row_inner][\/vc_column][vc_column width=\u00a0\u00bb1\/2&Prime;][vc_column_text el_class=\u00a0\u00bbtitolseccio-secundari\u00a0\u00bb]Formulaire de contact[\/vc_column_text][vc_separator color=\u00a0\u00bbblack\u00a0\u00bb border_width=\u00a0\u00bb4&Prime; css=\u00a0\u00bb.vc_custom_1494840820723{margin-bottom: 20px !important;}\u00a0\u00bb][vc_column_text]\n<div class=\"wpcf7 no-js\" id=\"wpcf7-f6729-o1\" lang=\"ca\" dir=\"ltr\" data-wpcf7-id=\"6729\">\n<div class=\"screen-reader-response\"><p role=\"status\" aria-live=\"polite\" aria-atomic=\"true\"><\/p> <ul><\/ul><\/div>\n<form action=\"\/fr\/wp-json\/wp\/v2\/pages\/1779#wpcf7-f6729-o1\" method=\"post\" class=\"wpcf7-form init\" aria-label=\"Formulari de contacte\" novalidate=\"novalidate\" data-status=\"init\">\n<fieldset class=\"hidden-fields-container\"><input type=\"hidden\" name=\"_wpcf7\" value=\"6729\" \/><input type=\"hidden\" name=\"_wpcf7_version\" value=\"6.1.5\" \/><input type=\"hidden\" name=\"_wpcf7_locale\" value=\"ca\" \/><input type=\"hidden\" name=\"_wpcf7_unit_tag\" value=\"wpcf7-f6729-o1\" \/><input type=\"hidden\" name=\"_wpcf7_container_post\" value=\"0\" \/><input type=\"hidden\" name=\"_wpcf7_posted_data_hash\" value=\"\" \/>\n<\/fieldset>\n<p><span class=\"wpcf7-form-control-wrap\" data-name=\"your-name\"><input size=\"40\" maxlength=\"400\" class=\"wpcf7-form-control wpcf7-text wpcf7-validates-as-required\" aria-required=\"true\" aria-invalid=\"false\" placeholder=\"Nom *\" value=\"\" type=\"text\" name=\"your-name\" \/><\/span>\n<\/p>\n<p><span class=\"wpcf7-form-control-wrap\" data-name=\"your-email\"><input size=\"40\" maxlength=\"400\" class=\"wpcf7-form-control wpcf7-email wpcf7-validates-as-required wpcf7-text wpcf7-validates-as-email\" aria-required=\"true\" aria-invalid=\"false\" placeholder=\"Courrier \u00e9lectronique *\" value=\"\" type=\"email\" name=\"your-email\" \/><\/span>\n<\/p>\n<p><span class=\"wpcf7-form-control-wrap\" data-name=\"your-phone\"><input size=\"40\" maxlength=\"400\" class=\"wpcf7-form-control wpcf7-tel wpcf7-text wpcf7-validates-as-tel\" aria-invalid=\"false\" placeholder=\"T\u00e9l\u00e9phone\" value=\"\" type=\"tel\" name=\"your-phone\" \/><\/span>\n<\/p>\n<p><span class=\"wpcf7-form-control-wrap\" data-name=\"your-subject\"><input size=\"40\" maxlength=\"400\" class=\"wpcf7-form-control wpcf7-text\" aria-invalid=\"false\" placeholder=\"Objet\" value=\"\" type=\"text\" name=\"your-subject\" \/><\/span>\n<\/p>\n<p><span class=\"wpcf7-form-control-wrap\" data-name=\"your-message\"><textarea cols=\"40\" rows=\"10\" maxlength=\"2000\" class=\"wpcf7-form-control wpcf7-textarea\" aria-invalid=\"false\" placeholder=\"Commentaire\" name=\"your-message\"><\/textarea><\/span>\n<\/p>\n<p><span class=\"wpcf7-form-control-wrap\" data-name=\"acceptance-privacitat\"><span class=\"wpcf7-form-control wpcf7-acceptance\"><span class=\"wpcf7-list-item\"><input type=\"checkbox\" name=\"acceptance-privacitat\" value=\"1\" aria-invalid=\"false\" \/><\/span><\/span><\/span> J'ai lu et compris la politique de confidentialit\u00e9 et <a href=\"\/fr\/politique-de-confidentialite\/\"><\/a>\n<\/p>\n<div id=\"cf7sr-69de6421e4391\" class=\"cf7sr-g-recaptcha\" data-theme=\"light\" data-type=\"image\" data-size=\"normal\" data-sitekey=\"6LeB-9sUAAAAACmQj84nvd_pjD_2_oFzVuLU7DHo\"><\/div><span class=\"wpcf7-form-control-wrap cf7sr-recaptcha\" data-name=\"cf7sr-recaptcha\"><input type=\"hidden\" name=\"cf7sr-recaptcha\" value=\"\" class=\"wpcf7-form-control\"><\/span>\n<\/p>\n<p><input class=\"wpcf7-form-control wpcf7-submit has-spinner\" type=\"submit\" value=\"Envoyer\" \/>\n<\/p><div class=\"wpcf7-response-output\" aria-hidden=\"true\"><\/div>\n<\/form>\n<\/div>\n[\/vc_column_text][\/vc_column][\/vc_row][vc_row margin_top=\u00a0\u00bb20px\u00a0\u00bb][vc_column css=\u00a0\u00bb.vc_custom_1495183380853{margin-bottom: -95px !important;}\u00a0\u00bb]<div id='wrap_map_69de6421e7e5b' class='ultimate-map-wrapper ult-adjust-bottom-margin ' style=' height:500px;'><div id='map_69de6421e7e5b' data-map_override='ex-full' class='ultimate_google_map wpb_content_element 0' style='width:100%;height:500px;'><\/div><\/div><script type='text\/javascript'>\n\t\t\t(function($) {\n  \t\t\t'use strict';\n\t\t\tvar map_map_69de6421e7e5b = null;\n\t\t\tvar coordinate_map_69de6421e7e5b;\n\t\t\tvar isDraggable = $(document).width() > 641 ? 'true' : 'true';\n\t\t\ttry\n\t\t\t{\n\t\t\t\tvar map_map_69de6421e7e5b = null;\n\t\t\t\tvar coordinate_map_69de6421e7e5b;\n\t\t\t\tcoordinate_map_69de6421e7e5b = new google.maps.LatLng(41.8597706, 3.1323916);\n\t\t\t\tvar mapOptions=\n\t\t\t\t{\n\t\t\t\t\tzoom: 20,\n\t\t\t\t\tcenter: coordinate_map_69de6421e7e5b,\n\t\t\t\t\tscaleControl: true,\n\t\t\t\t\tstreetViewControl: false,\n\t\t\t\t\tmapTypeControl: false,\n\t\t\t\t\tpanControl: false,\n\t\t\t\t\tzoomControl: false,\n\t\t\t\t\tscrollwheel: true,\n\t\t\t\t\tdraggable: isDraggable,\n\t\t\t\t\tzoomControlOptions: {\n\t\t\t\t\t\tposition: google.maps.ControlPosition.right_bottom\n\t\t\t\t\t},mapTypeId: google.maps.MapTypeId.roadmap,};var map_map_69de6421e7e5b = new google.maps.Map(document.getElementById('map_69de6421e7e5b'),mapOptions);\n\t\t\t\t\t\tvar x = 'infowindow_open_value';\n\t\t\t\t\t\tvar marker_map_69de6421e7e5b = new google.maps.Marker({\n\t\t\t\t\t\tposition: new google.maps.LatLng('41.8597706', '3.1323916'),\n\t\t\t\t\t\tanimation:  google.maps.Animation.DROP,\n\t\t\t\t\t\tmap: map_map_69de6421e7e5b,\n\t\t\t\t\t\ticon: 'https:\/\/www.elraco.com\/wp-content\/uploads\/2017\/04\/markt.png'\n\t\t\t\t\t});\tgoogle.maps.event.addListener(marker_map_69de6421e7e5b, 'click', toggleBounce);var infowindow = new google.maps.InfoWindow();\n\t\t\t\t\t\t\tinfowindow.setContent('<div class=\"map_info_text\" style=\\'color:#000;\\'>RESTANOVA, S.L.<\/p> <p>C\/ Arnau Sa Bruguera, 12<\/p> <p>17230 Palam\u00f3s, Girona<\/div>');google.maps.event.addListener(marker_map_69de6421e7e5b, 'click', function() {\n\t\t\t\t\t\t\t\tinfowindow.open(map_map_69de6421e7e5b,marker_map_69de6421e7e5b);\n\t\t\t\t\t\t  \t});}\n\t\t\tcatch(e){};\n\t\t\tjQuery(document).ready(function($){\n\t\t\t\tgoogle.maps.event.trigger(map_map_69de6421e7e5b, 'resize');\n\t\t\t\t$(window).on('resize', function(){\n\t\t\t\t\tgoogle.maps.event.trigger(map_map_69de6421e7e5b, 'resize');\n\t\t\t\t\tif(map_map_69de6421e7e5b!=null)\n\t\t\t\t\t\tmap_map_69de6421e7e5b.setCenter(coordinate_map_69de6421e7e5b);\n\t\t\t\t});\n\t\t\t\t$('.ui-tabs').on('tabsactivate', function(event, ui) {\n\t\t\t\t   if($(this).find('.ultimate-map-wrapper').length > 0)\n\t\t\t\t\t{\n\t\t\t\t\t\tsetTimeout(function(){\n\t\t\t\t\t\t\t$(window).trigger('resize');\n\t\t\t\t\t\t},200);\n\t\t\t\t\t}\n\t\t\t\t});\n\t\t\t\t$('.ui-accordion').on('accordionactivate', function(event, ui) {\n\t\t\t\t   if($(this).find('.ultimate-map-wrapper').length > 0)\n\t\t\t\t\t{\n\t\t\t\t\t\tsetTimeout(function(){\n\t\t\t\t\t\t\t$(window).trigger('resize');\n\t\t\t\t\t\t},200);\n\t\t\t\t\t}\n\t\t\t\t});\n\t\t\t\t$(window).on('load',function(){\n\t\t\t\t\tsetTimeout(function(){\n\t\t\t\t\t\t$(window).trigger('resize');\n\t\t\t\t\t},200);\n\t\t\t\t});\n\t\t\t\t$('.ult_exp_section').on('select', function(){\n\t\t\t\t\tif($(map_map_69de6421e7e5b).parents('.ult_exp_section'))\n\t\t\t\t\t{\n\t\t\t\t\t\tsetTimeout(function(){\n\t\t\t\t\t\t\t$(window).trigger('resize');\n\t\t\t\t\t\t},200);\n\t\t\t\t\t}\n\t\t\t\t});\n\t\t\t\t$(document).on('onUVCModalPopupOpen', function(){\n\t\t\t\t\tif($(map_map_69de6421e7e5b).parents('.ult_modal-content'))\n\t\t\t\t\t{\n\t\t\t\t\t\tsetTimeout(function(){\n\t\t\t\t\t\t\t$(window).trigger('resize');\n\t\t\t\t\t\t},200);\n\t\t\t\t\t}\n\t\t\t\t});\n\t\t\t\t$(document).on('click','.ult_tab_li',function(){\n\t\t\t\t\t$(window).trigger('resize');\n\t\t\t\t\tsetTimeout(function(){\n\t\t\t\t\t\t$(window).trigger('resize');\n\t\t\t\t\t},200);\n\t\t\t\t});\n\t\t\t});\n\t\t\tfunction toggleBounce() {\n\t\t\t  if (marker_map_69de6421e7e5b.getAnimation() != null) {\n\t\t\t\tmarker_map_69de6421e7e5b.setAnimation(null);\n\t\t\t  } else {\n\t\t\t\tmarker_map_69de6421e7e5b.setAnimation(google.maps.Animation.BOUNCE);\n\t\t\t  }\n\t\t\t}\n\t\t\t})(jQuery);\n\t\t\t<\/script>[\/vc_column][\/vc_row]<\/p>\n<\/div>","protected":false},"excerpt":{"rendered":"<p>[vc_row][vc_column][vc_column_text el_class=\u00a0\u00bbtitolseccioelraco\u00a0\u00bb]el Rac\u00f3[\/vc_column_text][vc_separator color=\u00a0\u00bbblack\u00a0\u00bb border_width=\u00a0\u00bb7&Prime;][vc_column_text el_class=\u00a0\u00bbsubtitolseccio\u00a0\u00bb]Contact[\/vc_column_text][vc_column_text] Si vous avez des questions \u00e0 poser ou des suggestions \u00e0 faire, n&rsquo;h\u00e9sitez pas et prenez contact avec nous. Nous vous attendons ! [\/vc_column_text][\/vc_column][\/vc_row][vc_row margin_top=\u00a0\u00bb25px\u00a0\u00bb][vc_column width=\u00a0\u00bb1\/2&Prime;][vc_column_text el_class=\u00a0\u00bbtitolseccio-secundari\u00a0\u00bb]Donn\u00e9es de contact[\/vc_column_text][vc_separator color=\u00a0\u00bbblack\u00a0\u00bb border_width=\u00a0\u00bb4&Prime; css=\u00a0\u00bb.vc_custom_1494840820723{margin-bottom: 20px !important;}\u00a0\u00bb][vc_row_inner css=\u00a0\u00bb.vc_custom_1496055120616{margin-top: 20px !important;}\u00a0\u00bb][vc_column_inner][vc_message message_box_style=\u00a0\u00bbsolid\u00a0\u00bb message_box_color=\u00a0\u00bbwhite\u00a0\u00bb icon_fontawesome=\u00a0\u00bbfa fa-home\u00a0\u00bb]Carrer Arnau Sa Bruguera 12, 17230 Palam\u00f3s, Girona[\/vc_message][vc_message message_box_style=\u00a0\u00bbsolid\u00a0\u00bb&hellip;<\/p>\n","protected":false},"author":4,"featured_media":0,"parent":2706,"menu_order":0,"comment_status":"closed","ping_status":"closed","template":"","meta":{"footnotes":""},"class_list":["post-1779","page","type-page","status-publish","hentry","description-off"],"yoast_head":"<!-- This site is optimized with the Yoast SEO plugin v27.0 - https:\/\/yoast.com\/product\/yoast-seo-wordpress\/ -->\n<title>Contact: El Rac\u00f3. Restaurant pizzeria m\u00e9diterran\u00e9en.<\/title>\n<meta name=\"description\" content=\"Si vous avez des questions \u00e0 poser ou des suggestions \u00e0 faire, n&#039;h\u00e9sitez pas et prenez contact avec nous. Nous vous attendons !\" \/>\n<meta name=\"robots\" content=\"index, follow, max-snippet:-1, max-image-preview:large, max-video-preview:-1\" \/>\n<link rel=\"canonical\" href=\"https:\/\/www.elraco.com\/fr\/el-raco\/contact\/\" \/>\n<meta property=\"og:locale\" content=\"fr_FR\" \/>\n<meta property=\"og:type\" content=\"article\" \/>\n<meta property=\"og:title\" content=\"Contact: El Rac\u00f3. Restaurant pizzeria m\u00e9diterran\u00e9en.\" \/>\n<meta property=\"og:description\" content=\"Si vous avez des questions \u00e0 poser ou des suggestions \u00e0 faire, n&#039;h\u00e9sitez pas et prenez contact avec nous. Nous vous attendons !\" \/>\n<meta property=\"og:url\" content=\"https:\/\/www.elraco.com\/fr\/el-raco\/contact\/\" \/>\n<meta property=\"og:site_name\" content=\"El Rac\u00f3\" \/>\n<meta property=\"article:modified_time\" content=\"2019-05-24T11:31:55+00:00\" \/>\n<meta name=\"twitter:label1\" content=\"Dur\u00e9e de lecture estim\u00e9e\" \/>\n\t<meta name=\"twitter:data1\" content=\"2 minutes\" \/>\n<script type=\"application\/ld+json\" class=\"yoast-schema-graph\">{\"@context\":\"https:\/\/schema.org\",\"@graph\":[{\"@type\":\"WebPage\",\"@id\":\"https:\/\/www.elraco.com\/fr\/el-raco\/contact\/\",\"url\":\"https:\/\/www.elraco.com\/fr\/el-raco\/contact\/\",\"name\":\"Contact: El Rac\u00f3. Restaurant pizzeria m\u00e9diterran\u00e9en.\",\"isPartOf\":{\"@id\":\"https:\/\/www.elraco.com\/#website\"},\"datePublished\":\"2017-04-07T07:22:33+00:00\",\"dateModified\":\"2019-05-24T11:31:55+00:00\",\"description\":\"Si vous avez des questions \u00e0 poser ou des suggestions \u00e0 faire, n'h\u00e9sitez pas et prenez contact avec nous. Nous vous attendons !\",\"breadcrumb\":{\"@id\":\"https:\/\/www.elraco.com\/fr\/el-raco\/contact\/#breadcrumb\"},\"inLanguage\":\"fr-FR\",\"potentialAction\":[{\"@type\":\"ReadAction\",\"target\":[\"https:\/\/www.elraco.com\/fr\/el-raco\/contact\/\"]}]},{\"@type\":\"BreadcrumbList\",\"@id\":\"https:\/\/www.elraco.com\/fr\/el-raco\/contact\/#breadcrumb\",\"itemListElement\":[{\"@type\":\"ListItem\",\"position\":1,\"name\":\"el Rac\u00f3\",\"item\":\"https:\/\/www.elraco.com\/fr\/el-raco\/\"},{\"@type\":\"ListItem\",\"position\":2,\"name\":\"Contact\"}]},{\"@type\":\"WebSite\",\"@id\":\"https:\/\/www.elraco.com\/#website\",\"url\":\"https:\/\/www.elraco.com\/\",\"name\":\"El Rac\u00f3\",\"description\":\"\",\"potentialAction\":[{\"@type\":\"SearchAction\",\"target\":{\"@type\":\"EntryPoint\",\"urlTemplate\":\"https:\/\/www.elraco.com\/?s={search_term_string}\"},\"query-input\":{\"@type\":\"PropertyValueSpecification\",\"valueRequired\":true,\"valueName\":\"search_term_string\"}}],\"inLanguage\":\"fr-FR\"}]}<\/script>\n<!-- \/ Yoast SEO plugin. -->","yoast_head_json":{"title":"Contact: El Rac\u00f3. Restaurant pizzeria m\u00e9diterran\u00e9en.","description":"Si vous avez des questions \u00e0 poser ou des suggestions \u00e0 faire, n'h\u00e9sitez pas et prenez contact avec nous. Nous vous attendons !","robots":{"index":"index","follow":"follow","max-snippet":"max-snippet:-1","max-image-preview":"max-image-preview:large","max-video-preview":"max-video-preview:-1"},"canonical":"https:\/\/www.elraco.com\/fr\/el-raco\/contact\/","og_locale":"fr_FR","og_type":"article","og_title":"Contact: El Rac\u00f3. Restaurant pizzeria m\u00e9diterran\u00e9en.","og_description":"Si vous avez des questions \u00e0 poser ou des suggestions \u00e0 faire, n'h\u00e9sitez pas et prenez contact avec nous. Nous vous attendons !","og_url":"https:\/\/www.elraco.com\/fr\/el-raco\/contact\/","og_site_name":"El Rac\u00f3","article_modified_time":"2019-05-24T11:31:55+00:00","twitter_misc":{"Dur\u00e9e de lecture estim\u00e9e":"2 minutes"},"schema":{"@context":"https:\/\/schema.org","@graph":[{"@type":"WebPage","@id":"https:\/\/www.elraco.com\/fr\/el-raco\/contact\/","url":"https:\/\/www.elraco.com\/fr\/el-raco\/contact\/","name":"Contact: El Rac\u00f3. Restaurant pizzeria m\u00e9diterran\u00e9en.","isPartOf":{"@id":"https:\/\/www.elraco.com\/#website"},"datePublished":"2017-04-07T07:22:33+00:00","dateModified":"2019-05-24T11:31:55+00:00","description":"Si vous avez des questions \u00e0 poser ou des suggestions \u00e0 faire, n'h\u00e9sitez pas et prenez contact avec nous. Nous vous attendons !","breadcrumb":{"@id":"https:\/\/www.elraco.com\/fr\/el-raco\/contact\/#breadcrumb"},"inLanguage":"fr-FR","potentialAction":[{"@type":"ReadAction","target":["https:\/\/www.elraco.com\/fr\/el-raco\/contact\/"]}]},{"@type":"BreadcrumbList","@id":"https:\/\/www.elraco.com\/fr\/el-raco\/contact\/#breadcrumb","itemListElement":[{"@type":"ListItem","position":1,"name":"el Rac\u00f3","item":"https:\/\/www.elraco.com\/fr\/el-raco\/"},{"@type":"ListItem","position":2,"name":"Contact"}]},{"@type":"WebSite","@id":"https:\/\/www.elraco.com\/#website","url":"https:\/\/www.elraco.com\/","name":"El Rac\u00f3","description":"","potentialAction":[{"@type":"SearchAction","target":{"@type":"EntryPoint","urlTemplate":"https:\/\/www.elraco.com\/?s={search_term_string}"},"query-input":{"@type":"PropertyValueSpecification","valueRequired":true,"valueName":"search_term_string"}}],"inLanguage":"fr-FR"}]}},"_links":{"self":[{"href":"https:\/\/www.elraco.com\/fr\/wp-json\/wp\/v2\/pages\/1779","targetHints":{"allow":["GET"]}}],"collection":[{"href":"https:\/\/www.elraco.com\/fr\/wp-json\/wp\/v2\/pages"}],"about":[{"href":"https:\/\/www.elraco.com\/fr\/wp-json\/wp\/v2\/types\/page"}],"author":[{"embeddable":true,"href":"https:\/\/www.elraco.com\/fr\/wp-json\/wp\/v2\/users\/4"}],"replies":[{"embeddable":true,"href":"https:\/\/www.elraco.com\/fr\/wp-json\/wp\/v2\/comments?post=1779"}],"version-history":[{"count":73,"href":"https:\/\/www.elraco.com\/fr\/wp-json\/wp\/v2\/pages\/1779\/revisions"}],"predecessor-version":[{"id":11154,"href":"https:\/\/www.elraco.com\/fr\/wp-json\/wp\/v2\/pages\/1779\/revisions\/11154"}],"up":[{"embeddable":true,"href":"https:\/\/www.elraco.com\/fr\/wp-json\/wp\/v2\/pages\/2706"}],"wp:attachment":[{"href":"https:\/\/www.elraco.com\/fr\/wp-json\/wp\/v2\/media?parent=1779"}],"curies":[{"name":"wp","href":"https:\/\/api.w.org\/{rel}","templated":true}]}}