{"id":1767,"date":"2017-04-24T12:02:47","date_gmt":"2017-04-24T10:02:47","guid":{"rendered":"http:\/\/www.elraco.com\/?page_id=1767"},"modified":"2018-01-03T20:45:38","modified_gmt":"2018-01-03T18:45:38","slug":"travailler-avec-nous","status":"publish","type":"page","link":"https:\/\/www.elraco.com\/fr\/el-raco\/travailler-avec-nous\/","title":{"rendered":"Travailler avec nous"},"content":{"rendered":"<div class=\"wpb-content-wrapper\"><p>[vc_row][vc_column][vc_column_text el_class=\u00a0\u00bbtitolseccioelraco\u00a0\u00bb]el Rac\u00f3[\/vc_column_text][vc_separator color=\u00a0\u00bbblack\u00a0\u00bb border_width=\u00a0\u00bb7&Prime; el_class=\u00a0\u00bblineaseccio\u00a0\u00bb][vc_column_text el_class=\u00a0\u00bbsubtitolseccio\u00a0\u00bb]Travaillez avec nous[\/vc_column_text][vc_column_text]<\/p>\n<p style=\"text-align: center;\">Nous vous proposons de faire notre connaissance et de nous laisser vous montrer ce que nous sommes. Ce sera sans doute le d\u00e9but d&rsquo;une belle amiti\u00e9.<\/p>\n<p>[\/vc_column_text][\/vc_column][\/vc_row][vc_row margin_top=\u00a0\u00bb30px\u00a0\u00bb][vc_column width=\u00a0\u00bb1\/2&Prime; css=\u00a0\u00bb.vc_custom_1495007435715{background-color: #ffffff !important;}\u00a0\u00bb][vc_column_text]<\/p>\n<p style=\"text-align: center;\"><span style=\"color: #000000; font-family: 'Playfair Display'; font-size: 27px; font-weight: 600;\">La force d&rsquo;une grande \u00e9quipe.<\/span><\/p>\n<p>[\/vc_column_text][vc_column_text css=\u00a0\u00bb.vc_custom_1498820885550{margin-top: 20px !important;}\u00a0\u00bb]<\/p>\n<p style=\"text-align: justify;\">Engag\u00e9s comme nous le sommes envers l&#8217;emploi de qualit\u00e9, conscients de l&rsquo;importance de g\u00e9rer et de renforcer les talents, nous proposons des conditions de travail stables. De plus, nous offrons un environnement de travail agr\u00e9able et flexible, avec des possibilit\u00e9s d&rsquo;avenir, afin de construire une carri\u00e8re professionnelle bas\u00e9e sur le respect.<\/p>\n<p>[\/vc_column_text][vc_row_inner css=\u00a0\u00bb.vc_custom_1492767071099{margin-top: 20px !important;}\u00a0\u00bb][vc_column_inner]<div class=\"standard-arrow list-divider bullet-top\"><ul>\n<li>Respect et reconnaissance<\/li>\n<li>D\u00e9veloppement personnel et professionnel<\/li>\n<li>Valeurs reposant sur les comp\u00e9tences de leadership de la personne<\/li>\n<li>Salaire comp\u00e9titif et motivations<\/li>\n<li>Ressources pour d\u00e9velopper le travail<\/li>\n<\/ul>\n<\/div>[\/vc_column_inner][\/vc_row_inner][\/vc_column][vc_column width=\u00a0\u00bb1\/2&Prime;][vc_column_text]<\/p>\n<p style=\"text-align: center;\"><span style=\"color: #000000; font-family: 'Playfair Display'; font-size: 27px; font-weight: 600;\">Envoyez-nous votre CV<\/span><\/p>\n<p>[\/vc_column_text][vc_column_text css=\u00a0\u00bb.vc_custom_1499344947671{margin-top: 20px !important;}\u00a0\u00bb]\n<div class=\"wpcf7 no-js\" id=\"wpcf7-f6859-o1\" lang=\"ca\" dir=\"ltr\" data-wpcf7-id=\"6859\">\n<div class=\"screen-reader-response\"><p role=\"status\" aria-live=\"polite\" aria-atomic=\"true\"><\/p> <ul><\/ul><\/div>\n<form action=\"\/fr\/wp-json\/wp\/v2\/pages\/1767#wpcf7-f6859-o1\" method=\"post\" class=\"wpcf7-form init\" aria-label=\"Formulari de contacte\" enctype=\"multipart\/form-data\" novalidate=\"novalidate\" data-status=\"init\">\n<fieldset class=\"hidden-fields-container\"><input type=\"hidden\" name=\"_wpcf7\" value=\"6859\" \/><input type=\"hidden\" name=\"_wpcf7_version\" value=\"6.1.5\" \/><input type=\"hidden\" name=\"_wpcf7_locale\" value=\"ca\" \/><input type=\"hidden\" name=\"_wpcf7_unit_tag\" value=\"wpcf7-f6859-o1\" \/><input type=\"hidden\" name=\"_wpcf7_container_post\" value=\"0\" \/><input type=\"hidden\" name=\"_wpcf7_posted_data_hash\" value=\"\" \/>\n<\/fieldset>\n<p><span class=\"wpcf7-form-control-wrap\" data-name=\"your-name\"><input size=\"40\" maxlength=\"400\" class=\"wpcf7-form-control wpcf7-text wpcf7-validates-as-required\" aria-required=\"true\" aria-invalid=\"false\" placeholder=\"Nom *\" value=\"\" type=\"text\" name=\"your-name\" \/><\/span>\n<\/p>\n<p><span class=\"wpcf7-form-control-wrap\" data-name=\"your-email\"><input size=\"40\" maxlength=\"400\" class=\"wpcf7-form-control wpcf7-email wpcf7-validates-as-required wpcf7-text wpcf7-validates-as-email\" aria-required=\"true\" aria-invalid=\"false\" placeholder=\"Courrier \u00e9lectronique *\" value=\"\" type=\"email\" name=\"your-email\" \/><\/span>\n<\/p>\n<p><span class=\"wpcf7-form-control-wrap\" data-name=\"your-phone\"><input size=\"40\" maxlength=\"400\" class=\"wpcf7-form-control wpcf7-tel wpcf7-text wpcf7-validates-as-tel\" aria-invalid=\"false\" placeholder=\"T\u00e9l\u00e9phone\" value=\"\" type=\"tel\" name=\"your-phone\" \/><\/span>\n<\/p>\n<p><span class=\"wpcf7-form-control-wrap\" data-name=\"your-subject\"><input size=\"40\" maxlength=\"400\" class=\"wpcf7-form-control wpcf7-text\" aria-invalid=\"false\" placeholder=\"Objet\" value=\"\" type=\"text\" name=\"your-subject\" \/><\/span>\n<\/p>\n<p><span class=\"wpcf7-form-control-wrap\" data-name=\"your-message\"><textarea cols=\"40\" rows=\"10\" maxlength=\"2000\" class=\"wpcf7-form-control wpcf7-textarea\" aria-invalid=\"false\" placeholder=\"Commentaire\" name=\"your-message\"><\/textarea><\/span>\n<\/p>\n<p><span class=\"wpcf7-form-control-wrap\" data-name=\"file-21\"><input size=\"40\" class=\"wpcf7-form-control wpcf7-file wpcf7-validates-as-required\" accept=\".pdf,.txt,.doc,.docx\" aria-required=\"true\" aria-invalid=\"false\" type=\"file\" name=\"file-21\" \/><\/span>\n<\/p>\n<p><span class=\"wpcf7-form-control-wrap\" data-name=\"acceptance-privacitat\"><span class=\"wpcf7-form-control wpcf7-acceptance\"><span class=\"wpcf7-list-item\"><input type=\"checkbox\" name=\"acceptance-privacitat\" value=\"1\" aria-invalid=\"false\" \/><\/span><\/span><\/span> J'ai lu et compris la politique de confidentialit\u00e9 et je l'accepte.\n<\/p>\n<div id=\"cf7sr-69de699028b00\" class=\"cf7sr-g-recaptcha\" data-theme=\"light\" data-type=\"image\" data-size=\"normal\" data-sitekey=\"6LeB-9sUAAAAACmQj84nvd_pjD_2_oFzVuLU7DHo\"><\/div><span class=\"wpcf7-form-control-wrap cf7sr-recaptcha\" data-name=\"cf7sr-recaptcha\"><input type=\"hidden\" name=\"cf7sr-recaptcha\" value=\"\" class=\"wpcf7-form-control\"><\/span>\n<\/p>\n<p><input class=\"wpcf7-form-control wpcf7-submit has-spinner\" type=\"submit\" value=\"Envoyer\" \/>\n<\/p><div class=\"wpcf7-response-output\" aria-hidden=\"true\"><\/div>\n<\/form>\n<\/div>\n[\/vc_column_text][\/vc_column][\/vc_row][vc_row][vc_column][vc_separator border_width=\u00a0\u00bb2&Prime; css=\u00a0\u00bb.vc_custom_1495183009255{margin-top: 20px !important;}\u00a0\u00bb][\/vc_column][\/vc_row]<\/p>\n<\/div>","protected":false},"excerpt":{"rendered":"<p>[vc_row][vc_column][vc_column_text el_class=\u00a0\u00bbtitolseccioelraco\u00a0\u00bb]el Rac\u00f3[\/vc_column_text][vc_separator color=\u00a0\u00bbblack\u00a0\u00bb border_width=\u00a0\u00bb7&Prime; el_class=\u00a0\u00bblineaseccio\u00a0\u00bb][vc_column_text el_class=\u00a0\u00bbsubtitolseccio\u00a0\u00bb]Travaillez avec nous[\/vc_column_text][vc_column_text] Nous vous proposons de faire notre connaissance et de nous laisser vous montrer ce que nous sommes. Ce sera sans doute le d\u00e9but d&rsquo;une belle amiti\u00e9. [\/vc_column_text][\/vc_column][\/vc_row][vc_row margin_top=\u00a0\u00bb30px\u00a0\u00bb][vc_column width=\u00a0\u00bb1\/2&Prime; css=\u00a0\u00bb.vc_custom_1495007435715{background-color: #ffffff !important;}\u00a0\u00bb][vc_column_text] La force d&rsquo;une grande \u00e9quipe. [\/vc_column_text][vc_column_text css=\u00a0\u00bb.vc_custom_1498820885550{margin-top: 20px !important;}\u00a0\u00bb] Engag\u00e9s comme nous le sommes&hellip;<\/p>\n","protected":false},"author":4,"featured_media":0,"parent":2706,"menu_order":0,"comment_status":"closed","ping_status":"closed","template":"","meta":{"footnotes":""},"class_list":["post-1767","page","type-page","status-publish","hentry","description-off"],"yoast_head":"<!-- This site is optimized with the Yoast SEO plugin v27.0 - https:\/\/yoast.com\/product\/yoast-seo-wordpress\/ -->\n<title>Travailler avec nous: El Rac\u00f3. Restaurant pizzeria m\u00e9diterran\u00e9en.<\/title>\n<meta name=\"description\" content=\"Engag\u00e9s comme nous le sommes envers l&#039;emploi de qualit\u00e9, conscients de l&#039;importance de g\u00e9rer et de renforcer les talents, nous proposons des conditions de travail stables.\" \/>\n<meta name=\"robots\" content=\"index, follow, max-snippet:-1, max-image-preview:large, max-video-preview:-1\" \/>\n<link rel=\"canonical\" href=\"https:\/\/www.elraco.com\/fr\/el-raco\/travailler-avec-nous\/\" \/>\n<meta property=\"og:locale\" content=\"fr_FR\" \/>\n<meta property=\"og:type\" content=\"article\" \/>\n<meta property=\"og:title\" content=\"Travailler avec nous: El Rac\u00f3. Restaurant pizzeria m\u00e9diterran\u00e9en.\" \/>\n<meta property=\"og:description\" content=\"Engag\u00e9s comme nous le sommes envers l&#039;emploi de qualit\u00e9, conscients de l&#039;importance de g\u00e9rer et de renforcer les talents, nous proposons des conditions de travail stables.\" \/>\n<meta property=\"og:url\" content=\"https:\/\/www.elraco.com\/fr\/el-raco\/travailler-avec-nous\/\" \/>\n<meta property=\"og:site_name\" content=\"El Rac\u00f3\" \/>\n<meta property=\"article:modified_time\" content=\"2018-01-03T18:45:38+00:00\" \/>\n<meta name=\"twitter:label1\" content=\"Dur\u00e9e de lecture estim\u00e9e\" \/>\n\t<meta name=\"twitter:data1\" content=\"1 minute\" \/>\n<script type=\"application\/ld+json\" class=\"yoast-schema-graph\">{\"@context\":\"https:\/\/schema.org\",\"@graph\":[{\"@type\":\"WebPage\",\"@id\":\"https:\/\/www.elraco.com\/fr\/el-raco\/travailler-avec-nous\/\",\"url\":\"https:\/\/www.elraco.com\/fr\/el-raco\/travailler-avec-nous\/\",\"name\":\"Travailler avec nous: El Rac\u00f3. Restaurant pizzeria m\u00e9diterran\u00e9en.\",\"isPartOf\":{\"@id\":\"https:\/\/www.elraco.com\/#website\"},\"datePublished\":\"2017-04-24T10:02:47+00:00\",\"dateModified\":\"2018-01-03T18:45:38+00:00\",\"description\":\"Engag\u00e9s comme nous le sommes envers l'emploi de qualit\u00e9, conscients de l'importance de g\u00e9rer et de renforcer les talents, nous proposons des conditions de travail stables.\",\"breadcrumb\":{\"@id\":\"https:\/\/www.elraco.com\/fr\/el-raco\/travailler-avec-nous\/#breadcrumb\"},\"inLanguage\":\"fr-FR\",\"potentialAction\":[{\"@type\":\"ReadAction\",\"target\":[\"https:\/\/www.elraco.com\/fr\/el-raco\/travailler-avec-nous\/\"]}]},{\"@type\":\"BreadcrumbList\",\"@id\":\"https:\/\/www.elraco.com\/fr\/el-raco\/travailler-avec-nous\/#breadcrumb\",\"itemListElement\":[{\"@type\":\"ListItem\",\"position\":1,\"name\":\"el Rac\u00f3\",\"item\":\"https:\/\/www.elraco.com\/fr\/el-raco\/\"},{\"@type\":\"ListItem\",\"position\":2,\"name\":\"Travailler avec nous\"}]},{\"@type\":\"WebSite\",\"@id\":\"https:\/\/www.elraco.com\/#website\",\"url\":\"https:\/\/www.elraco.com\/\",\"name\":\"El Rac\u00f3\",\"description\":\"\",\"potentialAction\":[{\"@type\":\"SearchAction\",\"target\":{\"@type\":\"EntryPoint\",\"urlTemplate\":\"https:\/\/www.elraco.com\/?s={search_term_string}\"},\"query-input\":{\"@type\":\"PropertyValueSpecification\",\"valueRequired\":true,\"valueName\":\"search_term_string\"}}],\"inLanguage\":\"fr-FR\"}]}<\/script>\n<!-- \/ Yoast SEO plugin. -->","yoast_head_json":{"title":"Travailler avec nous: El Rac\u00f3. Restaurant pizzeria m\u00e9diterran\u00e9en.","description":"Engag\u00e9s comme nous le sommes envers l'emploi de qualit\u00e9, conscients de l'importance de g\u00e9rer et de renforcer les talents, nous proposons des conditions de travail stables.","robots":{"index":"index","follow":"follow","max-snippet":"max-snippet:-1","max-image-preview":"max-image-preview:large","max-video-preview":"max-video-preview:-1"},"canonical":"https:\/\/www.elraco.com\/fr\/el-raco\/travailler-avec-nous\/","og_locale":"fr_FR","og_type":"article","og_title":"Travailler avec nous: El Rac\u00f3. Restaurant pizzeria m\u00e9diterran\u00e9en.","og_description":"Engag\u00e9s comme nous le sommes envers l'emploi de qualit\u00e9, conscients de l'importance de g\u00e9rer et de renforcer les talents, nous proposons des conditions de travail stables.","og_url":"https:\/\/www.elraco.com\/fr\/el-raco\/travailler-avec-nous\/","og_site_name":"El Rac\u00f3","article_modified_time":"2018-01-03T18:45:38+00:00","twitter_misc":{"Dur\u00e9e de lecture estim\u00e9e":"1 minute"},"schema":{"@context":"https:\/\/schema.org","@graph":[{"@type":"WebPage","@id":"https:\/\/www.elraco.com\/fr\/el-raco\/travailler-avec-nous\/","url":"https:\/\/www.elraco.com\/fr\/el-raco\/travailler-avec-nous\/","name":"Travailler avec nous: El Rac\u00f3. Restaurant pizzeria m\u00e9diterran\u00e9en.","isPartOf":{"@id":"https:\/\/www.elraco.com\/#website"},"datePublished":"2017-04-24T10:02:47+00:00","dateModified":"2018-01-03T18:45:38+00:00","description":"Engag\u00e9s comme nous le sommes envers l'emploi de qualit\u00e9, conscients de l'importance de g\u00e9rer et de renforcer les talents, nous proposons des conditions de travail stables.","breadcrumb":{"@id":"https:\/\/www.elraco.com\/fr\/el-raco\/travailler-avec-nous\/#breadcrumb"},"inLanguage":"fr-FR","potentialAction":[{"@type":"ReadAction","target":["https:\/\/www.elraco.com\/fr\/el-raco\/travailler-avec-nous\/"]}]},{"@type":"BreadcrumbList","@id":"https:\/\/www.elraco.com\/fr\/el-raco\/travailler-avec-nous\/#breadcrumb","itemListElement":[{"@type":"ListItem","position":1,"name":"el Rac\u00f3","item":"https:\/\/www.elraco.com\/fr\/el-raco\/"},{"@type":"ListItem","position":2,"name":"Travailler avec nous"}]},{"@type":"WebSite","@id":"https:\/\/www.elraco.com\/#website","url":"https:\/\/www.elraco.com\/","name":"El Rac\u00f3","description":"","potentialAction":[{"@type":"SearchAction","target":{"@type":"EntryPoint","urlTemplate":"https:\/\/www.elraco.com\/?s={search_term_string}"},"query-input":{"@type":"PropertyValueSpecification","valueRequired":true,"valueName":"search_term_string"}}],"inLanguage":"fr-FR"}]}},"_links":{"self":[{"href":"https:\/\/www.elraco.com\/fr\/wp-json\/wp\/v2\/pages\/1767","targetHints":{"allow":["GET"]}}],"collection":[{"href":"https:\/\/www.elraco.com\/fr\/wp-json\/wp\/v2\/pages"}],"about":[{"href":"https:\/\/www.elraco.com\/fr\/wp-json\/wp\/v2\/types\/page"}],"author":[{"embeddable":true,"href":"https:\/\/www.elraco.com\/fr\/wp-json\/wp\/v2\/users\/4"}],"replies":[{"embeddable":true,"href":"https:\/\/www.elraco.com\/fr\/wp-json\/wp\/v2\/comments?post=1767"}],"version-history":[{"count":16,"href":"https:\/\/www.elraco.com\/fr\/wp-json\/wp\/v2\/pages\/1767\/revisions"}],"predecessor-version":[{"id":9675,"href":"https:\/\/www.elraco.com\/fr\/wp-json\/wp\/v2\/pages\/1767\/revisions\/9675"}],"up":[{"embeddable":true,"href":"https:\/\/www.elraco.com\/fr\/wp-json\/wp\/v2\/pages\/2706"}],"wp:attachment":[{"href":"https:\/\/www.elraco.com\/fr\/wp-json\/wp\/v2\/media?parent=1767"}],"curies":[{"name":"wp","href":"https:\/\/api.w.org\/{rel}","templated":true}]}}