{"id":1708,"date":"2017-04-24T11:35:40","date_gmt":"2017-04-24T09:35:40","guid":{"rendered":"http:\/\/www.elraco.com\/?page_id=1708"},"modified":"2017-12-27T12:39:54","modified_gmt":"2017-12-27T10:39:54","slug":"qualite","status":"publish","type":"page","link":"https:\/\/www.elraco.com\/fr\/el-raco\/qualite\/","title":{"rendered":"Qualit\u00e9"},"content":{"rendered":"<div class=\"wpb-content-wrapper\"><p>[vc_row][vc_column][vc_column_text el_class=\u00a0\u00bbtitolseccioelraco\u00a0\u00bb]el Rac\u00f3[\/vc_column_text][vc_separator color=\u00a0\u00bbblack\u00a0\u00bb border_width=\u00a0\u00bb7&Prime; el_class=\u00a0\u00bblineaseccio\u00a0\u00bb][vc_column_text el_class=\u00a0\u00bbsubtitolseccio\u00a0\u00bb]Garantie de qualit\u00e9[\/vc_column_text][vc_column_text]<\/p>\n<p style=\"text-align: center;\">Tout notre travail repose sur cette devise. Nous s\u00e9lectionnons les recettes les plus fid\u00e8les \u00e0 la tr\u00e8s salutaire di\u00e8te m\u00e9diterran\u00e9enne, nous cherchons les ingr\u00e9dients les plus naturels et de meilleure qualit\u00e9, et nous les appr\u00eatons de la meilleure mani\u00e8re possible pour que le palais de nos clients y prenne un maximum de plaisir.<\/p>\n<p>[\/vc_column_text][vc_row_inner css=\u00a0\u00bb.vc_custom_1495005992247{margin-top: 20px !important;}\u00a0\u00bb el_id=\u00a0\u00bbfilaqualitat\u00a0\u00bb][vc_column_inner width=\u00a0\u00bb1\/4&Prime;]<style type=\"text\/css\" data-type=\"the7_shortcodes-inline-css\">.shortcode-single-image-wrap.shortcode-single-image-8e2fc9b7dffa1f3a2fa780eecc9ca8a4.enable-bg-rollover .rollover i,\n.shortcode-single-image-wrap.shortcode-single-image-8e2fc9b7dffa1f3a2fa780eecc9ca8a4.enable-bg-rollover .rollover-video i {\n  background: -webkit-linear-gradient();\n  background: linear-gradient();\n}\n.shortcode-single-image-wrap.shortcode-single-image-8e2fc9b7dffa1f3a2fa780eecc9ca8a4 .rollover-icon {\n  font-size: 32px;\n  color: #ffffff;\n  min-width: 44px;\n  min-height: 44px;\n  line-height: 44px;\n  border-radius: 100px;\n  border-style: solid;\n  border-width: 0px;\n}\n.dt-icon-bg-on.shortcode-single-image-wrap.shortcode-single-image-8e2fc9b7dffa1f3a2fa780eecc9ca8a4 .rollover-icon {\n  background: rgba(255,255,255,0.3);\n  box-shadow: none;\n}<\/style><div class=\"shortcode-single-image-wrap shortcode-single-image-8e2fc9b7dffa1f3a2fa780eecc9ca8a4 alignnone  enable-bg-rollover dt-icon-bg-off\" style=\"margin-top:0px; margin-bottom:0px; margin-left:0px; margin-right:0px; width:500px;\"><div class=\"shortcode-single-image\"><div class=\"fancy-media-wrap  layzr-bg\" style=\"\"><img fetchpriority=\"high\" decoding=\"async\" class=\"preload-me lazy-load aspect\" src=\"data:image\/svg+xml,%3Csvg%20xmlns%3D&#39;http%3A%2F%2Fwww.w3.org%2F2000%2Fsvg&#39;%20viewBox%3D&#39;0%200%20500%20333&#39;%2F%3E\" data-src=\"https:\/\/www.elraco.com\/wp-content\/uploads\/2017\/04\/Gran-Caruso-500x333.jpg\" data-srcset=\"https:\/\/www.elraco.com\/wp-content\/uploads\/2017\/04\/Gran-Caruso-500x333.jpg 500w, https:\/\/www.elraco.com\/wp-content\/uploads\/2017\/04\/Gran-Caruso-1000x666.jpg 1000w\" loading=\"eager\" sizes=\"(max-width: 500px) 100vw, 500px\" width=\"500\" height=\"333\"  data-dt-location=\"https:\/\/www.elraco.com\/fr\/el-raco\/qualitat\/gran-caruso-2\/\" style=\"--ratio: 500 \/ 333;\" alt=\"\" \/><\/div><\/div><\/div>[\/vc_column_inner][vc_column_inner width=\u00a0\u00bb1\/4&Prime;]<style type=\"text\/css\" data-type=\"the7_shortcodes-inline-css\">.shortcode-single-image-wrap.shortcode-single-image-96a400a11b05f0870214b82761301f7a.enable-bg-rollover .rollover i,\n.shortcode-single-image-wrap.shortcode-single-image-96a400a11b05f0870214b82761301f7a.enable-bg-rollover .rollover-video i {\n  background: -webkit-linear-gradient();\n  background: linear-gradient();\n}\n.shortcode-single-image-wrap.shortcode-single-image-96a400a11b05f0870214b82761301f7a .rollover-icon {\n  font-size: 32px;\n  color: #ffffff;\n  min-width: 44px;\n  min-height: 44px;\n  line-height: 44px;\n  border-radius: 100px;\n  border-style: solid;\n  border-width: 0px;\n}\n.dt-icon-bg-on.shortcode-single-image-wrap.shortcode-single-image-96a400a11b05f0870214b82761301f7a .rollover-icon {\n  background: rgba(255,255,255,0.3);\n  box-shadow: none;\n}<\/style><div class=\"shortcode-single-image-wrap shortcode-single-image-96a400a11b05f0870214b82761301f7a alignnone  enable-bg-rollover dt-icon-bg-off\" style=\"margin-top:0px; margin-bottom:0px; margin-left:0px; margin-right:0px; width:500px;\"><div class=\"shortcode-single-image\"><div class=\"fancy-media-wrap  layzr-bg\" style=\"\"><img decoding=\"async\" class=\"preload-me lazy-load aspect\" src=\"data:image\/svg+xml,%3Csvg%20xmlns%3D&#39;http%3A%2F%2Fwww.w3.org%2F2000%2Fsvg&#39;%20viewBox%3D&#39;0%200%20500%20374&#39;%2F%3E\" data-src=\"https:\/\/www.elraco.com\/wp-content\/uploads\/2017\/04\/JGF_Coca-de-Forner-copia-500x374.jpg\" data-srcset=\"https:\/\/www.elraco.com\/wp-content\/uploads\/2017\/04\/JGF_Coca-de-Forner-copia-500x374.jpg 500w, https:\/\/www.elraco.com\/wp-content\/uploads\/2017\/04\/JGF_Coca-de-Forner-copia-1000x748.jpg 1000w\" loading=\"eager\" sizes=\"(max-width: 500px) 100vw, 500px\" width=\"500\" height=\"374\"  data-dt-location=\"https:\/\/www.elraco.com\/fr\/el-raco\/qualitat\/jgf_coca-de-forner-copia\/\" style=\"--ratio: 500 \/ 374;\" alt=\"\" \/><\/div><\/div><\/div>[\/vc_column_inner][vc_column_inner width=\u00a0\u00bb1\/4&Prime;]<style type=\"text\/css\" data-type=\"the7_shortcodes-inline-css\">.shortcode-single-image-wrap.shortcode-single-image-f052375cb5548d870ad78c34e976099b.enable-bg-rollover .rollover i,\n.shortcode-single-image-wrap.shortcode-single-image-f052375cb5548d870ad78c34e976099b.enable-bg-rollover .rollover-video i {\n  background: -webkit-linear-gradient();\n  background: linear-gradient();\n}\n.shortcode-single-image-wrap.shortcode-single-image-f052375cb5548d870ad78c34e976099b .rollover-icon {\n  font-size: 32px;\n  color: #ffffff;\n  min-width: 44px;\n  min-height: 44px;\n  line-height: 44px;\n  border-radius: 100px;\n  border-style: solid;\n  border-width: 0px;\n}\n.dt-icon-bg-on.shortcode-single-image-wrap.shortcode-single-image-f052375cb5548d870ad78c34e976099b .rollover-icon {\n  background: rgba(255,255,255,0.3);\n  box-shadow: none;\n}<\/style><div class=\"shortcode-single-image-wrap shortcode-single-image-f052375cb5548d870ad78c34e976099b alignnone  enable-bg-rollover dt-icon-bg-off\" style=\"margin-top:0px; margin-bottom:0px; margin-left:0px; margin-right:0px; width:500px;\"><div class=\"shortcode-single-image\"><div class=\"fancy-media-wrap  layzr-bg\" style=\"\"><img decoding=\"async\" class=\"preload-me lazy-load aspect\" src=\"data:image\/svg+xml,%3Csvg%20xmlns%3D&#39;http%3A%2F%2Fwww.w3.org%2F2000%2Fsvg&#39;%20viewBox%3D&#39;0%200%20500%20374&#39;%2F%3E\" data-src=\"https:\/\/www.elraco.com\/wp-content\/uploads\/2017\/04\/JGF_Extra-copia-500x374.jpg\" data-srcset=\"https:\/\/www.elraco.com\/wp-content\/uploads\/2017\/04\/JGF_Extra-copia-500x374.jpg 500w, https:\/\/www.elraco.com\/wp-content\/uploads\/2017\/04\/JGF_Extra-copia-1000x748.jpg 1000w\" loading=\"eager\" sizes=\"(max-width: 500px) 100vw, 500px\" width=\"500\" height=\"374\"  data-dt-location=\"https:\/\/www.elraco.com\/fr\/el-raco\/qualitat\/jgf_extra-copia\/\" style=\"--ratio: 500 \/ 374;\" alt=\"\" \/><\/div><\/div><\/div>[\/vc_column_inner][vc_column_inner width=\u00a0\u00bb1\/4&Prime;]<style type=\"text\/css\" data-type=\"the7_shortcodes-inline-css\">.shortcode-single-image-wrap.shortcode-single-image-13a1dc7ba62d939de975f9ae1431a886.enable-bg-rollover .rollover i,\n.shortcode-single-image-wrap.shortcode-single-image-13a1dc7ba62d939de975f9ae1431a886.enable-bg-rollover .rollover-video i {\n  background: -webkit-linear-gradient();\n  background: linear-gradient();\n}\n.shortcode-single-image-wrap.shortcode-single-image-13a1dc7ba62d939de975f9ae1431a886 .rollover-icon {\n  font-size: 32px;\n  color: #ffffff;\n  min-width: 44px;\n  min-height: 44px;\n  line-height: 44px;\n  border-radius: 100px;\n  border-style: solid;\n  border-width: 0px;\n}\n.dt-icon-bg-on.shortcode-single-image-wrap.shortcode-single-image-13a1dc7ba62d939de975f9ae1431a886 .rollover-icon {\n  background: rgba(255,255,255,0.3);\n  box-shadow: none;\n}<\/style><div class=\"shortcode-single-image-wrap shortcode-single-image-13a1dc7ba62d939de975f9ae1431a886 alignnone  enable-bg-rollover dt-icon-bg-off\" style=\"margin-top:0px; margin-bottom:0px; margin-left:0px; margin-right:0px; width:500px;\"><div class=\"shortcode-single-image\"><div class=\"fancy-media-wrap  layzr-bg\" style=\"\"><img decoding=\"async\" class=\"preload-me lazy-load aspect\" src=\"data:image\/svg+xml,%3Csvg%20xmlns%3D&#39;http%3A%2F%2Fwww.w3.org%2F2000%2Fsvg&#39;%20viewBox%3D&#39;0%200%20500%20374&#39;%2F%3E\" data-src=\"https:\/\/www.elraco.com\/wp-content\/uploads\/2017\/04\/JGF_Flamt\u00e1stic-copia-500x374.jpg\" data-srcset=\"https:\/\/www.elraco.com\/wp-content\/uploads\/2017\/04\/JGF_Flamt\u00e1stic-copia-500x374.jpg 500w, https:\/\/www.elraco.com\/wp-content\/uploads\/2017\/04\/JGF_Flamt\u00e1stic-copia-1000x748.jpg 1000w\" loading=\"eager\" sizes=\"(max-width: 500px) 100vw, 500px\" width=\"500\" height=\"374\"  data-dt-location=\"https:\/\/www.elraco.com\/fr\/el-raco\/qualitat\/jgf_flamtastic-copia\/\" style=\"--ratio: 500 \/ 374;\" alt=\"\" \/><\/div><\/div><\/div>[\/vc_column_inner][\/vc_row_inner][\/vc_column][\/vc_row][vc_row][vc_column][vc_separator border_width=\u00a0\u00bb2&Prime; css=\u00a0\u00bb.vc_custom_1495182298971{margin-top: 20px !important;}\u00a0\u00bb][\/vc_column][\/vc_row]<\/p>\n<\/div>","protected":false},"excerpt":{"rendered":"<p>[vc_row][vc_column][vc_column_text el_class=\u00a0\u00bbtitolseccioelraco\u00a0\u00bb]el Rac\u00f3[\/vc_column_text][vc_separator color=\u00a0\u00bbblack\u00a0\u00bb border_width=\u00a0\u00bb7&Prime; el_class=\u00a0\u00bblineaseccio\u00a0\u00bb][vc_column_text el_class=\u00a0\u00bbsubtitolseccio\u00a0\u00bb]Garantie de qualit\u00e9[\/vc_column_text][vc_column_text] Tout notre travail repose sur cette devise. Nous s\u00e9lectionnons les recettes les plus fid\u00e8les \u00e0 la tr\u00e8s salutaire di\u00e8te m\u00e9diterran\u00e9enne, nous cherchons les ingr\u00e9dients les plus naturels et de meilleure qualit\u00e9, et nous les appr\u00eatons de la meilleure mani\u00e8re possible pour que le palais de nos&hellip;<\/p>\n","protected":false},"author":4,"featured_media":0,"parent":2706,"menu_order":0,"comment_status":"closed","ping_status":"closed","template":"","meta":{"footnotes":""},"class_list":["post-1708","page","type-page","status-publish","hentry","description-off"],"yoast_head":"<!-- This site is optimized with the Yoast SEO plugin v27.0 - https:\/\/yoast.com\/product\/yoast-seo-wordpress\/ -->\n<title>Qualit\u00e9: El Rac\u00f3. Restaurant pizzeria m\u00e9diterran\u00e9en.<\/title>\n<meta name=\"description\" content=\"Tout notre travail repose sur cette devise. Nous s\u00e9lectionnons les recettes les plus fid\u00e8les \u00e0 la tr\u00e8s salutaire di\u00e8te m\u00e9diterran\u00e9enne.\" \/>\n<meta name=\"robots\" content=\"index, follow, max-snippet:-1, max-image-preview:large, max-video-preview:-1\" \/>\n<link rel=\"canonical\" href=\"https:\/\/www.elraco.com\/fr\/el-raco\/qualite\/\" \/>\n<meta property=\"og:locale\" content=\"fr_FR\" \/>\n<meta property=\"og:type\" content=\"article\" \/>\n<meta property=\"og:title\" content=\"Qualit\u00e9: El Rac\u00f3. Restaurant pizzeria m\u00e9diterran\u00e9en.\" \/>\n<meta property=\"og:description\" content=\"Tout notre travail repose sur cette devise. Nous s\u00e9lectionnons les recettes les plus fid\u00e8les \u00e0 la tr\u00e8s salutaire di\u00e8te m\u00e9diterran\u00e9enne.\" \/>\n<meta property=\"og:url\" content=\"https:\/\/www.elraco.com\/fr\/el-raco\/qualite\/\" \/>\n<meta property=\"og:site_name\" content=\"El Rac\u00f3\" \/>\n<meta property=\"article:modified_time\" content=\"2017-12-27T10:39:54+00:00\" \/>\n<meta name=\"twitter:label1\" content=\"Dur\u00e9e de lecture estim\u00e9e\" \/>\n\t<meta name=\"twitter:data1\" content=\"1 minute\" \/>\n<script type=\"application\/ld+json\" class=\"yoast-schema-graph\">{\"@context\":\"https:\/\/schema.org\",\"@graph\":[{\"@type\":\"WebPage\",\"@id\":\"https:\/\/www.elraco.com\/fr\/el-raco\/qualite\/\",\"url\":\"https:\/\/www.elraco.com\/fr\/el-raco\/qualite\/\",\"name\":\"Qualit\u00e9: El Rac\u00f3. Restaurant pizzeria m\u00e9diterran\u00e9en.\",\"isPartOf\":{\"@id\":\"https:\/\/www.elraco.com\/#website\"},\"datePublished\":\"2017-04-24T09:35:40+00:00\",\"dateModified\":\"2017-12-27T10:39:54+00:00\",\"description\":\"Tout notre travail repose sur cette devise. Nous s\u00e9lectionnons les recettes les plus fid\u00e8les \u00e0 la tr\u00e8s salutaire di\u00e8te m\u00e9diterran\u00e9enne.\",\"breadcrumb\":{\"@id\":\"https:\/\/www.elraco.com\/fr\/el-raco\/qualite\/#breadcrumb\"},\"inLanguage\":\"fr-FR\",\"potentialAction\":[{\"@type\":\"ReadAction\",\"target\":[\"https:\/\/www.elraco.com\/fr\/el-raco\/qualite\/\"]}]},{\"@type\":\"BreadcrumbList\",\"@id\":\"https:\/\/www.elraco.com\/fr\/el-raco\/qualite\/#breadcrumb\",\"itemListElement\":[{\"@type\":\"ListItem\",\"position\":1,\"name\":\"el Rac\u00f3\",\"item\":\"https:\/\/www.elraco.com\/fr\/el-raco\/\"},{\"@type\":\"ListItem\",\"position\":2,\"name\":\"Qualit\u00e9\"}]},{\"@type\":\"WebSite\",\"@id\":\"https:\/\/www.elraco.com\/#website\",\"url\":\"https:\/\/www.elraco.com\/\",\"name\":\"El Rac\u00f3\",\"description\":\"\",\"potentialAction\":[{\"@type\":\"SearchAction\",\"target\":{\"@type\":\"EntryPoint\",\"urlTemplate\":\"https:\/\/www.elraco.com\/?s={search_term_string}\"},\"query-input\":{\"@type\":\"PropertyValueSpecification\",\"valueRequired\":true,\"valueName\":\"search_term_string\"}}],\"inLanguage\":\"fr-FR\"}]}<\/script>\n<!-- \/ Yoast SEO plugin. -->","yoast_head_json":{"title":"Qualit\u00e9: El Rac\u00f3. Restaurant pizzeria m\u00e9diterran\u00e9en.","description":"Tout notre travail repose sur cette devise. Nous s\u00e9lectionnons les recettes les plus fid\u00e8les \u00e0 la tr\u00e8s salutaire di\u00e8te m\u00e9diterran\u00e9enne.","robots":{"index":"index","follow":"follow","max-snippet":"max-snippet:-1","max-image-preview":"max-image-preview:large","max-video-preview":"max-video-preview:-1"},"canonical":"https:\/\/www.elraco.com\/fr\/el-raco\/qualite\/","og_locale":"fr_FR","og_type":"article","og_title":"Qualit\u00e9: El Rac\u00f3. Restaurant pizzeria m\u00e9diterran\u00e9en.","og_description":"Tout notre travail repose sur cette devise. Nous s\u00e9lectionnons les recettes les plus fid\u00e8les \u00e0 la tr\u00e8s salutaire di\u00e8te m\u00e9diterran\u00e9enne.","og_url":"https:\/\/www.elraco.com\/fr\/el-raco\/qualite\/","og_site_name":"El Rac\u00f3","article_modified_time":"2017-12-27T10:39:54+00:00","twitter_misc":{"Dur\u00e9e de lecture estim\u00e9e":"1 minute"},"schema":{"@context":"https:\/\/schema.org","@graph":[{"@type":"WebPage","@id":"https:\/\/www.elraco.com\/fr\/el-raco\/qualite\/","url":"https:\/\/www.elraco.com\/fr\/el-raco\/qualite\/","name":"Qualit\u00e9: El Rac\u00f3. Restaurant pizzeria m\u00e9diterran\u00e9en.","isPartOf":{"@id":"https:\/\/www.elraco.com\/#website"},"datePublished":"2017-04-24T09:35:40+00:00","dateModified":"2017-12-27T10:39:54+00:00","description":"Tout notre travail repose sur cette devise. Nous s\u00e9lectionnons les recettes les plus fid\u00e8les \u00e0 la tr\u00e8s salutaire di\u00e8te m\u00e9diterran\u00e9enne.","breadcrumb":{"@id":"https:\/\/www.elraco.com\/fr\/el-raco\/qualite\/#breadcrumb"},"inLanguage":"fr-FR","potentialAction":[{"@type":"ReadAction","target":["https:\/\/www.elraco.com\/fr\/el-raco\/qualite\/"]}]},{"@type":"BreadcrumbList","@id":"https:\/\/www.elraco.com\/fr\/el-raco\/qualite\/#breadcrumb","itemListElement":[{"@type":"ListItem","position":1,"name":"el Rac\u00f3","item":"https:\/\/www.elraco.com\/fr\/el-raco\/"},{"@type":"ListItem","position":2,"name":"Qualit\u00e9"}]},{"@type":"WebSite","@id":"https:\/\/www.elraco.com\/#website","url":"https:\/\/www.elraco.com\/","name":"El Rac\u00f3","description":"","potentialAction":[{"@type":"SearchAction","target":{"@type":"EntryPoint","urlTemplate":"https:\/\/www.elraco.com\/?s={search_term_string}"},"query-input":{"@type":"PropertyValueSpecification","valueRequired":true,"valueName":"search_term_string"}}],"inLanguage":"fr-FR"}]}},"_links":{"self":[{"href":"https:\/\/www.elraco.com\/fr\/wp-json\/wp\/v2\/pages\/1708","targetHints":{"allow":["GET"]}}],"collection":[{"href":"https:\/\/www.elraco.com\/fr\/wp-json\/wp\/v2\/pages"}],"about":[{"href":"https:\/\/www.elraco.com\/fr\/wp-json\/wp\/v2\/types\/page"}],"author":[{"embeddable":true,"href":"https:\/\/www.elraco.com\/fr\/wp-json\/wp\/v2\/users\/4"}],"replies":[{"embeddable":true,"href":"https:\/\/www.elraco.com\/fr\/wp-json\/wp\/v2\/comments?post=1708"}],"version-history":[{"count":7,"href":"https:\/\/www.elraco.com\/fr\/wp-json\/wp\/v2\/pages\/1708\/revisions"}],"predecessor-version":[{"id":9221,"href":"https:\/\/www.elraco.com\/fr\/wp-json\/wp\/v2\/pages\/1708\/revisions\/9221"}],"up":[{"embeddable":true,"href":"https:\/\/www.elraco.com\/fr\/wp-json\/wp\/v2\/pages\/2706"}],"wp:attachment":[{"href":"https:\/\/www.elraco.com\/fr\/wp-json\/wp\/v2\/media?parent=1708"}],"curies":[{"name":"wp","href":"https:\/\/api.w.org\/{rel}","templated":true}]}}