{"id":12890,"date":"2024-01-17T12:56:03","date_gmt":"2024-01-17T10:56:03","guid":{"rendered":"https:\/\/www.elraco.com\/reservar-taula\/"},"modified":"2025-11-12T17:04:25","modified_gmt":"2025-11-12T15:04:25","slug":"reservar-taula","status":"publish","type":"page","link":"https:\/\/www.elraco.com\/fr\/reservar-taula\/","title":{"rendered":"R\u00e9server une table"},"content":{"rendered":"<div class=\"wpb-content-wrapper\"><p>[vc_row margin_top=\u00a0\u00bb80px\u00a0\u00bb margin_bottom=\u00a0\u00bb40px\u00a0\u00bb][vc_column css=\u00a0\u00bb.vc_custom_1705490434537{margin-bottom: 20px !important;}\u00a0\u00bb][vc_column_text]<\/p>\n<h2 style=\"text-align: center;\">R\u00e9server une table dans l&rsquo;un de nos restaurants<\/h2>\n<p>[\/vc_column_text][vc_column_text css=\u00a0\u00bb.vc_custom_1705495770724{padding-top: 25px !important;}\u00a0\u00bb]<\/p>\n<p style=\"text-align: center;\">S\u00e9lectionnez le restaurant o\u00f9 vous souhaitez faire la r\u00e9servation<\/p>\n<p>[\/vc_column_text][\/vc_column][\/vc_row][vc_row][vc_column width=\u00a0\u00bb1\/2&Prime; css=\u00a0\u00bb.vc_custom_1705490411857{margin-bottom: 20px !important;}\u00a0\u00bb]<div class=\"text-centered\"><a href=\"https:\/\/cuiner.net\/reservasonline\/racourquinaona\" class=\"btn-shortcode dt-btn-l dt-btn default-btn-color default-btn-hover-color default-btn-bg-color default-btn-bg-hover-color btn-reserva-pagina\" target=\"_blank\" id=\"dt-btn-1\" rel=\"noopener\"><i class=\"icomoon-the7-font-the7-sort-02\"><\/i><span>BCN Urquinaona<\/span><\/a><\/div>[\/vc_column][vc_column width=\u00a0\u00bb1\/2&Prime; css=\u00a0\u00bb.vc_custom_1705490422728{margin-bottom: 20px !important;}\u00a0\u00bb]<div class=\"text-centered\"><a href=\"https:\/\/cuiner.net\/reservasonline\/racorambla\" class=\"btn-shortcode dt-btn-l dt-btn default-btn-color default-btn-hover-color default-btn-bg-color default-btn-bg-hover-color btn-reserva-pagina\" target=\"_blank\" id=\"dt-btn-2\" rel=\"noopener\"><i class=\"icomoon-the7-font-the7-sort-02\"><\/i><span>BCN Rambla<\/span><\/a><\/div>[\/vc_column][\/vc_row][vc_row][vc_column width=\u00a0\u00bb1\/2&Prime; css=\u00a0\u00bb.vc_custom_1705490411857{margin-bottom: 20px !important;}\u00a0\u00bb]<div class=\"text-centered\"><a href=\"https:\/\/cuiner.net\/reservasonline\/racosabadell\" class=\"btn-shortcode dt-btn-l dt-btn default-btn-color default-btn-hover-color default-btn-bg-color default-btn-bg-hover-color btn-reserva-pagina\" target=\"_blank\" id=\"dt-btn-3\" rel=\"noopener\"><i class=\"icomoon-the7-font-the7-sort-02\"><\/i><span>Sabadell<\/span><\/a><\/div>[\/vc_column][vc_column width=\u00a0\u00bb1\/2&Prime; css=\u00a0\u00bb.vc_custom_1705490422728{margin-bottom: 20px !important;}\u00a0\u00bb]<div class=\"text-centered\"><a href=\"https:\/\/cuiner.net\/reservasonline\/racoterrassa\" class=\"btn-shortcode dt-btn-l dt-btn default-btn-color default-btn-hover-color default-btn-bg-color default-btn-bg-hover-color btn-reserva-pagina\" target=\"_blank\" id=\"dt-btn-4\" rel=\"noopener\"><i class=\"icomoon-the7-font-the7-sort-02\"><\/i><span>Terrassa<\/span><\/a><\/div>[\/vc_column][\/vc_row][vc_row][vc_column width=\u00a0\u00bb1\/2&Prime; css=\u00a0\u00bb.vc_custom_1705490411857{margin-bottom: 20px !important;}\u00a0\u00bb]<div class=\"text-centered\"><a href=\"https:\/\/cuiner.net\/reservasonline\/racositges\" class=\"btn-shortcode dt-btn-l dt-btn default-btn-color default-btn-hover-color default-btn-bg-color default-btn-bg-hover-color btn-reserva-pagina\" target=\"_blank\" id=\"dt-btn-5\" rel=\"noopener\"><i class=\"icomoon-the7-font-the7-sort-02\"><\/i><span>Sitges<\/span><\/a><\/div>[\/vc_column][vc_column width=\u00a0\u00bb1\/2&Prime; css=\u00a0\u00bb.vc_custom_1705490422728{margin-bottom: 20px !important;}\u00a0\u00bb]<div class=\"text-centered\"><a href=\"https:\/\/cuiner.net\/reservasonline\/racovilanova\" class=\"btn-shortcode dt-btn-l dt-btn default-btn-color default-btn-hover-color default-btn-bg-color default-btn-bg-hover-color btn-reserva-pagina\" target=\"_blank\" id=\"dt-btn-6\" rel=\"noopener\"><i class=\"icomoon-the7-font-the7-sort-02\"><\/i><span>Vilanova i la Geltr\u00fa<\/span><\/a><\/div>[\/vc_column][\/vc_row][vc_row][vc_column width=\u00a0\u00bb1\/2&Prime; css=\u00a0\u00bb.vc_custom_1705490411857{margin-bottom: 20px !important;}\u00a0\u00bb]<div class=\"text-centered\"><a href=\"https:\/\/cuiner.net\/reservasonline\/racovic\" class=\"btn-shortcode dt-btn-l dt-btn default-btn-color default-btn-hover-color default-btn-bg-color default-btn-bg-hover-color btn-reserva-pagina\" target=\"_blank\" id=\"dt-btn-7\" rel=\"noopener\"><i class=\"icomoon-the7-font-the7-sort-02\"><\/i><span>Vic<\/span><\/a><\/div>[\/vc_column][vc_column width=\u00a0\u00bb1\/2&Prime; css=\u00a0\u00bb.vc_custom_1705490422728{margin-bottom: 20px !important;}\u00a0\u00bb]<div class=\"text-centered\"><a href=\"https:\/\/cuiner.net\/reservasonline\/racogirona\" class=\"btn-shortcode dt-btn-l dt-btn default-btn-color default-btn-hover-color default-btn-bg-color default-btn-bg-hover-color btn-reserva-pagina\" target=\"_blank\" id=\"dt-btn-8\" rel=\"noopener\"><i class=\"icomoon-the7-font-the7-sort-02\"><\/i><span>Girona<\/span><\/a><\/div>[\/vc_column][\/vc_row][vc_row][vc_column width=\u00a0\u00bb1\/2&Prime; css=\u00a0\u00bb.vc_custom_1705490411857{margin-bottom: 20px !important;}\u00a0\u00bb]<div class=\"text-centered\"><a href=\"https:\/\/cuiner.net\/reservasonline\/racosarria\" class=\"btn-shortcode dt-btn-l dt-btn default-btn-color default-btn-hover-color default-btn-bg-color default-btn-bg-hover-color btn-reserva-pagina\" target=\"_blank\" id=\"dt-btn-9\" rel=\"noopener\"><i class=\"icomoon-the7-font-the7-sort-02\"><\/i><span>BCN Sarri\u00e0<\/span><\/a><\/div>[\/vc_column][vc_column width=\u00a0\u00bb1\/2&Prime;][\/vc_column][\/vc_row]<\/p>\n<\/div>","protected":false},"excerpt":{"rendered":"<p>[vc_row margin_top=\u00a0\u00bb80px\u00a0\u00bb margin_bottom=\u00a0\u00bb40px\u00a0\u00bb][vc_column css=\u00a0\u00bb.vc_custom_1705490434537{margin-bottom: 20px !important;}\u00a0\u00bb][vc_column_text] R\u00e9server une table dans l&rsquo;un de nos restaurants [\/vc_column_text][vc_column_text css=\u00a0\u00bb.vc_custom_1705495770724{padding-top: 25px !important;}\u00a0\u00bb] S\u00e9lectionnez le restaurant o\u00f9 vous souhaitez faire la r\u00e9servation [\/vc_column_text][\/vc_column][\/vc_row][vc_row][vc_column width=\u00a0\u00bb1\/2&Prime; css=\u00a0\u00bb.vc_custom_1705490411857{margin-bottom: 20px !important;}\u00a0\u00bb][\/vc_column][vc_column width=\u00a0\u00bb1\/2&Prime; css=\u00a0\u00bb.vc_custom_1705490422728{margin-bottom: 20px !important;}\u00a0\u00bb][\/vc_column][\/vc_row][vc_row][vc_column width=\u00a0\u00bb1\/2&Prime; css=\u00a0\u00bb.vc_custom_1705490411857{margin-bottom: 20px !important;}\u00a0\u00bb][\/vc_column][vc_column width=\u00a0\u00bb1\/2&Prime; css=\u00a0\u00bb.vc_custom_1705490422728{margin-bottom: 20px !important;}\u00a0\u00bb][\/vc_column][\/vc_row][vc_row][vc_column width=\u00a0\u00bb1\/2&Prime; css=\u00a0\u00bb.vc_custom_1705490411857{margin-bottom: 20px !important;}\u00a0\u00bb][\/vc_column][vc_column width=\u00a0\u00bb1\/2&Prime; css=\u00a0\u00bb.vc_custom_1705490422728{margin-bottom: 20px !important;}\u00a0\u00bb][\/vc_column][\/vc_row][vc_row][vc_column width=\u00a0\u00bb1\/2&Prime; css=\u00a0\u00bb.vc_custom_1705490411857{margin-bottom: 20px&hellip;<\/p>\n","protected":false},"author":4,"featured_media":0,"parent":0,"menu_order":0,"comment_status":"closed","ping_status":"closed","template":"","meta":{"footnotes":""},"class_list":["post-12890","page","type-page","status-publish","hentry","description-off"],"yoast_head":"<!-- This site is optimized with the Yoast SEO plugin v27.0 - https:\/\/yoast.com\/product\/yoast-seo-wordpress\/ -->\n<title>R\u00e9server une table - El Rac\u00f3<\/title>\n<meta name=\"robots\" content=\"index, follow, max-snippet:-1, max-image-preview:large, max-video-preview:-1\" \/>\n<link rel=\"canonical\" href=\"https:\/\/www.elraco.com\/fr\/reservar-taula\/\" \/>\n<meta property=\"og:locale\" content=\"fr_FR\" \/>\n<meta property=\"og:type\" content=\"article\" \/>\n<meta property=\"og:title\" content=\"R\u00e9server une table - El Rac\u00f3\" \/>\n<meta property=\"og:description\" content=\"[vc_row margin_top=\u00a0\u00bb80px\u00a0\u00bb margin_bottom=\u00a0\u00bb40px\u00a0\u00bb][vc_column css=\u00a0\u00bb.vc_custom_1705490434537{margin-bottom: 20px !important;}\u00a0\u00bb][vc_column_text] R\u00e9server une table dans l&rsquo;un de nos restaurants [\/vc_column_text][vc_column_text css=\u00a0\u00bb.vc_custom_1705495770724{padding-top: 25px !important;}\u00a0\u00bb] S\u00e9lectionnez le restaurant o\u00f9 vous souhaitez faire la r\u00e9servation [\/vc_column_text][\/vc_column][\/vc_row][vc_row][vc_column width=\u00a0\u00bb1\/2&Prime; css=\u00a0\u00bb.vc_custom_1705490411857{margin-bottom: 20px !important;}\u00a0\u00bb][\/vc_column][vc_column width=\u00a0\u00bb1\/2&Prime; css=\u00a0\u00bb.vc_custom_1705490422728{margin-bottom: 20px !important;}\u00a0\u00bb][\/vc_column][\/vc_row][vc_row][vc_column width=\u00a0\u00bb1\/2&Prime; css=\u00a0\u00bb.vc_custom_1705490411857{margin-bottom: 20px !important;}\u00a0\u00bb][\/vc_column][vc_column width=\u00a0\u00bb1\/2&Prime; css=\u00a0\u00bb.vc_custom_1705490422728{margin-bottom: 20px !important;}\u00a0\u00bb][\/vc_column][\/vc_row][vc_row][vc_column width=\u00a0\u00bb1\/2&Prime; css=\u00a0\u00bb.vc_custom_1705490411857{margin-bottom: 20px !important;}\u00a0\u00bb][\/vc_column][vc_column width=\u00a0\u00bb1\/2&Prime; css=\u00a0\u00bb.vc_custom_1705490422728{margin-bottom: 20px !important;}\u00a0\u00bb][\/vc_column][\/vc_row][vc_row][vc_column width=\u00a0\u00bb1\/2&Prime; css=\u00a0\u00bb.vc_custom_1705490411857{margin-bottom: 20px&hellip;\" \/>\n<meta property=\"og:url\" content=\"https:\/\/www.elraco.com\/fr\/reservar-taula\/\" \/>\n<meta property=\"og:site_name\" content=\"El Rac\u00f3\" \/>\n<meta property=\"article:modified_time\" content=\"2025-11-12T15:04:25+00:00\" \/>\n<meta name=\"twitter:label1\" content=\"Dur\u00e9e de lecture estim\u00e9e\" \/>\n\t<meta name=\"twitter:data1\" content=\"1 minute\" \/>\n<script type=\"application\/ld+json\" class=\"yoast-schema-graph\">{\"@context\":\"https:\/\/schema.org\",\"@graph\":[{\"@type\":\"WebPage\",\"@id\":\"https:\/\/www.elraco.com\/fr\/reservar-taula\/\",\"url\":\"https:\/\/www.elraco.com\/fr\/reservar-taula\/\",\"name\":\"R\u00e9server une table - El Rac\u00f3\",\"isPartOf\":{\"@id\":\"https:\/\/www.elraco.com\/#website\"},\"datePublished\":\"2024-01-17T10:56:03+00:00\",\"dateModified\":\"2025-11-12T15:04:25+00:00\",\"inLanguage\":\"fr-FR\",\"potentialAction\":[{\"@type\":\"ReadAction\",\"target\":[\"https:\/\/www.elraco.com\/fr\/reservar-taula\/\"]}]},{\"@type\":\"WebSite\",\"@id\":\"https:\/\/www.elraco.com\/#website\",\"url\":\"https:\/\/www.elraco.com\/\",\"name\":\"El Rac\u00f3\",\"description\":\"\",\"potentialAction\":[{\"@type\":\"SearchAction\",\"target\":{\"@type\":\"EntryPoint\",\"urlTemplate\":\"https:\/\/www.elraco.com\/?s={search_term_string}\"},\"query-input\":{\"@type\":\"PropertyValueSpecification\",\"valueRequired\":true,\"valueName\":\"search_term_string\"}}],\"inLanguage\":\"fr-FR\"}]}<\/script>\n<!-- \/ Yoast SEO plugin. -->","yoast_head_json":{"title":"R\u00e9server une table - El Rac\u00f3","robots":{"index":"index","follow":"follow","max-snippet":"max-snippet:-1","max-image-preview":"max-image-preview:large","max-video-preview":"max-video-preview:-1"},"canonical":"https:\/\/www.elraco.com\/fr\/reservar-taula\/","og_locale":"fr_FR","og_type":"article","og_title":"R\u00e9server une table - El Rac\u00f3","og_description":"[vc_row margin_top=\u00a0\u00bb80px\u00a0\u00bb margin_bottom=\u00a0\u00bb40px\u00a0\u00bb][vc_column css=\u00a0\u00bb.vc_custom_1705490434537{margin-bottom: 20px !important;}\u00a0\u00bb][vc_column_text] R\u00e9server une table dans l&rsquo;un de nos restaurants [\/vc_column_text][vc_column_text css=\u00a0\u00bb.vc_custom_1705495770724{padding-top: 25px !important;}\u00a0\u00bb] S\u00e9lectionnez le restaurant o\u00f9 vous souhaitez faire la r\u00e9servation [\/vc_column_text][\/vc_column][\/vc_row][vc_row][vc_column width=\u00a0\u00bb1\/2&Prime; css=\u00a0\u00bb.vc_custom_1705490411857{margin-bottom: 20px !important;}\u00a0\u00bb][\/vc_column][vc_column width=\u00a0\u00bb1\/2&Prime; css=\u00a0\u00bb.vc_custom_1705490422728{margin-bottom: 20px !important;}\u00a0\u00bb][\/vc_column][\/vc_row][vc_row][vc_column width=\u00a0\u00bb1\/2&Prime; css=\u00a0\u00bb.vc_custom_1705490411857{margin-bottom: 20px !important;}\u00a0\u00bb][\/vc_column][vc_column width=\u00a0\u00bb1\/2&Prime; css=\u00a0\u00bb.vc_custom_1705490422728{margin-bottom: 20px !important;}\u00a0\u00bb][\/vc_column][\/vc_row][vc_row][vc_column width=\u00a0\u00bb1\/2&Prime; css=\u00a0\u00bb.vc_custom_1705490411857{margin-bottom: 20px !important;}\u00a0\u00bb][\/vc_column][vc_column width=\u00a0\u00bb1\/2&Prime; css=\u00a0\u00bb.vc_custom_1705490422728{margin-bottom: 20px !important;}\u00a0\u00bb][\/vc_column][\/vc_row][vc_row][vc_column width=\u00a0\u00bb1\/2&Prime; css=\u00a0\u00bb.vc_custom_1705490411857{margin-bottom: 20px&hellip;","og_url":"https:\/\/www.elraco.com\/fr\/reservar-taula\/","og_site_name":"El Rac\u00f3","article_modified_time":"2025-11-12T15:04:25+00:00","twitter_misc":{"Dur\u00e9e de lecture estim\u00e9e":"1 minute"},"schema":{"@context":"https:\/\/schema.org","@graph":[{"@type":"WebPage","@id":"https:\/\/www.elraco.com\/fr\/reservar-taula\/","url":"https:\/\/www.elraco.com\/fr\/reservar-taula\/","name":"R\u00e9server une table - El Rac\u00f3","isPartOf":{"@id":"https:\/\/www.elraco.com\/#website"},"datePublished":"2024-01-17T10:56:03+00:00","dateModified":"2025-11-12T15:04:25+00:00","inLanguage":"fr-FR","potentialAction":[{"@type":"ReadAction","target":["https:\/\/www.elraco.com\/fr\/reservar-taula\/"]}]},{"@type":"WebSite","@id":"https:\/\/www.elraco.com\/#website","url":"https:\/\/www.elraco.com\/","name":"El Rac\u00f3","description":"","potentialAction":[{"@type":"SearchAction","target":{"@type":"EntryPoint","urlTemplate":"https:\/\/www.elraco.com\/?s={search_term_string}"},"query-input":{"@type":"PropertyValueSpecification","valueRequired":true,"valueName":"search_term_string"}}],"inLanguage":"fr-FR"}]}},"_links":{"self":[{"href":"https:\/\/www.elraco.com\/fr\/wp-json\/wp\/v2\/pages\/12890","targetHints":{"allow":["GET"]}}],"collection":[{"href":"https:\/\/www.elraco.com\/fr\/wp-json\/wp\/v2\/pages"}],"about":[{"href":"https:\/\/www.elraco.com\/fr\/wp-json\/wp\/v2\/types\/page"}],"author":[{"embeddable":true,"href":"https:\/\/www.elraco.com\/fr\/wp-json\/wp\/v2\/users\/4"}],"replies":[{"embeddable":true,"href":"https:\/\/www.elraco.com\/fr\/wp-json\/wp\/v2\/comments?post=12890"}],"version-history":[{"count":11,"href":"https:\/\/www.elraco.com\/fr\/wp-json\/wp\/v2\/pages\/12890\/revisions"}],"predecessor-version":[{"id":13052,"href":"https:\/\/www.elraco.com\/fr\/wp-json\/wp\/v2\/pages\/12890\/revisions\/13052"}],"wp:attachment":[{"href":"https:\/\/www.elraco.com\/fr\/wp-json\/wp\/v2\/media?parent=12890"}],"curies":[{"name":"wp","href":"https:\/\/api.w.org\/{rel}","templated":true}]}}