{"id":1166,"date":"2017-04-05T14:14:40","date_gmt":"2017-04-05T12:14:40","guid":{"rendered":"http:\/\/www.elraco.com\/principal\/"},"modified":"2025-11-13T17:16:55","modified_gmt":"2025-11-13T15:16:55","slug":"pagina-principal","status":"publish","type":"page","link":"https:\/\/www.elraco.com\/fr\/","title":{"rendered":"Page d\\&rsquo;accueil"},"content":{"rendered":"<div class=\"wpb-content-wrapper\"><p>[vc_row el_class=\u00a0\u00bbfive-columns\u00a0\u00bb anchor=\u00a0\u00bbseccions\u00a0\u00bb][vc_column width=\u00a0\u00bb1\/6&Prime;][vc_column_text css=\u00a0\u00bb.vc_custom_1753120411891{margin-bottom: -3px !important;}\u00a0\u00bb]<a href=\"http:\/\/www.elraco.com\/fr\/la-lettre\/\"><span style=\"color: #000000; font-family: Oswald; font-size: 20px; font-weight: 600;\">LA CARTE<\/span><\/a>[\/vc_column_text][vc_separator color=\u00a0\u00bbblack\u00a0\u00bb border_width=\u00a0\u00bb7&Prime; css=\u00a0\u00bb.vc_custom_1493886278230{margin-top: 5px !important;margin-bottom: 20px !important;}\u00a0\u00bb][vc_single_image image=\u00a0\u00bb5537&Prime; img_size=\u00a0\u00bbfull\u00a0\u00bb alignment=\u00a0\u00bbcenter\u00a0\u00bb css=\u00a0\u00bb.vc_custom_1502205837052{margin-bottom: 2px !important;}\u00a0\u00bb el_class=\u00a0\u00bbbloqueshome\u00a0\u00bb][vc_column_text css=\u00a0\u00bb.vc_custom_1495810190221{padding-top: 10px !important;padding-bottom: 5px !important;}\u00a0\u00bb el_class=\u00a0\u00bbbloqueshome\u00a0\u00bb]<strong><span style=\"word-wrap: break-word; color: #e2001a; font-family: 'Playfair Display'; font-size: 18px; font-weight: bold;\">Mmmmm\u00e9diterran\u00e9e<\/span><\/strong>[\/vc_column_text][vc_column_text css=\u00a0\u00bb.vc_custom_1500034739444{padding-bottom: 25px !important;}\u00a0\u00bb el_class=\u00a0\u00bbbloqueshome\u00a0\u00bb]\u00c9tant donn\u00e9 notre origine, notre carte affiche des recettes caract\u00e9ristiques des cultures m\u00e9diterran\u00e9ennes qui, toutes, m\u00e9ritent un \u00ab hmmm !!! \u00bb.[\/vc_column_text][\/vc_column][vc_column width=\u00a0\u00bb1\/6&Prime;][vc_column_text css=\u00a0\u00bb.vc_custom_1511442359124{margin-bottom: -3px !important;}\u00a0\u00bb]<a href=\"https:\/\/www.elraco.com\/fr\/groupe\/le-menu-la-bande\/\"><span style=\"color: #000000; font-family: Oswald; font-size: 20px; font-weight: 600;\">GROUPES<\/span><\/a>[\/vc_column_text][vc_separator color=\u00a0\u00bbblack\u00a0\u00bb border_width=\u00a0\u00bb7&Prime; css=\u00a0\u00bb.vc_custom_1493887110794{margin-top: 5px !important;margin-bottom: 20px !important;}\u00a0\u00bb][vc_single_image image=\u00a0\u00bb5501&Prime; img_size=\u00a0\u00bbfull\u00a0\u00bb alignment=\u00a0\u00bbcenter\u00a0\u00bb css=\u00a0\u00bb.vc_custom_1502203959191{margin-bottom: 2px !important;}\u00a0\u00bb el_class=\u00a0\u00bbbloqueshome\u00a0\u00bb][vc_column_text css=\u00a0\u00bb.vc_custom_1493908808099{padding-top: 10px !important;padding-bottom: 5px !important;}\u00a0\u00bb el_class=\u00a0\u00bbbloqueshome\u00a0\u00bb]<strong><span style=\"color: #e2001a; font-family: 'Playfair Display'; font-size: 18px; font-weight: bold;\">Menu de groupes<\/span><\/strong>[\/vc_column_text][vc_column_text css=\u00a0\u00bb.vc_custom_1497354001556{padding-bottom: 25px !important;}\u00a0\u00bb el_class=\u00a0\u00bbbloqueshome\u00a0\u00bb]Notre menu de groupes est propos\u00e9 \u00e0 partir de 12 personnes ; il est id\u00e9al pour f\u00eater les \u00e9v\u00e9nements sp\u00e9ciaux, anniversaires\u2026[\/vc_column_text][\/vc_column][vc_column width=\u00a0\u00bb1\/6&Prime;][vc_column_text css=\u00a0\u00bb.vc_custom_1499430240925{margin-bottom: -3px !important;}\u00a0\u00bb]<a href=\"https:\/\/www.elraco.com\/fr\/restaurants\/palamos\/\"><span style=\"color: #000000; font-family: Oswald; font-size: 20px; font-weight: 600;\">RESTAURANTS<\/span><\/a>[\/vc_column_text][vc_separator color=\u00a0\u00bbblack\u00a0\u00bb border_width=\u00a0\u00bb7&Prime; css=\u00a0\u00bb.vc_custom_1493887159962{margin-top: 5px !important;margin-bottom: 20px !important;}\u00a0\u00bb][vc_single_image image=\u00a0\u00bb5517&Prime; img_size=\u00a0\u00bbfull\u00a0\u00bb alignment=\u00a0\u00bbcenter\u00a0\u00bb css=\u00a0\u00bb.vc_custom_1502204121024{margin-bottom: 2px !important;}\u00a0\u00bb el_class=\u00a0\u00bbbloqueshome\u00a0\u00bb][vc_column_text css=\u00a0\u00bb.vc_custom_1763046528887{padding-top: 10px !important;padding-bottom: 5px !important;}\u00a0\u00bb el_class=\u00a0\u00bbbloqueshome\u00a0\u00bb]<strong><span style=\"color: #e2001a; font-family: 'Playfair Display'; font-size: 18px; font-weight: bold;\">Nous sommes d\u00e9j\u00e0 11\u2026!<\/span><\/strong>[\/vc_column_text][vc_column_text css=\u00a0\u00bb.vc_custom_1689605001535{padding-bottom: 25px !important;}\u00a0\u00bb el_class=\u00a0\u00bbbloqueshome\u00a0\u00bb]Depuis 1975, lorsque nous avons ouvert notre premier restaurant \u00e0 Palam\u00f3s, jusqu\u2019en juin 2023, lorsque nous avons inaugur\u00e9 le Rac\u00f3 de Sabadell.[\/vc_column_text][\/vc_column][vc_column width=\u00a0\u00bb1\/6&Prime;][vc_column_text css=\u00a0\u00bb.vc_custom_1499430263814{margin-bottom: -3px !important;}\u00a0\u00bb]<a href=\"https:\/\/www.elraco.com\/fr\/newsroom\/\"><span style=\"color: #000000; font-family: Oswald; font-size: 20px; font-weight: 600;\">NEWS<\/span><\/a>[\/vc_column_text][vc_separator color=\u00a0\u00bbblack\u00a0\u00bb border_width=\u00a0\u00bb7&Prime; css=\u00a0\u00bb.vc_custom_1493887059369{margin-top: 5px !important;margin-bottom: 20px !important;}\u00a0\u00bb][vc_single_image image=\u00a0\u00bb5509&Prime; img_size=\u00a0\u00bbfull\u00a0\u00bb alignment=\u00a0\u00bbcenter\u00a0\u00bb css=\u00a0\u00bb.vc_custom_1502204127102{margin-bottom: 2px !important;}\u00a0\u00bb el_class=\u00a0\u00bbbloqueshome\u00a0\u00bb][vc_column_text css=\u00a0\u00bb.vc_custom_1500021234465{padding-top: 10px !important;padding-bottom: 5px !important;}\u00a0\u00bb el_class=\u00a0\u00bbbloqueshome\u00a0\u00bb]<strong><span style=\"color: #e2001a; font-family: 'Playfair Display'; font-size: 18px; font-weight: bold;\">Nouvelle formule<\/span><\/strong>[\/vc_column_text][vc_column_text css=\u00a0\u00bb.vc_custom_1500034653426{padding-bottom: 25px !important;}\u00a0\u00bb el_class=\u00a0\u00bbbloqueshome\u00a0\u00bb]La gastronomie est culture. Dans ce domaine, nous voulons transmettre \u00e0 nos clients des particularit\u00e9s qui ne devraient pas manquer de les int\u00e9resser et leur faire conna\u00eetre les nombreuses innovations et nouveaut\u00e9s que propose El Rac\u00f3.[\/vc_column_text][\/vc_column][vc_column width=\u00a0\u00bb1\/6&Prime;][vc_column_text css=\u00a0\u00bb.vc_custom_1499430301860{margin-bottom: -3px !important;}\u00a0\u00bb]<a href=\"https:\/\/www.elraco.com\/fr\/el-raco\/qualite\/\"><span style=\"color: #000000; font-family: 'Playfair Display'; font-size: 27px; font-weight: 600;\">El Rac\u00f3<\/span><\/a>[\/vc_column_text][vc_separator color=\u00a0\u00bbblack\u00a0\u00bb border_width=\u00a0\u00bb7&Prime; css=\u00a0\u00bb.vc_custom_1493887076978{margin-top: 5px !important;margin-bottom: 20px !important;}\u00a0\u00bb][vc_single_image image=\u00a0\u00bb5525&Prime; img_size=\u00a0\u00bbfull\u00a0\u00bb alignment=\u00a0\u00bbcenter\u00a0\u00bb css=\u00a0\u00bb.vc_custom_1502204133347{margin-bottom: 2px !important;}\u00a0\u00bb el_class=\u00a0\u00bbbloqueshome\u00a0\u00bb][vc_column_text css=\u00a0\u00bb.vc_custom_1493908843975{padding-top: 10px !important;padding-bottom: 5px !important;}\u00a0\u00bb el_class=\u00a0\u00bbbloqueshome\u00a0\u00bb]<strong><span style=\"color: #e2001a; font-family: 'Playfair Display'; font-size: 18px; font-weight: bold;\">Plus de 40 ans<\/span><\/strong>[\/vc_column_text][vc_column_text css=\u00a0\u00bb.vc_custom_1500034669728{padding-bottom: 25px !important;}\u00a0\u00bb el_class=\u00a0\u00bbbloqueshome\u00a0\u00bb]Tout a commenc\u00e9 en 1975 \u00e0 Palam\u00f3s. En plus de 40 ans, il y a eu de tout ; nous avons appris, nous avons fait des erreurs\u2026 mais nous n&rsquo;avons jamais cess\u00e9 d&rsquo;\u00eatre l\u00e0, et nous poursuivons le travail afin d&rsquo;y rester. Merci beaucoup \u00e0 tous nos clients\u00a0: sans eux, rien de tout cela n&rsquo;aurait \u00e9t\u00e9 possible.[\/vc_column_text][\/vc_column][vc_column width=\u00a0\u00bb1\/6&Prime;][\/vc_column][\/vc_row]<\/p>\n<\/div>","protected":false},"excerpt":{"rendered":"<p>[vc_row el_class=\u00a0\u00bbfive-columns\u00a0\u00bb anchor=\u00a0\u00bbseccions\u00a0\u00bb][vc_column width=\u00a0\u00bb1\/6&Prime;][vc_column_text css=\u00a0\u00bb.vc_custom_1753120411891{margin-bottom: -3px !important;}\u00a0\u00bb]LA CARTE[\/vc_column_text][vc_separator color=\u00a0\u00bbblack\u00a0\u00bb border_width=\u00a0\u00bb7&Prime; css=\u00a0\u00bb.vc_custom_1493886278230{margin-top: 5px !important;margin-bottom: 20px !important;}\u00a0\u00bb][vc_single_image image=\u00a0\u00bb5537&Prime; img_size=\u00a0\u00bbfull\u00a0\u00bb alignment=\u00a0\u00bbcenter\u00a0\u00bb css=\u00a0\u00bb.vc_custom_1502205837052{margin-bottom: 2px !important;}\u00a0\u00bb el_class=\u00a0\u00bbbloqueshome\u00a0\u00bb][vc_column_text css=\u00a0\u00bb.vc_custom_1495810190221{padding-top: 10px !important;padding-bottom: 5px !important;}\u00a0\u00bb el_class=\u00a0\u00bbbloqueshome\u00a0\u00bb]Mmmmm\u00e9diterran\u00e9e[\/vc_column_text][vc_column_text css=\u00a0\u00bb.vc_custom_1500034739444{padding-bottom: 25px !important;}\u00a0\u00bb el_class=\u00a0\u00bbbloqueshome\u00a0\u00bb]\u00c9tant donn\u00e9 notre origine, notre carte affiche des recettes caract\u00e9ristiques des cultures m\u00e9diterran\u00e9ennes qui, toutes, m\u00e9ritent un \u00ab hmmm !!! \u00bb.[\/vc_column_text][\/vc_column][vc_column width=\u00a0\u00bb1\/6&Prime;][vc_column_text css=\u00a0\u00bb.vc_custom_1511442359124{margin-bottom: -3px&hellip;<\/p>\n","protected":false},"author":4,"featured_media":0,"parent":0,"menu_order":0,"comment_status":"closed","ping_status":"closed","template":"","meta":{"footnotes":""},"class_list":["post-1166","page","type-page","status-publish","hentry","description-off"],"yoast_head":"<!-- This site is optimized with the Yoast SEO plugin v27.5 - https:\/\/yoast.com\/product\/yoast-seo-wordpress\/ -->\n<title>El Rac\u00f3: restaurant pizzeria m\u00e9diterran\u00e9en.<\/title>\n<meta name=\"description\" content=\"Tout notre travail repose sur cette devise. Nous s\u00e9lectionnons les recettes les plus fid\u00e8les \u00e0 la tr\u00e8s salutaire di\u00e8te m\u00e9diterran\u00e9enne, nous cherchons les ingr\u00e9dients les plus naturels et de meilleure qualit\u00e9, et nous les appr\u00eatons de la meilleure mani\u00e8re possible pour que le palais de nos clients y prenne un maximum de plaisir.\" \/>\n<meta name=\"robots\" content=\"index, follow, max-snippet:-1, max-image-preview:large, max-video-preview:-1\" \/>\n<link rel=\"canonical\" href=\"https:\/\/www.elraco.com\/fr\/\" \/>\n<meta property=\"og:locale\" content=\"fr_FR\" \/>\n<meta property=\"og:type\" content=\"article\" \/>\n<meta property=\"og:title\" content=\"El Rac\u00f3: restaurant pizzeria m\u00e9diterran\u00e9en.\" \/>\n<meta property=\"og:description\" content=\"Tout notre travail repose sur cette devise. Nous s\u00e9lectionnons les recettes les plus fid\u00e8les \u00e0 la tr\u00e8s salutaire di\u00e8te m\u00e9diterran\u00e9enne, nous cherchons les ingr\u00e9dients les plus naturels et de meilleure qualit\u00e9, et nous les appr\u00eatons de la meilleure mani\u00e8re possible pour que le palais de nos clients y prenne un maximum de plaisir.\" \/>\n<meta property=\"og:url\" content=\"https:\/\/www.elraco.com\/fr\/\" \/>\n<meta property=\"og:site_name\" content=\"El Rac\u00f3\" \/>\n<meta property=\"article:modified_time\" content=\"2025-11-13T15:16:55+00:00\" \/>\n<meta name=\"twitter:label1\" content=\"Dur\u00e9e de lecture estim\u00e9e\" \/>\n\t<meta name=\"twitter:data1\" content=\"3 minutes\" \/>\n<script type=\"application\/ld+json\" class=\"yoast-schema-graph\">{\"@context\":\"https:\\\/\\\/schema.org\",\"@graph\":[{\"@type\":\"WebPage\",\"@id\":\"https:\\\/\\\/www.elraco.com\\\/fr\\\/\",\"url\":\"https:\\\/\\\/www.elraco.com\\\/fr\\\/\",\"name\":\"El Rac\u00f3: restaurant pizzeria m\u00e9diterran\u00e9en.\",\"isPartOf\":{\"@id\":\"https:\\\/\\\/www.elraco.com\\\/#website\"},\"datePublished\":\"2017-04-05T12:14:40+00:00\",\"dateModified\":\"2025-11-13T15:16:55+00:00\",\"description\":\"Tout notre travail repose sur cette devise. Nous s\u00e9lectionnons les recettes les plus fid\u00e8les \u00e0 la tr\u00e8s salutaire di\u00e8te m\u00e9diterran\u00e9enne, nous cherchons les ingr\u00e9dients les plus naturels et de meilleure qualit\u00e9, et nous les appr\u00eatons de la meilleure mani\u00e8re possible pour que le palais de nos clients y prenne un maximum de plaisir.\",\"inLanguage\":\"fr-FR\",\"potentialAction\":[{\"@type\":\"ReadAction\",\"target\":[\"https:\\\/\\\/www.elraco.com\\\/fr\\\/\"]}]},{\"@type\":\"WebSite\",\"@id\":\"https:\\\/\\\/www.elraco.com\\\/#website\",\"url\":\"https:\\\/\\\/www.elraco.com\\\/\",\"name\":\"El Rac\u00f3\",\"description\":\"\",\"potentialAction\":[{\"@type\":\"SearchAction\",\"target\":{\"@type\":\"EntryPoint\",\"urlTemplate\":\"https:\\\/\\\/www.elraco.com\\\/?s={search_term_string}\"},\"query-input\":{\"@type\":\"PropertyValueSpecification\",\"valueRequired\":true,\"valueName\":\"search_term_string\"}}],\"inLanguage\":\"fr-FR\"}]}<\/script>\n<!-- \/ Yoast SEO plugin. -->","yoast_head_json":{"title":"El Rac\u00f3: restaurant pizzeria m\u00e9diterran\u00e9en.","description":"Tout notre travail repose sur cette devise. Nous s\u00e9lectionnons les recettes les plus fid\u00e8les \u00e0 la tr\u00e8s salutaire di\u00e8te m\u00e9diterran\u00e9enne, nous cherchons les ingr\u00e9dients les plus naturels et de meilleure qualit\u00e9, et nous les appr\u00eatons de la meilleure mani\u00e8re possible pour que le palais de nos clients y prenne un maximum de plaisir.","robots":{"index":"index","follow":"follow","max-snippet":"max-snippet:-1","max-image-preview":"max-image-preview:large","max-video-preview":"max-video-preview:-1"},"canonical":"https:\/\/www.elraco.com\/fr\/","og_locale":"fr_FR","og_type":"article","og_title":"El Rac\u00f3: restaurant pizzeria m\u00e9diterran\u00e9en.","og_description":"Tout notre travail repose sur cette devise. Nous s\u00e9lectionnons les recettes les plus fid\u00e8les \u00e0 la tr\u00e8s salutaire di\u00e8te m\u00e9diterran\u00e9enne, nous cherchons les ingr\u00e9dients les plus naturels et de meilleure qualit\u00e9, et nous les appr\u00eatons de la meilleure mani\u00e8re possible pour que le palais de nos clients y prenne un maximum de plaisir.","og_url":"https:\/\/www.elraco.com\/fr\/","og_site_name":"El Rac\u00f3","article_modified_time":"2025-11-13T15:16:55+00:00","twitter_misc":{"Dur\u00e9e de lecture estim\u00e9e":"3 minutes"},"schema":{"@context":"https:\/\/schema.org","@graph":[{"@type":"WebPage","@id":"https:\/\/www.elraco.com\/fr\/","url":"https:\/\/www.elraco.com\/fr\/","name":"El Rac\u00f3: restaurant pizzeria m\u00e9diterran\u00e9en.","isPartOf":{"@id":"https:\/\/www.elraco.com\/#website"},"datePublished":"2017-04-05T12:14:40+00:00","dateModified":"2025-11-13T15:16:55+00:00","description":"Tout notre travail repose sur cette devise. Nous s\u00e9lectionnons les recettes les plus fid\u00e8les \u00e0 la tr\u00e8s salutaire di\u00e8te m\u00e9diterran\u00e9enne, nous cherchons les ingr\u00e9dients les plus naturels et de meilleure qualit\u00e9, et nous les appr\u00eatons de la meilleure mani\u00e8re possible pour que le palais de nos clients y prenne un maximum de plaisir.","inLanguage":"fr-FR","potentialAction":[{"@type":"ReadAction","target":["https:\/\/www.elraco.com\/fr\/"]}]},{"@type":"WebSite","@id":"https:\/\/www.elraco.com\/#website","url":"https:\/\/www.elraco.com\/","name":"El Rac\u00f3","description":"","potentialAction":[{"@type":"SearchAction","target":{"@type":"EntryPoint","urlTemplate":"https:\/\/www.elraco.com\/?s={search_term_string}"},"query-input":{"@type":"PropertyValueSpecification","valueRequired":true,"valueName":"search_term_string"}}],"inLanguage":"fr-FR"}]}},"_links":{"self":[{"href":"https:\/\/www.elraco.com\/fr\/wp-json\/wp\/v2\/pages\/1166","targetHints":{"allow":["GET"]}}],"collection":[{"href":"https:\/\/www.elraco.com\/fr\/wp-json\/wp\/v2\/pages"}],"about":[{"href":"https:\/\/www.elraco.com\/fr\/wp-json\/wp\/v2\/types\/page"}],"author":[{"embeddable":true,"href":"https:\/\/www.elraco.com\/fr\/wp-json\/wp\/v2\/users\/4"}],"replies":[{"embeddable":true,"href":"https:\/\/www.elraco.com\/fr\/wp-json\/wp\/v2\/comments?post=1166"}],"version-history":[{"count":121,"href":"https:\/\/www.elraco.com\/fr\/wp-json\/wp\/v2\/pages\/1166\/revisions"}],"predecessor-version":[{"id":13084,"href":"https:\/\/www.elraco.com\/fr\/wp-json\/wp\/v2\/pages\/1166\/revisions\/13084"}],"wp:attachment":[{"href":"https:\/\/www.elraco.com\/fr\/wp-json\/wp\/v2\/media?parent=1166"}],"curies":[{"name":"wp","href":"https:\/\/api.w.org\/{rel}","templated":true}]}}