{"id":6137,"date":"2017-09-08T10:28:44","date_gmt":"2017-09-08T08:28:44","guid":{"rendered":"http:\/\/www.elraco.com\/reservas-online\/"},"modified":"2017-09-08T10:28:44","modified_gmt":"2017-09-08T08:28:44","slug":"reservas-online","status":"publish","type":"page","link":"https:\/\/www.elraco.com\/es\/reservas-online\/","title":{"rendered":"Reservas Online"},"content":{"rendered":"<p><!-- Latest compiled and minified CSS -->\n<link rel=\"stylesheet\" href=\"https:\/\/maxcdn.bootstrapcdn.com\/bootstrap\/3.3.4\/css\/bootstrap.min.css\">\n<div id=\"tabpanel\" role=\"tabpanel\">\n<div align=\"center\">\n<h3>Seleccione el Restaurante en el que desea reservar<\/h3>\n<p><\/div>\n<p>  <!-- Nav tabs --><\/p>\n<ul class=\"nav nav-tabs\" role=\"tablist\">\n<li role=\"presentation\" class=\"active\"><a href=\"#res1\" aria-controls=\"home\" role=\"tab\" data-toggle=\"tab\">El Rac\u00f3 &#8211; Rambla<\/a><\/li>\n<li role=\"presentation\"><a href=\"#res2\" aria-controls=\"res2\" role=\"tab\" data-toggle=\"tab\">El Rac\u00f3 &#8211; Diagonal<\/a><\/li>\n<li role=\"presentation\"><a href=\"#res3\" aria-controls=\"res2\" role=\"tab\" data-toggle=\"tab\">El Rac\u00f3 &#8211; Urquinaona<\/a><\/li>\n<li role=\"presentation\"><a href=\"#res4\" aria-controls=\"res2\" role=\"tab\" data-toggle=\"tab\">El Rac\u00f3 &#8211; C\u00f2rsega<\/a><\/li>\n<\/ul>\n<p>  <!-- Tab panes --><\/p>\n<div class=\"tab-content\">\n  <\/br><\/p>\n<div role=\"tabpanel\" class=\"tab-pane active\" id=\"res1\">\n<div align=\"center\">\n  <iframe loading=\"lazy\" src=\"https:\/\/module.lafourchette.com\/es_ES\/module\/291155-46481\" width=\"80%\" height=\"700\" marginwidth=\"0\" marginheight=\"0\" scrolling=\"No\" frameborder=\"0\"><\/iframe>\n<\/div>\n<\/div>\n<div role=\"tabpanel\" class=\"tab-pane\" id=\"res2\">\n<div align=\"center\">\n  <iframe loading=\"lazy\" src=\"https:\/\/module.lafourchette.com\/es_ES\/module\/291157-23e08\" width=\"80%\" height=\"700\" marginwidth=\"0\" marginheight=\"0\" scrolling=\"No\" frameborder=\"0\"><\/iframe>\n<\/div>\n<\/div>\n<div role=\"tabpanel\" class=\"tab-pane\" id=\"res3\">\n<div align=\"center\">\n  <iframe loading=\"lazy\" src=\"https:\/\/module.lafourchette.com\/es_ES\/module\/291153-c5694\" width=\"80%\" height=\"700\" marginwidth=\"0\" marginheight=\"0\" scrolling=\"No\" frameborder=\"0\"><\/iframe>\n<\/div>\n<\/div>\n<div role=\"tabpanel\" class=\"tab-pane\" id=\"res4\">\n<div align=\"center\">\n  <iframe loading=\"lazy\" src=\"https:\/\/module.lafourchette.com\/es_ES\/module\/291151-e8a0b\" width=\"80%\" height=\"700\" marginwidth=\"0\" marginheight=\"0\" scrolling=\"No\" frameborder=\"0\"><\/iframe>\n<\/div>\n<\/div><\/div>\n<\/div>\n<p> <!-- jQuery (necessary for Bootstrap's JavaScript plugins) --><br \/>\n <script src=\"https:\/\/ajax.googleapis.com\/ajax\/libs\/jquery\/1.11.2\/jquery.min.js\"><\/script><br \/>\n <!-- Latest compiled and minified JavaScript --><br \/>\n<script src=\"https:\/\/maxcdn.bootstrapcdn.com\/bootstrap\/3.3.4\/js\/bootstrap.min.js\"><\/script><\/p>\n","protected":false},"excerpt":{"rendered":"<p>Seleccione el Restaurante en el que desea reservar El Rac\u00f3 &#8211; Rambla El Rac\u00f3 &#8211; Diagonal El Rac\u00f3 &#8211; Urquinaona El Rac\u00f3 &#8211; C\u00f2rsega<\/p>\n","protected":false},"author":5,"featured_media":0,"parent":0,"menu_order":0,"comment_status":"closed","ping_status":"closed","template":"","meta":{"footnotes":""},"class_list":["post-6137","page","type-page","status-publish","hentry","description-off"],"yoast_head":"<!-- This site is optimized with the Yoast SEO plugin v27.5 - https:\/\/yoast.com\/product\/yoast-seo-wordpress\/ -->\n<title>Reservas Online: El Rac\u00f3. Restaurant Pizzeria Mediterr\u00e1nea.<\/title>\n<meta name=\"description\" content=\"Seleccione el Restaurante El Rac\u00f3 en el que desea reservar y venga a disfrutar de una experiencia mediterr\u00e1nea. El Rac\u00f3. Restaurante Pizzeria Mediterr\u00e1nea.\" \/>\n<meta name=\"robots\" content=\"index, follow, max-snippet:-1, max-image-preview:large, max-video-preview:-1\" \/>\n<link rel=\"canonical\" href=\"https:\/\/www.elraco.com\/es\/reservas-online\/\" \/>\n<meta property=\"og:locale\" content=\"es_ES\" \/>\n<meta property=\"og:type\" content=\"article\" \/>\n<meta property=\"og:title\" content=\"Reservas Online: El Rac\u00f3. Restaurant Pizzeria Mediterr\u00e1nea.\" \/>\n<meta property=\"og:description\" content=\"Seleccione el Restaurante El Rac\u00f3 en el que desea reservar y venga a disfrutar de una experiencia mediterr\u00e1nea. El Rac\u00f3. Restaurante Pizzeria Mediterr\u00e1nea.\" \/>\n<meta property=\"og:url\" content=\"https:\/\/www.elraco.com\/es\/reservas-online\/\" \/>\n<meta property=\"og:site_name\" content=\"El Rac\u00f3\" \/>\n<script type=\"application\/ld+json\" class=\"yoast-schema-graph\">{\"@context\":\"https:\\\/\\\/schema.org\",\"@graph\":[{\"@type\":\"WebPage\",\"@id\":\"https:\\\/\\\/www.elraco.com\\\/es\\\/reservas-online\\\/\",\"url\":\"https:\\\/\\\/www.elraco.com\\\/es\\\/reservas-online\\\/\",\"name\":\"Reservas Online: El Rac\u00f3. Restaurant Pizzeria Mediterr\u00e1nea.\",\"isPartOf\":{\"@id\":\"https:\\\/\\\/www.elraco.com\\\/#website\"},\"datePublished\":\"2017-09-08T08:28:44+00:00\",\"description\":\"Seleccione el Restaurante El Rac\u00f3 en el que desea reservar y venga a disfrutar de una experiencia mediterr\u00e1nea. El Rac\u00f3. Restaurante Pizzeria Mediterr\u00e1nea.\",\"inLanguage\":\"es\",\"potentialAction\":[{\"@type\":\"ReadAction\",\"target\":[\"https:\\\/\\\/www.elraco.com\\\/es\\\/reservas-online\\\/\"]}]},{\"@type\":\"WebSite\",\"@id\":\"https:\\\/\\\/www.elraco.com\\\/#website\",\"url\":\"https:\\\/\\\/www.elraco.com\\\/\",\"name\":\"El Rac\u00f3\",\"description\":\"\",\"potentialAction\":[{\"@type\":\"SearchAction\",\"target\":{\"@type\":\"EntryPoint\",\"urlTemplate\":\"https:\\\/\\\/www.elraco.com\\\/?s={search_term_string}\"},\"query-input\":{\"@type\":\"PropertyValueSpecification\",\"valueRequired\":true,\"valueName\":\"search_term_string\"}}],\"inLanguage\":\"es\"}]}<\/script>\n<!-- \/ Yoast SEO plugin. -->","yoast_head_json":{"title":"Reservas Online: El Rac\u00f3. Restaurant Pizzeria Mediterr\u00e1nea.","description":"Seleccione el Restaurante El Rac\u00f3 en el que desea reservar y venga a disfrutar de una experiencia mediterr\u00e1nea. El Rac\u00f3. Restaurante Pizzeria Mediterr\u00e1nea.","robots":{"index":"index","follow":"follow","max-snippet":"max-snippet:-1","max-image-preview":"max-image-preview:large","max-video-preview":"max-video-preview:-1"},"canonical":"https:\/\/www.elraco.com\/es\/reservas-online\/","og_locale":"es_ES","og_type":"article","og_title":"Reservas Online: El Rac\u00f3. Restaurant Pizzeria Mediterr\u00e1nea.","og_description":"Seleccione el Restaurante El Rac\u00f3 en el que desea reservar y venga a disfrutar de una experiencia mediterr\u00e1nea. El Rac\u00f3. Restaurante Pizzeria Mediterr\u00e1nea.","og_url":"https:\/\/www.elraco.com\/es\/reservas-online\/","og_site_name":"El Rac\u00f3","schema":{"@context":"https:\/\/schema.org","@graph":[{"@type":"WebPage","@id":"https:\/\/www.elraco.com\/es\/reservas-online\/","url":"https:\/\/www.elraco.com\/es\/reservas-online\/","name":"Reservas Online: El Rac\u00f3. Restaurant Pizzeria Mediterr\u00e1nea.","isPartOf":{"@id":"https:\/\/www.elraco.com\/#website"},"datePublished":"2017-09-08T08:28:44+00:00","description":"Seleccione el Restaurante El Rac\u00f3 en el que desea reservar y venga a disfrutar de una experiencia mediterr\u00e1nea. El Rac\u00f3. Restaurante Pizzeria Mediterr\u00e1nea.","inLanguage":"es","potentialAction":[{"@type":"ReadAction","target":["https:\/\/www.elraco.com\/es\/reservas-online\/"]}]},{"@type":"WebSite","@id":"https:\/\/www.elraco.com\/#website","url":"https:\/\/www.elraco.com\/","name":"El Rac\u00f3","description":"","potentialAction":[{"@type":"SearchAction","target":{"@type":"EntryPoint","urlTemplate":"https:\/\/www.elraco.com\/?s={search_term_string}"},"query-input":{"@type":"PropertyValueSpecification","valueRequired":true,"valueName":"search_term_string"}}],"inLanguage":"es"}]}},"_links":{"self":[{"href":"https:\/\/www.elraco.com\/es\/wp-json\/wp\/v2\/pages\/6137","targetHints":{"allow":["GET"]}}],"collection":[{"href":"https:\/\/www.elraco.com\/es\/wp-json\/wp\/v2\/pages"}],"about":[{"href":"https:\/\/www.elraco.com\/es\/wp-json\/wp\/v2\/types\/page"}],"author":[{"embeddable":true,"href":"https:\/\/www.elraco.com\/es\/wp-json\/wp\/v2\/users\/5"}],"replies":[{"embeddable":true,"href":"https:\/\/www.elraco.com\/es\/wp-json\/wp\/v2\/comments?post=6137"}],"version-history":[{"count":0,"href":"https:\/\/www.elraco.com\/es\/wp-json\/wp\/v2\/pages\/6137\/revisions"}],"wp:attachment":[{"href":"https:\/\/www.elraco.com\/es\/wp-json\/wp\/v2\/media?parent=6137"}],"curies":[{"name":"wp","href":"https:\/\/api.w.org\/{rel}","templated":true}]}}