{"id":1763,"date":"2017-04-24T12:01:30","date_gmt":"2017-04-24T10:01:30","guid":{"rendered":"http:\/\/www.elraco.com\/?page_id=1763"},"modified":"2018-01-03T20:58:01","modified_gmt":"2018-01-03T18:58:01","slug":"trabaja-con-nosotros","status":"publish","type":"page","link":"https:\/\/www.elraco.com\/es\/el-raco\/trabaja-con-nosotros\/","title":{"rendered":"Trabaja con nosotros"},"content":{"rendered":"<div class=\"wpb-content-wrapper\"><p>[vc_row][vc_column][vc_column_text el_class=\u00bbtitolseccioelraco\u00bb]el Rac\u00f3[\/vc_column_text][vc_separator color=\u00bbblack\u00bb border_width=\u00bb7&#8243; el_class=\u00bblineaseccio\u00bb][vc_column_text el_class=\u00bbsubtitolseccio\u00bb]Trabaja con nosotros[\/vc_column_text][vc_column_text]<\/p>\n<p style=\"text-align: center;\">Te ofrecemos la posibilidad de conocernos y mostrarnos c\u00f3mo somos. Puede ser el principio de una relaci\u00f3n magn\u00edfica.<\/p>\n<p>[\/vc_column_text][\/vc_column][\/vc_row][vc_row margin_top=\u00bb30px\u00bb][vc_column width=\u00bb1\/2&#8243; css=\u00bb.vc_custom_1495007435715{background-color: #ffffff !important;}\u00bb][vc_column_text]<\/p>\n<p style=\"text-align: center;\"><span style=\"color: #000000; font-family: 'Playfair Display'; font-size: 27px; font-weight: 600;\">La fuerza de un gran equipo<\/span><\/p>\n<p>[\/vc_column_text][vc_column_text css=\u00bb.vc_custom_1498820885550{margin-top: 20px !important;}\u00bb]<\/p>\n<p style=\"text-align: justify;\">Comprometidos como estamos con el empleo de calidad, y conscientes de la importancia de gestionar y potenciar el talento, ofrecemos unas condiciones de trabajo estables. Asimismo, proporcionamos un entorno de trabajo agradable, flexible y con futuro que posibilita el desarrollo de una carrera profesional basada en el respeto.<\/p>\n<p>[\/vc_column_text][vc_row_inner css=\u00bb.vc_custom_1492767071099{margin-top: 20px !important;}\u00bb][vc_column_inner]<div class=\"standard-arrow list-divider bullet-top\"><ul>\n<li>Respeto y reconocimiento<\/li>\n<li>Desarrollo profesional y personal<\/li>\n<li>Valores sustentados en las competencias de liderazgo de la persona<\/li>\n<li>Salario competitivo e incentivos<\/li>\n<li>Recursos para desarrollar el trabajo<\/li>\n<\/ul>\n<\/div>[\/vc_column_inner][\/vc_row_inner][\/vc_column][vc_column width=\u00bb1\/2&#8243;][vc_column_text]<\/p>\n<p style=\"text-align: center;\"><span style=\"color: #000000; font-family: 'Playfair Display'; font-size: 27px; font-weight: 600;\">Env\u00edanos tu curr\u00edculum<\/span><\/p>\n<p>[\/vc_column_text][vc_column_text css=\u00bb.vc_custom_1499344947671{margin-top: 20px !important;}\u00bb]\n<div class=\"wpcf7 no-js\" id=\"wpcf7-f6891-o1\" lang=\"ca\" dir=\"ltr\" data-wpcf7-id=\"6891\">\n<div class=\"screen-reader-response\"><p role=\"status\" aria-live=\"polite\" aria-atomic=\"true\"><\/p> <ul><\/ul><\/div>\n<form action=\"\/es\/wp-json\/wp\/v2\/pages\/1763#wpcf7-f6891-o1\" method=\"post\" class=\"wpcf7-form init\" aria-label=\"Formulari de contacte\" enctype=\"multipart\/form-data\" novalidate=\"novalidate\" data-status=\"init\">\n<fieldset class=\"hidden-fields-container\"><input type=\"hidden\" name=\"_wpcf7\" value=\"6891\" \/><input type=\"hidden\" name=\"_wpcf7_version\" value=\"6.1.5\" \/><input type=\"hidden\" name=\"_wpcf7_locale\" value=\"ca\" \/><input type=\"hidden\" name=\"_wpcf7_unit_tag\" value=\"wpcf7-f6891-o1\" \/><input type=\"hidden\" name=\"_wpcf7_container_post\" value=\"0\" \/><input type=\"hidden\" name=\"_wpcf7_posted_data_hash\" value=\"\" \/>\n<\/fieldset>\n<p><span class=\"wpcf7-form-control-wrap\" data-name=\"your-name\"><input size=\"40\" maxlength=\"400\" class=\"wpcf7-form-control wpcf7-text wpcf7-validates-as-required\" aria-required=\"true\" aria-invalid=\"false\" placeholder=\"Nombre *\" value=\"\" type=\"text\" name=\"your-name\" \/><\/span>\n<\/p>\n<p><span class=\"wpcf7-form-control-wrap\" data-name=\"your-email\"><input size=\"40\" maxlength=\"400\" class=\"wpcf7-form-control wpcf7-email wpcf7-validates-as-required wpcf7-text wpcf7-validates-as-email\" aria-required=\"true\" aria-invalid=\"false\" placeholder=\"Correo electr\u00f3nico *\" value=\"\" type=\"email\" name=\"your-email\" \/><\/span>\n<\/p>\n<p><span class=\"wpcf7-form-control-wrap\" data-name=\"your-phone\"><input size=\"40\" maxlength=\"400\" class=\"wpcf7-form-control wpcf7-tel wpcf7-text wpcf7-validates-as-tel\" aria-invalid=\"false\" placeholder=\"Tel\u00e9fono\" value=\"\" type=\"tel\" name=\"your-phone\" \/><\/span>\n<\/p>\n<p><span class=\"wpcf7-form-control-wrap\" data-name=\"your-subject\"><input size=\"40\" maxlength=\"400\" class=\"wpcf7-form-control wpcf7-text\" aria-invalid=\"false\" placeholder=\"Asunto\" value=\"\" type=\"text\" name=\"your-subject\" \/><\/span>\n<\/p>\n<p><span class=\"wpcf7-form-control-wrap\" data-name=\"your-message\"><textarea cols=\"40\" rows=\"10\" maxlength=\"2000\" class=\"wpcf7-form-control wpcf7-textarea\" aria-invalid=\"false\" placeholder=\"Comentario\" name=\"your-message\"><\/textarea><\/span>\n<\/p>\n<p><span class=\"wpcf7-form-control-wrap\" data-name=\"file-21\"><input size=\"40\" class=\"wpcf7-form-control wpcf7-file wpcf7-validates-as-required\" accept=\".pdf,.txt,.doc,.docx\" aria-required=\"true\" aria-invalid=\"false\" type=\"file\" name=\"file-21\" \/><\/span>\n<\/p>\n<p><span class=\"wpcf7-form-control-wrap\" data-name=\"acceptance-privacitat\"><span class=\"wpcf7-form-control wpcf7-acceptance\"><span class=\"wpcf7-list-item\"><input type=\"checkbox\" name=\"acceptance-privacitat\" value=\"1\" aria-invalid=\"false\" \/><\/span><\/span><\/span> He le\u00eddo, entendido y acepto la <a href=\"\/politica-de-privacidad\/\">pol\u00edtica de privacidad<\/a>\n<\/p>\n<div id=\"cf7sr-69de319c85ea8\" class=\"cf7sr-g-recaptcha\" data-theme=\"light\" data-type=\"image\" data-size=\"normal\" data-sitekey=\"6LeB-9sUAAAAACmQj84nvd_pjD_2_oFzVuLU7DHo\"><\/div><span class=\"wpcf7-form-control-wrap cf7sr-recaptcha\" data-name=\"cf7sr-recaptcha\"><input type=\"hidden\" name=\"cf7sr-recaptcha\" value=\"\" class=\"wpcf7-form-control\"><\/span>\n<\/p>\n<p><input class=\"wpcf7-form-control wpcf7-submit has-spinner\" type=\"submit\" value=\"Enviar\" \/>\n<\/p><div class=\"wpcf7-response-output\" aria-hidden=\"true\"><\/div>\n<\/form>\n<\/div>\n[\/vc_column_text][\/vc_column][\/vc_row][vc_row][vc_column][vc_separator border_width=\u00bb2&#8243; css=\u00bb.vc_custom_1495183009255{margin-top: 20px !important;}\u00bb][\/vc_column][\/vc_row]<\/p>\n<\/div>","protected":false},"excerpt":{"rendered":"<p>[vc_row][vc_column][vc_column_text el_class=\u00bbtitolseccioelraco\u00bb]el Rac\u00f3[\/vc_column_text][vc_separator color=\u00bbblack\u00bb border_width=\u00bb7&#8243; el_class=\u00bblineaseccio\u00bb][vc_column_text el_class=\u00bbsubtitolseccio\u00bb]Trabaja con nosotros[\/vc_column_text][vc_column_text] Te ofrecemos la posibilidad de conocernos y mostrarnos c\u00f3mo somos. Puede ser el principio de una relaci\u00f3n magn\u00edfica. [\/vc_column_text][\/vc_column][\/vc_row][vc_row margin_top=\u00bb30px\u00bb][vc_column width=\u00bb1\/2&#8243; css=\u00bb.vc_custom_1495007435715{background-color: #ffffff !important;}\u00bb][vc_column_text] La fuerza de un gran equipo [\/vc_column_text][vc_column_text css=\u00bb.vc_custom_1498820885550{margin-top: 20px !important;}\u00bb] Comprometidos como estamos con el empleo de calidad, y conscientes de la&hellip;<\/p>\n","protected":false},"author":4,"featured_media":0,"parent":2702,"menu_order":0,"comment_status":"closed","ping_status":"closed","template":"","meta":{"footnotes":""},"class_list":["post-1763","page","type-page","status-publish","hentry","description-off"],"yoast_head":"<!-- This site is optimized with the Yoast SEO plugin v27.0 - https:\/\/yoast.com\/product\/yoast-seo-wordpress\/ -->\n<title>Trabaja con nosotros: El Rac\u00f3. Restaurante Pizzeria Mediterr\u00e1nea.<\/title>\n<meta name=\"description\" content=\"Te ofrecemos la posibilidad de conocernos y mostrarnos c\u00f3mo somos. Puede ser el principio de una relaci\u00f3n magn\u00edfica.\" \/>\n<meta name=\"robots\" content=\"index, follow, max-snippet:-1, max-image-preview:large, max-video-preview:-1\" \/>\n<link rel=\"canonical\" href=\"https:\/\/www.elraco.com\/es\/el-raco\/trabaja-con-nosotros\/\" \/>\n<meta property=\"og:locale\" content=\"es_ES\" \/>\n<meta property=\"og:type\" content=\"article\" \/>\n<meta property=\"og:title\" content=\"Trabaja con nosotros: El Rac\u00f3. Restaurante Pizzeria Mediterr\u00e1nea.\" \/>\n<meta property=\"og:description\" content=\"Te ofrecemos la posibilidad de conocernos y mostrarnos c\u00f3mo somos. Puede ser el principio de una relaci\u00f3n magn\u00edfica.\" \/>\n<meta property=\"og:url\" content=\"https:\/\/www.elraco.com\/es\/el-raco\/trabaja-con-nosotros\/\" \/>\n<meta property=\"og:site_name\" content=\"El Rac\u00f3\" \/>\n<meta property=\"article:modified_time\" content=\"2018-01-03T18:58:01+00:00\" \/>\n<meta name=\"twitter:label1\" content=\"Tiempo de lectura\" \/>\n\t<meta name=\"twitter:data1\" content=\"1 minuto\" \/>\n<script type=\"application\/ld+json\" class=\"yoast-schema-graph\">{\"@context\":\"https:\/\/schema.org\",\"@graph\":[{\"@type\":\"WebPage\",\"@id\":\"https:\/\/www.elraco.com\/es\/el-raco\/trabaja-con-nosotros\/\",\"url\":\"https:\/\/www.elraco.com\/es\/el-raco\/trabaja-con-nosotros\/\",\"name\":\"Trabaja con nosotros: El Rac\u00f3. Restaurante Pizzeria Mediterr\u00e1nea.\",\"isPartOf\":{\"@id\":\"https:\/\/www.elraco.com\/#website\"},\"datePublished\":\"2017-04-24T10:01:30+00:00\",\"dateModified\":\"2018-01-03T18:58:01+00:00\",\"description\":\"Te ofrecemos la posibilidad de conocernos y mostrarnos c\u00f3mo somos. Puede ser el principio de una relaci\u00f3n magn\u00edfica.\",\"breadcrumb\":{\"@id\":\"https:\/\/www.elraco.com\/es\/el-raco\/trabaja-con-nosotros\/#breadcrumb\"},\"inLanguage\":\"es\",\"potentialAction\":[{\"@type\":\"ReadAction\",\"target\":[\"https:\/\/www.elraco.com\/es\/el-raco\/trabaja-con-nosotros\/\"]}]},{\"@type\":\"BreadcrumbList\",\"@id\":\"https:\/\/www.elraco.com\/es\/el-raco\/trabaja-con-nosotros\/#breadcrumb\",\"itemListElement\":[{\"@type\":\"ListItem\",\"position\":1,\"name\":\"el Rac\u00f3\",\"item\":\"https:\/\/www.elraco.com\/es\/el-raco\/\"},{\"@type\":\"ListItem\",\"position\":2,\"name\":\"Trabaja con nosotros\"}]},{\"@type\":\"WebSite\",\"@id\":\"https:\/\/www.elraco.com\/#website\",\"url\":\"https:\/\/www.elraco.com\/\",\"name\":\"El Rac\u00f3\",\"description\":\"\",\"potentialAction\":[{\"@type\":\"SearchAction\",\"target\":{\"@type\":\"EntryPoint\",\"urlTemplate\":\"https:\/\/www.elraco.com\/?s={search_term_string}\"},\"query-input\":{\"@type\":\"PropertyValueSpecification\",\"valueRequired\":true,\"valueName\":\"search_term_string\"}}],\"inLanguage\":\"es\"}]}<\/script>\n<!-- \/ Yoast SEO plugin. -->","yoast_head_json":{"title":"Trabaja con nosotros: El Rac\u00f3. Restaurante Pizzeria Mediterr\u00e1nea.","description":"Te ofrecemos la posibilidad de conocernos y mostrarnos c\u00f3mo somos. Puede ser el principio de una relaci\u00f3n magn\u00edfica.","robots":{"index":"index","follow":"follow","max-snippet":"max-snippet:-1","max-image-preview":"max-image-preview:large","max-video-preview":"max-video-preview:-1"},"canonical":"https:\/\/www.elraco.com\/es\/el-raco\/trabaja-con-nosotros\/","og_locale":"es_ES","og_type":"article","og_title":"Trabaja con nosotros: El Rac\u00f3. Restaurante Pizzeria Mediterr\u00e1nea.","og_description":"Te ofrecemos la posibilidad de conocernos y mostrarnos c\u00f3mo somos. Puede ser el principio de una relaci\u00f3n magn\u00edfica.","og_url":"https:\/\/www.elraco.com\/es\/el-raco\/trabaja-con-nosotros\/","og_site_name":"El Rac\u00f3","article_modified_time":"2018-01-03T18:58:01+00:00","twitter_misc":{"Tiempo de lectura":"1 minuto"},"schema":{"@context":"https:\/\/schema.org","@graph":[{"@type":"WebPage","@id":"https:\/\/www.elraco.com\/es\/el-raco\/trabaja-con-nosotros\/","url":"https:\/\/www.elraco.com\/es\/el-raco\/trabaja-con-nosotros\/","name":"Trabaja con nosotros: El Rac\u00f3. Restaurante Pizzeria Mediterr\u00e1nea.","isPartOf":{"@id":"https:\/\/www.elraco.com\/#website"},"datePublished":"2017-04-24T10:01:30+00:00","dateModified":"2018-01-03T18:58:01+00:00","description":"Te ofrecemos la posibilidad de conocernos y mostrarnos c\u00f3mo somos. Puede ser el principio de una relaci\u00f3n magn\u00edfica.","breadcrumb":{"@id":"https:\/\/www.elraco.com\/es\/el-raco\/trabaja-con-nosotros\/#breadcrumb"},"inLanguage":"es","potentialAction":[{"@type":"ReadAction","target":["https:\/\/www.elraco.com\/es\/el-raco\/trabaja-con-nosotros\/"]}]},{"@type":"BreadcrumbList","@id":"https:\/\/www.elraco.com\/es\/el-raco\/trabaja-con-nosotros\/#breadcrumb","itemListElement":[{"@type":"ListItem","position":1,"name":"el Rac\u00f3","item":"https:\/\/www.elraco.com\/es\/el-raco\/"},{"@type":"ListItem","position":2,"name":"Trabaja con nosotros"}]},{"@type":"WebSite","@id":"https:\/\/www.elraco.com\/#website","url":"https:\/\/www.elraco.com\/","name":"El Rac\u00f3","description":"","potentialAction":[{"@type":"SearchAction","target":{"@type":"EntryPoint","urlTemplate":"https:\/\/www.elraco.com\/?s={search_term_string}"},"query-input":{"@type":"PropertyValueSpecification","valueRequired":true,"valueName":"search_term_string"}}],"inLanguage":"es"}]}},"_links":{"self":[{"href":"https:\/\/www.elraco.com\/es\/wp-json\/wp\/v2\/pages\/1763","targetHints":{"allow":["GET"]}}],"collection":[{"href":"https:\/\/www.elraco.com\/es\/wp-json\/wp\/v2\/pages"}],"about":[{"href":"https:\/\/www.elraco.com\/es\/wp-json\/wp\/v2\/types\/page"}],"author":[{"embeddable":true,"href":"https:\/\/www.elraco.com\/es\/wp-json\/wp\/v2\/users\/4"}],"replies":[{"embeddable":true,"href":"https:\/\/www.elraco.com\/es\/wp-json\/wp\/v2\/comments?post=1763"}],"version-history":[{"count":31,"href":"https:\/\/www.elraco.com\/es\/wp-json\/wp\/v2\/pages\/1763\/revisions"}],"predecessor-version":[{"id":9683,"href":"https:\/\/www.elraco.com\/es\/wp-json\/wp\/v2\/pages\/1763\/revisions\/9683"}],"up":[{"embeddable":true,"href":"https:\/\/www.elraco.com\/es\/wp-json\/wp\/v2\/pages\/2702"}],"wp:attachment":[{"href":"https:\/\/www.elraco.com\/es\/wp-json\/wp\/v2\/media?parent=1763"}],"curies":[{"name":"wp","href":"https:\/\/api.w.org\/{rel}","templated":true}]}}