{"id":11115,"date":"2019-02-13T17:23:20","date_gmt":"2019-02-13T15:23:20","guid":{"rendered":"http:\/\/www.elraco.com\/el-raco\/clients-2\/"},"modified":"2019-11-18T14:50:43","modified_gmt":"2019-11-18T12:50:43","slug":"clientes","status":"publish","type":"page","link":"https:\/\/www.elraco.com\/es\/el-raco\/clientes\/","title":{"rendered":"Clientes"},"content":{"rendered":"\r\n<div id=\"mkting-form-cas-container\">\r\n<h1>El Rac\u00f3<\/h1>\r\n<h2>Bienvenido a la familia<\/h2>\r\n\t<p>\r\n<b>Queremos hacerte un rinc\u00f3n en nuestra comunidad. <\/b> Nos encanta que vengas\r\na pasar momentos especiales o de cada d\u00eda con nosotros.\r\nCon la familia, con la pareja, con los amigos o con los compa\u00f1eros\r\nde trabajo, ven y disfruta de nuestra oferta gastron\u00f3mica, pensada\r\npara ti y los tuyos.<\/p>\r\n\r\n\r\n    \r\n\t\r\n    <form id=\"mkting-form-castella\" action=\"http:\/\/marketing.elraco.com\/extform\/clients\/new\" method=\"POST\">\r\n\r\n        <div class=''><input type='text' name='_surname' placeholder='Nombre' value=\"\" ><\/div>\r\n        <div class=''><input type='text' name='_lastname' placeholder='Apellido' value=\"\"><\/div>\r\n        <div class=''><input type='text' name='_address' placeholder='Direcci\u00f3n' value=\"\"><\/div>\r\n        <div class=''><input type='text' name='_town' placeholder='Poblaci\u00f3n' value=\"\"><\/div>\r\n        <div class=''><input type='text' name='_postal_code' placeholder='C\u00f3digo postal' value=''><\/div>\r\n        <div class=''><input type='text' name='_province' placeholder='Provincia' value=\"\"><\/div>\r\n        <div class=''><input type='text' name='_phone' placeholder='Tel\u00e9fono' value=''><\/div>\r\n        <div class=''><input type='email' name='_mail' placeholder='Mail' value=''><\/div>\r\n\r\n\t\t<div class=''>\r\n\t\t\t<select name=\"_local\" >\r\n\t\t\t\t<!--<option>Selecciona local<\/option>-->\r\n                <option disabled selected hidden>Selecciona local<\/option>\r\n\t\t\t\t<option value=\"01\">El Rac\u00f3 de Palam\u00f3s<\/option>\r\n\t\t\t\t<option value=\"13\">El Rac\u00f3 de Platja d'Aro<\/option>\r\n\t\t\t\t<option value=\"05\">El Rac\u00f3 de Rambla Catalunya (BCN)<\/option>\r\n\t\t\t\t<!-- <option value=\"06\">El Rac\u00f3 de C\u00f2rsega (BCN)<\/option> -->\r\n\t\t\t\t<option value=\"04\">El Rac\u00f3 de Urquinaona (BCN)<\/option>\r\n\t\t\t\t<option value=\"14\">El Rac\u00f3 de Maremagnum (BCN)<\/option>\r\n\t\t\t\t<option value=\"02\">El Rac\u00f3 de Sarri\u00e0 (BCN)<\/option>\r\n\t\t\t\t<option value=\"10\">El Rac\u00f3 de Sitges<\/option>\r\n\t\t\t\t<option value=\"11\">El Rac\u00f3 de Vilanova i la Geltr\u00fa<\/option>\r\n\t\t\t\t<option value=\"15\">El Rac\u00f3 de Vic<\/option>\r\n\t\t\t\t<option value=\"08\">El Rac\u00f3 de Terrassa<\/option>\r\n\t\t\t\t<option value=\"16\">El Rac\u00f3 de Girona<\/option>\r\n                <option value=\"17\">El Rac\u00f3 de Sabadell<\/option>\r\n\t\t\t<\/select>\r\n\t\t<\/div>\r\n        <div class='' >\r\n            <select name='_language'>\r\n                <option value=''>Seleccionar idioma<\/option>\r\n                <option value='3'>Catalan<\/option>\r\n                <option value='4' selected> Espa\u00f1ol<\/option>\r\n            <\/select>\r\n        <\/div>\r\n        <div class='' style='margin: 20px 0px; text-align:left; padding-left: 50px; text-indent: -18px;' ><input type='checkbox' name='lopd' required> He le\u00eddo, entiendo y acepto <a target=\"_blank\" href=''> la pol\u00edtica de privacidad <\/a> <\/div>\r\n<div class='' style='margin: 20px 0px;  text-align:left; padding-left: 50px; text-indent: -18px;' ><input checked type='checkbox' name='comm' required> Acepto recibir comunicaciones comerciales de Grup el Rac\u00f3 por correo electr\u00f3nico y otros medios ofim\u00e1ticos tal como establece la Ley LSSI \/ CE 34\/2002. Si posteriormente no deseara continuar recibiendo nuestras comunicaciones Comerciales usted podr\u00e1 revocar el consentimiento enviando un mail a: <a href='mailto:lopd@elraco.com'> lopd@elraco.com<\/a><\/div>\r\n        <input type=\"hidden\" name=\"action\" value=\"mkting_new_client\"\/>\r\n        <input type=\"hidden\" name=\"_permalink\" value='https:\/\/www.elraco.com\/es\/el-raco\/clientes\/'>\r\n        <input type=\"hidden\" id=\"_mkting_new_client_nonce\" name=\"_mkting_new_client_nonce\" value=\"42d5470ae8\" \/><input type=\"hidden\" name=\"_wp_http_referer\" value=\"\/es\/wp-json\/wp\/v2\/pages\/11115\" \/><input type=\"hidden\" id=\"_mkting_new_client_nonce\" name=\"_mkting_new_client_nonce\" value=\"42d5470ae8\" \/><input type=\"hidden\" name=\"_wp_http_referer\" value=\"\/es\/wp-json\/wp\/v2\/pages\/11115\" \/>        <div class='submit-div' style='padding-left: 50px;'><input type='submit' value='Enviar'><\/div>\r\n    <\/form>\r\n\r\n\r\n<\/div>\r\n\n","protected":false},"excerpt":{"rendered":"<p>El Rac\u00f3 Bienvenido a la familia Queremos hacerte un rinc\u00f3n en nuestra comunidad. Nos encanta que vengas a pasar momentos especiales o de cada d\u00eda con nosotros. Con la familia, con la pareja, con los amigos o con los compa\u00f1eros de trabajo, ven y disfruta de nuestra oferta gastron\u00f3mica, pensada para ti y los tuyos.&hellip;<\/p>\n","protected":false},"author":5,"featured_media":0,"parent":2702,"menu_order":0,"comment_status":"closed","ping_status":"closed","template":"","meta":{"footnotes":""},"class_list":["post-11115","page","type-page","status-publish","hentry","description-off"],"yoast_head":"<!-- This site is optimized with the Yoast SEO plugin v27.0 - https:\/\/yoast.com\/product\/yoast-seo-wordpress\/ -->\n<title>Clientes - El Rac\u00f3<\/title>\n<meta name=\"robots\" content=\"index, follow, max-snippet:-1, max-image-preview:large, max-video-preview:-1\" \/>\n<link rel=\"canonical\" href=\"https:\/\/www.elraco.com\/es\/el-raco\/clientes\/\" \/>\n<meta property=\"og:locale\" content=\"es_ES\" \/>\n<meta property=\"og:type\" content=\"article\" \/>\n<meta property=\"og:title\" content=\"Clientes - El Rac\u00f3\" \/>\n<meta property=\"og:url\" content=\"https:\/\/www.elraco.com\/es\/el-raco\/clientes\/\" \/>\n<meta property=\"og:site_name\" content=\"El Rac\u00f3\" \/>\n<meta property=\"article:modified_time\" content=\"2019-11-18T12:50:43+00:00\" \/>\n<script type=\"application\/ld+json\" class=\"yoast-schema-graph\">{\"@context\":\"https:\/\/schema.org\",\"@graph\":[{\"@type\":\"WebPage\",\"@id\":\"https:\/\/www.elraco.com\/es\/el-raco\/clientes\/\",\"url\":\"https:\/\/www.elraco.com\/es\/el-raco\/clientes\/\",\"name\":\"Clientes - El Rac\u00f3\",\"isPartOf\":{\"@id\":\"https:\/\/www.elraco.com\/#website\"},\"datePublished\":\"2019-02-13T15:23:20+00:00\",\"dateModified\":\"2019-11-18T12:50:43+00:00\",\"breadcrumb\":{\"@id\":\"https:\/\/www.elraco.com\/es\/el-raco\/clientes\/#breadcrumb\"},\"inLanguage\":\"es\",\"potentialAction\":[{\"@type\":\"ReadAction\",\"target\":[\"https:\/\/www.elraco.com\/es\/el-raco\/clientes\/\"]}]},{\"@type\":\"BreadcrumbList\",\"@id\":\"https:\/\/www.elraco.com\/es\/el-raco\/clientes\/#breadcrumb\",\"itemListElement\":[{\"@type\":\"ListItem\",\"position\":1,\"name\":\"el Rac\u00f3\",\"item\":\"https:\/\/www.elraco.com\/es\/el-raco\/\"},{\"@type\":\"ListItem\",\"position\":2,\"name\":\"Clientes\"}]},{\"@type\":\"WebSite\",\"@id\":\"https:\/\/www.elraco.com\/#website\",\"url\":\"https:\/\/www.elraco.com\/\",\"name\":\"El Rac\u00f3\",\"description\":\"\",\"potentialAction\":[{\"@type\":\"SearchAction\",\"target\":{\"@type\":\"EntryPoint\",\"urlTemplate\":\"https:\/\/www.elraco.com\/?s={search_term_string}\"},\"query-input\":{\"@type\":\"PropertyValueSpecification\",\"valueRequired\":true,\"valueName\":\"search_term_string\"}}],\"inLanguage\":\"es\"}]}<\/script>\n<!-- \/ Yoast SEO plugin. -->","yoast_head_json":{"title":"Clientes - El Rac\u00f3","robots":{"index":"index","follow":"follow","max-snippet":"max-snippet:-1","max-image-preview":"max-image-preview:large","max-video-preview":"max-video-preview:-1"},"canonical":"https:\/\/www.elraco.com\/es\/el-raco\/clientes\/","og_locale":"es_ES","og_type":"article","og_title":"Clientes - El Rac\u00f3","og_url":"https:\/\/www.elraco.com\/es\/el-raco\/clientes\/","og_site_name":"El Rac\u00f3","article_modified_time":"2019-11-18T12:50:43+00:00","schema":{"@context":"https:\/\/schema.org","@graph":[{"@type":"WebPage","@id":"https:\/\/www.elraco.com\/es\/el-raco\/clientes\/","url":"https:\/\/www.elraco.com\/es\/el-raco\/clientes\/","name":"Clientes - El Rac\u00f3","isPartOf":{"@id":"https:\/\/www.elraco.com\/#website"},"datePublished":"2019-02-13T15:23:20+00:00","dateModified":"2019-11-18T12:50:43+00:00","breadcrumb":{"@id":"https:\/\/www.elraco.com\/es\/el-raco\/clientes\/#breadcrumb"},"inLanguage":"es","potentialAction":[{"@type":"ReadAction","target":["https:\/\/www.elraco.com\/es\/el-raco\/clientes\/"]}]},{"@type":"BreadcrumbList","@id":"https:\/\/www.elraco.com\/es\/el-raco\/clientes\/#breadcrumb","itemListElement":[{"@type":"ListItem","position":1,"name":"el Rac\u00f3","item":"https:\/\/www.elraco.com\/es\/el-raco\/"},{"@type":"ListItem","position":2,"name":"Clientes"}]},{"@type":"WebSite","@id":"https:\/\/www.elraco.com\/#website","url":"https:\/\/www.elraco.com\/","name":"El Rac\u00f3","description":"","potentialAction":[{"@type":"SearchAction","target":{"@type":"EntryPoint","urlTemplate":"https:\/\/www.elraco.com\/?s={search_term_string}"},"query-input":{"@type":"PropertyValueSpecification","valueRequired":true,"valueName":"search_term_string"}}],"inLanguage":"es"}]}},"_links":{"self":[{"href":"https:\/\/www.elraco.com\/es\/wp-json\/wp\/v2\/pages\/11115","targetHints":{"allow":["GET"]}}],"collection":[{"href":"https:\/\/www.elraco.com\/es\/wp-json\/wp\/v2\/pages"}],"about":[{"href":"https:\/\/www.elraco.com\/es\/wp-json\/wp\/v2\/types\/page"}],"author":[{"embeddable":true,"href":"https:\/\/www.elraco.com\/es\/wp-json\/wp\/v2\/users\/5"}],"replies":[{"embeddable":true,"href":"https:\/\/www.elraco.com\/es\/wp-json\/wp\/v2\/comments?post=11115"}],"version-history":[{"count":6,"href":"https:\/\/www.elraco.com\/es\/wp-json\/wp\/v2\/pages\/11115\/revisions"}],"predecessor-version":[{"id":11638,"href":"https:\/\/www.elraco.com\/es\/wp-json\/wp\/v2\/pages\/11115\/revisions\/11638"}],"up":[{"embeddable":true,"href":"https:\/\/www.elraco.com\/es\/wp-json\/wp\/v2\/pages\/2702"}],"wp:attachment":[{"href":"https:\/\/www.elraco.com\/es\/wp-json\/wp\/v2\/media?parent=11115"}],"curies":[{"name":"wp","href":"https:\/\/api.w.org\/{rel}","templated":true}]}}