{"id":2775,"date":"2017-05-05T10:52:06","date_gmt":"2017-05-05T08:52:06","guid":{"rendered":"http:\/\/www.elraco.com\/?page_id=2775\/"},"modified":"2017-12-18T11:53:38","modified_gmt":"2017-12-18T09:53:38","slug":"essen-zum-mitnehmen","status":"publish","type":"page","link":"https:\/\/www.elraco.com\/de\/essen-zum-mitnehmen\/","title":{"rendered":"Take-away-Gerichte"},"content":{"rendered":"<div class=\"wpb-content-wrapper\"><p>[vc_row][vc_column][vc_column_text el_class=&#8220;titolseccio&#8220;]TAKE AWAY[\/vc_column_text][vc_separator color=&#8220;black&#8220; border_width=&#8220;7&#8243; el_class=&#8220;lineaseccio&#8220;][vc_column_text el_class=&#8220;subtitolseccio&#8220;]Take-away-Gerichte[\/vc_column_text][vc_column_text css=&#8220;.vc_custom_1495532897378{margin-bottom: 20px !important;}&#8220;]<\/p>\n<p style=\"text-align: center;\">Wenn es dir nicht m\u00f6glich ist, unser Angebot in einem unserer Restaurants zu genie\u00dfen, dann bieten wir dir die M\u00f6glichkeit, die gew\u00fcnschten Gerichte als  Take-away mit nach Hause zu nehmen.<\/p>\n<p>&nbsp;[\/vc_column_text][\/vc_column][\/vc_row][vc_column][\/vc_column]<\/p>\n<\/div>","protected":false},"excerpt":{"rendered":"<p>[vc_row][vc_column][vc_column_text el_class=&#8220;titolseccio&#8220;]TAKE AWAY[\/vc_column_text][vc_separator color=&#8220;black&#8220; border_width=&#8220;7&#8243; el_class=&#8220;lineaseccio&#8220;][vc_column_text el_class=&#8220;subtitolseccio&#8220;]Take-away-Gerichte[\/vc_column_text][vc_column_text css=&#8220;.vc_custom_1495532897378{margin-bottom: 20px !important;}&#8220;] Wenn es dir nicht m\u00f6glich ist, unser Angebot in einem unserer Restaurants zu genie\u00dfen, dann bieten wir dir die M\u00f6glichkeit, die gew\u00fcnschten Gerichte als Take-away mit nach Hause zu nehmen. &nbsp;[\/vc_column_text][\/vc_column][\/vc_row][vc_column][\/vc_column]<\/p>\n","protected":false},"author":4,"featured_media":0,"parent":0,"menu_order":0,"comment_status":"closed","ping_status":"closed","template":"","meta":{"footnotes":""},"class_list":["post-2775","page","type-page","status-publish","hentry","description-off"],"yoast_head":"<!-- This site is optimized with the Yoast SEO plugin v27.0 - https:\/\/yoast.com\/product\/yoast-seo-wordpress\/ -->\n<title>Take-away-Gerichte: El Rac\u00f3. Restaurant Pizzeria Mediterr\u00e1nea.<\/title>\n<meta name=\"description\" content=\"Wenn es dir nicht m\u00f6glich ist, unser Angebot in einem unserer Restaurants zu genie\u00dfen, dann bieten wir dir die M\u00f6glichkeit, die gew\u00fcnschten Gerichte als Take-away mit nach Hause zu nehmen.\" \/>\n<meta name=\"robots\" content=\"index, follow, max-snippet:-1, max-image-preview:large, max-video-preview:-1\" \/>\n<link rel=\"canonical\" href=\"https:\/\/www.elraco.com\/de\/essen-zum-mitnehmen\/\" \/>\n<meta property=\"og:locale\" content=\"de_DE\" \/>\n<meta property=\"og:type\" content=\"article\" \/>\n<meta property=\"og:title\" content=\"Take-away-Gerichte: El Rac\u00f3. Restaurant Pizzeria Mediterr\u00e1nea.\" \/>\n<meta property=\"og:description\" content=\"Wenn es dir nicht m\u00f6glich ist, unser Angebot in einem unserer Restaurants zu genie\u00dfen, dann bieten wir dir die M\u00f6glichkeit, die gew\u00fcnschten Gerichte als Take-away mit nach Hause zu nehmen.\" \/>\n<meta property=\"og:url\" content=\"https:\/\/www.elraco.com\/de\/essen-zum-mitnehmen\/\" \/>\n<meta property=\"og:site_name\" content=\"El Rac\u00f3\" \/>\n<meta property=\"article:modified_time\" content=\"2017-12-18T09:53:38+00:00\" \/>\n<script type=\"application\/ld+json\" class=\"yoast-schema-graph\">{\"@context\":\"https:\/\/schema.org\",\"@graph\":[{\"@type\":\"WebPage\",\"@id\":\"https:\/\/www.elraco.com\/de\/essen-zum-mitnehmen\/\",\"url\":\"https:\/\/www.elraco.com\/de\/essen-zum-mitnehmen\/\",\"name\":\"Take-away-Gerichte: El Rac\u00f3. Restaurant Pizzeria Mediterr\u00e1nea.\",\"isPartOf\":{\"@id\":\"https:\/\/www.elraco.com\/#website\"},\"datePublished\":\"2017-05-05T08:52:06+00:00\",\"dateModified\":\"2017-12-18T09:53:38+00:00\",\"description\":\"Wenn es dir nicht m\u00f6glich ist, unser Angebot in einem unserer Restaurants zu genie\u00dfen, dann bieten wir dir die M\u00f6glichkeit, die gew\u00fcnschten Gerichte als Take-away mit nach Hause zu nehmen.\",\"inLanguage\":\"de\",\"potentialAction\":[{\"@type\":\"ReadAction\",\"target\":[\"https:\/\/www.elraco.com\/de\/essen-zum-mitnehmen\/\"]}]},{\"@type\":\"WebSite\",\"@id\":\"https:\/\/www.elraco.com\/#website\",\"url\":\"https:\/\/www.elraco.com\/\",\"name\":\"El Rac\u00f3\",\"description\":\"\",\"potentialAction\":[{\"@type\":\"SearchAction\",\"target\":{\"@type\":\"EntryPoint\",\"urlTemplate\":\"https:\/\/www.elraco.com\/?s={search_term_string}\"},\"query-input\":{\"@type\":\"PropertyValueSpecification\",\"valueRequired\":true,\"valueName\":\"search_term_string\"}}],\"inLanguage\":\"de\"}]}<\/script>\n<!-- \/ Yoast SEO plugin. -->","yoast_head_json":{"title":"Take-away-Gerichte: El Rac\u00f3. Restaurant Pizzeria Mediterr\u00e1nea.","description":"Wenn es dir nicht m\u00f6glich ist, unser Angebot in einem unserer Restaurants zu genie\u00dfen, dann bieten wir dir die M\u00f6glichkeit, die gew\u00fcnschten Gerichte als Take-away mit nach Hause zu nehmen.","robots":{"index":"index","follow":"follow","max-snippet":"max-snippet:-1","max-image-preview":"max-image-preview:large","max-video-preview":"max-video-preview:-1"},"canonical":"https:\/\/www.elraco.com\/de\/essen-zum-mitnehmen\/","og_locale":"de_DE","og_type":"article","og_title":"Take-away-Gerichte: El Rac\u00f3. Restaurant Pizzeria Mediterr\u00e1nea.","og_description":"Wenn es dir nicht m\u00f6glich ist, unser Angebot in einem unserer Restaurants zu genie\u00dfen, dann bieten wir dir die M\u00f6glichkeit, die gew\u00fcnschten Gerichte als Take-away mit nach Hause zu nehmen.","og_url":"https:\/\/www.elraco.com\/de\/essen-zum-mitnehmen\/","og_site_name":"El Rac\u00f3","article_modified_time":"2017-12-18T09:53:38+00:00","schema":{"@context":"https:\/\/schema.org","@graph":[{"@type":"WebPage","@id":"https:\/\/www.elraco.com\/de\/essen-zum-mitnehmen\/","url":"https:\/\/www.elraco.com\/de\/essen-zum-mitnehmen\/","name":"Take-away-Gerichte: El Rac\u00f3. Restaurant Pizzeria Mediterr\u00e1nea.","isPartOf":{"@id":"https:\/\/www.elraco.com\/#website"},"datePublished":"2017-05-05T08:52:06+00:00","dateModified":"2017-12-18T09:53:38+00:00","description":"Wenn es dir nicht m\u00f6glich ist, unser Angebot in einem unserer Restaurants zu genie\u00dfen, dann bieten wir dir die M\u00f6glichkeit, die gew\u00fcnschten Gerichte als Take-away mit nach Hause zu nehmen.","inLanguage":"de","potentialAction":[{"@type":"ReadAction","target":["https:\/\/www.elraco.com\/de\/essen-zum-mitnehmen\/"]}]},{"@type":"WebSite","@id":"https:\/\/www.elraco.com\/#website","url":"https:\/\/www.elraco.com\/","name":"El Rac\u00f3","description":"","potentialAction":[{"@type":"SearchAction","target":{"@type":"EntryPoint","urlTemplate":"https:\/\/www.elraco.com\/?s={search_term_string}"},"query-input":{"@type":"PropertyValueSpecification","valueRequired":true,"valueName":"search_term_string"}}],"inLanguage":"de"}]}},"_links":{"self":[{"href":"https:\/\/www.elraco.com\/de\/wp-json\/wp\/v2\/pages\/2775","targetHints":{"allow":["GET"]}}],"collection":[{"href":"https:\/\/www.elraco.com\/de\/wp-json\/wp\/v2\/pages"}],"about":[{"href":"https:\/\/www.elraco.com\/de\/wp-json\/wp\/v2\/types\/page"}],"author":[{"embeddable":true,"href":"https:\/\/www.elraco.com\/de\/wp-json\/wp\/v2\/users\/4"}],"replies":[{"embeddable":true,"href":"https:\/\/www.elraco.com\/de\/wp-json\/wp\/v2\/comments?post=2775"}],"version-history":[{"count":5,"href":"https:\/\/www.elraco.com\/de\/wp-json\/wp\/v2\/pages\/2775\/revisions"}],"predecessor-version":[{"id":6915,"href":"https:\/\/www.elraco.com\/de\/wp-json\/wp\/v2\/pages\/2775\/revisions\/6915"}],"wp:attachment":[{"href":"https:\/\/www.elraco.com\/de\/wp-json\/wp\/v2\/media?parent=2775"}],"curies":[{"name":"wp","href":"https:\/\/api.w.org\/{rel}","templated":true}]}}