{"id":1769,"date":"2017-04-24T12:03:36","date_gmt":"2017-04-24T10:03:36","guid":{"rendered":"http:\/\/www.elraco.com\/?page_id=1769"},"modified":"2018-01-03T23:40:08","modified_gmt":"2018-01-03T21:40:08","slug":"arbeiten-sie-mit-uns","status":"publish","type":"page","link":"https:\/\/www.elraco.com\/de\/el-raco\/arbeiten-sie-mit-uns\/","title":{"rendered":"Arbeiten sie mit uns"},"content":{"rendered":"<div class=\"wpb-content-wrapper\"><p>[vc_row][vc_column][vc_column_text el_class=&#8220;titolseccioelraco&#8220;]el Rac\u00f3[\/vc_column_text][vc_separator color=&#8220;black&#8220; border_width=&#8220;7&#8243; el_class=&#8220;lineaseccio&#8220;][vc_column_text el_class=&#8220;subtitolseccio&#8220;]Arbeiten sie mit uns[\/vc_column_text][vc_column_text]<\/p>\n<p style=\"text-align: center;\">Wir bieten dir die M\u00f6glichkeit, uns kennen zu lernen, und zeigen dir, wie und wer wir sind. Wer wei\u00df &#8230; Es k\u00f6nnte der Beginn einer fabelhaften Zusammenarbeit sein.<\/p>\n<p>[\/vc_column_text][\/vc_column][\/vc_row][vc_row margin_top=&#8220;30px&#8220;][vc_column width=&#8220;1\/2&#8243; css=&#8220;.vc_custom_1495007435715{background-color: #ffffff !important;}&#8220;][vc_column_text]<\/p>\n<p style=\"text-align: center;\"><span style=\"color: #000000; font-family: 'Playfair Display'; font-size: 27px; font-weight: 600;\">Die St\u00e4rke eines gro\u00dfen Teams.<\/span><\/p>\n<p>[\/vc_column_text][vc_column_text css=&#8220;.vc_custom_1498820885550{margin-top: 20px !important;}&#8220;]<\/p>\n<p style=\"text-align: justify;\">Wir setzen auf hochwertige Arbeitspl\u00e4tze und wissen, wie wichtig es ist, junge Talente gezielt zu f\u00f6rdern. Deshalb bieten wir stabile Arbeitsverh\u00e4ltnisse und sorgen daf\u00fcr, dass sich unsere Mitarbeiter in angenehmer, respektvoller Umgebung flexibel und mit klaren beruflichen Chancen f\u00fcr die Zukunft bewegen k\u00f6nnen.<\/p>\n<p>[\/vc_column_text][vc_row_inner css=&#8220;.vc_custom_1492767071099{margin-top: 20px !important;}&#8220;][vc_column_inner]<div class=\"standard-arrow list-divider bullet-top\"><ul>\n<li>Respekt und Anerkennung<\/li>\n<li>Berufliche und pers\u00f6nliche Entwicklung<\/li>\n<li>Auf den individuellen F\u00fchrungskompetenzen des Einzelnen basierende Werte<\/li>\n<li>Marktgerechte Verg\u00fctung und Anreize<\/li>\n<li>Mittel und M\u00f6glichkeiten zur Abwicklung der Arbeit<\/li>\n<\/ul>\n<\/div>[\/vc_column_inner][\/vc_row_inner][\/vc_column][vc_column width=&#8220;1\/2&#8243;][vc_column_text]<\/p>\n<p style=\"text-align: center;\"><span style=\"color: #000000; font-family: 'Playfair Display'; font-size: 27px; font-weight: 600;\">Schick uns deinen Lebenslauf<\/span><\/p>\n<p>[\/vc_column_text][vc_column_text css=&#8220;.vc_custom_1499344947671{margin-top: 20px !important;}&#8220;]\n<div class=\"wpcf7 no-js\" id=\"wpcf7-f6861-o1\" lang=\"ca\" dir=\"ltr\" data-wpcf7-id=\"6861\">\n<div class=\"screen-reader-response\"><p role=\"status\" aria-live=\"polite\" aria-atomic=\"true\"><\/p> <ul><\/ul><\/div>\n<form action=\"\/de\/wp-json\/wp\/v2\/pages\/1769#wpcf7-f6861-o1\" method=\"post\" class=\"wpcf7-form init\" aria-label=\"Formulari de contacte\" enctype=\"multipart\/form-data\" novalidate=\"novalidate\" data-status=\"init\">\n<fieldset class=\"hidden-fields-container\"><input type=\"hidden\" name=\"_wpcf7\" value=\"6861\" \/><input type=\"hidden\" name=\"_wpcf7_version\" value=\"6.1.5\" \/><input type=\"hidden\" name=\"_wpcf7_locale\" value=\"ca\" \/><input type=\"hidden\" name=\"_wpcf7_unit_tag\" value=\"wpcf7-f6861-o1\" \/><input type=\"hidden\" name=\"_wpcf7_container_post\" value=\"0\" \/><input type=\"hidden\" name=\"_wpcf7_posted_data_hash\" value=\"\" \/>\n<\/fieldset>\n<p><span class=\"wpcf7-form-control-wrap\" data-name=\"your-name\"><input size=\"40\" maxlength=\"400\" class=\"wpcf7-form-control wpcf7-text wpcf7-validates-as-required\" aria-required=\"true\" aria-invalid=\"false\" placeholder=\"Name *\" value=\"\" type=\"text\" name=\"your-name\" \/><\/span>\n<\/p>\n<p><span class=\"wpcf7-form-control-wrap\" data-name=\"your-email\"><input size=\"40\" maxlength=\"400\" class=\"wpcf7-form-control wpcf7-email wpcf7-validates-as-required wpcf7-text wpcf7-validates-as-email\" aria-required=\"true\" aria-invalid=\"false\" placeholder=\"E-Mail *\" value=\"\" type=\"email\" name=\"your-email\" \/><\/span>\n<\/p>\n<p><span class=\"wpcf7-form-control-wrap\" data-name=\"your-phone\"><input size=\"40\" maxlength=\"400\" class=\"wpcf7-form-control wpcf7-tel wpcf7-text wpcf7-validates-as-tel\" aria-invalid=\"false\" placeholder=\"Telefon\" value=\"\" type=\"tel\" name=\"your-phone\" \/><\/span>\n<\/p>\n<p><span class=\"wpcf7-form-control-wrap\" data-name=\"your-subject\"><input size=\"40\" maxlength=\"400\" class=\"wpcf7-form-control wpcf7-text\" aria-invalid=\"false\" placeholder=\"Betrifft\" value=\"\" type=\"text\" name=\"your-subject\" \/><\/span>\n<\/p>\n<p><span class=\"wpcf7-form-control-wrap\" data-name=\"your-message\"><textarea cols=\"40\" rows=\"10\" maxlength=\"2000\" class=\"wpcf7-form-control wpcf7-textarea\" aria-invalid=\"false\" placeholder=\"Kommentar\" name=\"your-message\"><\/textarea><\/span>\n<\/p>\n<p><span class=\"wpcf7-form-control-wrap\" data-name=\"file-21\"><input size=\"40\" class=\"wpcf7-form-control wpcf7-file wpcf7-validates-as-required\" accept=\".pdf,.txt,.doc,.docx\" aria-required=\"true\" aria-invalid=\"false\" type=\"file\" name=\"file-21\" \/><\/span>\n<\/p>\n<p><span class=\"wpcf7-form-control-wrap\" data-name=\"acceptance-privacitat\"><span class=\"wpcf7-form-control wpcf7-acceptance\"><span class=\"wpcf7-list-item\"><input type=\"checkbox\" name=\"acceptance-privacitat\" value=\"1\" aria-invalid=\"false\" \/><\/span><\/span><\/span> Ich habe die Datenschutzrichtlinien gelesen und verstehe und akzeptiere sie\n<\/p>\n<div id=\"cf7sr-69de675e98072\" class=\"cf7sr-g-recaptcha\" data-theme=\"light\" data-type=\"image\" data-size=\"normal\" data-sitekey=\"6LeB-9sUAAAAACmQj84nvd_pjD_2_oFzVuLU7DHo\"><\/div><span class=\"wpcf7-form-control-wrap cf7sr-recaptcha\" data-name=\"cf7sr-recaptcha\"><input type=\"hidden\" name=\"cf7sr-recaptcha\" value=\"\" class=\"wpcf7-form-control\"><\/span>\n<\/p>\n<p><input class=\"wpcf7-form-control wpcf7-submit has-spinner\" type=\"submit\" value=\"Absenden\" \/>\n<\/p><div class=\"wpcf7-response-output\" aria-hidden=\"true\"><\/div>\n<\/form>\n<\/div>\n[\/vc_column_text][\/vc_column][\/vc_row][vc_row][vc_column][vc_separator border_width=&#8220;2&#8243; css=&#8220;.vc_custom_1495183009255{margin-top: 20px !important;}&#8220;][\/vc_column][\/vc_row]<\/p>\n<\/div>","protected":false},"excerpt":{"rendered":"<p>[vc_row][vc_column][vc_column_text el_class=&#8220;titolseccioelraco&#8220;]el Rac\u00f3[\/vc_column_text][vc_separator color=&#8220;black&#8220; border_width=&#8220;7&#8243; el_class=&#8220;lineaseccio&#8220;][vc_column_text el_class=&#8220;subtitolseccio&#8220;]Arbeiten sie mit uns[\/vc_column_text][vc_column_text] Wir bieten dir die M\u00f6glichkeit, uns kennen zu lernen, und zeigen dir, wie und wer wir sind. Wer wei\u00df &#8230; Es k\u00f6nnte der Beginn einer fabelhaften Zusammenarbeit sein. [\/vc_column_text][\/vc_column][\/vc_row][vc_row margin_top=&#8220;30px&#8220;][vc_column width=&#8220;1\/2&#8243; css=&#8220;.vc_custom_1495007435715{background-color: #ffffff !important;}&#8220;][vc_column_text] Die St\u00e4rke eines gro\u00dfen Teams. [\/vc_column_text][vc_column_text css=&#8220;.vc_custom_1498820885550{margin-top: 20px !important;}&#8220;] Wir setzen&hellip;<\/p>\n","protected":false},"author":4,"featured_media":0,"parent":2708,"menu_order":0,"comment_status":"closed","ping_status":"closed","template":"","meta":{"footnotes":""},"class_list":["post-1769","page","type-page","status-publish","hentry","description-off"],"yoast_head":"<!-- This site is optimized with the Yoast SEO plugin v27.0 - https:\/\/yoast.com\/product\/yoast-seo-wordpress\/ -->\n<title>Arbeiten sie mit uns: El Rac\u00f3. Restaurant Pizzeria Mediterr\u00e1nea.<\/title>\n<meta name=\"description\" content=\"Wir bieten dir die M\u00f6glichkeit, uns kennen zu lernen, und zeigen dir, wie und wer wir sind. Wer wei\u00df ... Es k\u00f6nnte der Beginn einer fabelhaften Zusammenarbeit sein. El Rac\u00f3. Restaurant Pizzeria Mediterr\u00e1nea.\" \/>\n<meta name=\"robots\" content=\"index, follow, max-snippet:-1, max-image-preview:large, max-video-preview:-1\" \/>\n<link rel=\"canonical\" href=\"https:\/\/www.elraco.com\/de\/el-raco\/arbeiten-sie-mit-uns\/\" \/>\n<meta property=\"og:locale\" content=\"de_DE\" \/>\n<meta property=\"og:type\" content=\"article\" \/>\n<meta property=\"og:title\" content=\"Arbeiten sie mit uns: El Rac\u00f3. Restaurant Pizzeria Mediterr\u00e1nea.\" \/>\n<meta property=\"og:description\" content=\"Wir bieten dir die M\u00f6glichkeit, uns kennen zu lernen, und zeigen dir, wie und wer wir sind. Wer wei\u00df ... Es k\u00f6nnte der Beginn einer fabelhaften Zusammenarbeit sein. El Rac\u00f3. Restaurant Pizzeria Mediterr\u00e1nea.\" \/>\n<meta property=\"og:url\" content=\"https:\/\/www.elraco.com\/de\/el-raco\/arbeiten-sie-mit-uns\/\" \/>\n<meta property=\"og:site_name\" content=\"El Rac\u00f3\" \/>\n<meta property=\"article:modified_time\" content=\"2018-01-03T21:40:08+00:00\" \/>\n<meta name=\"twitter:label1\" content=\"Gesch\u00e4tzte Lesezeit\" \/>\n\t<meta name=\"twitter:data1\" content=\"1\u00a0Minute\" \/>\n<script type=\"application\/ld+json\" class=\"yoast-schema-graph\">{\"@context\":\"https:\/\/schema.org\",\"@graph\":[{\"@type\":\"WebPage\",\"@id\":\"https:\/\/www.elraco.com\/de\/el-raco\/arbeiten-sie-mit-uns\/\",\"url\":\"https:\/\/www.elraco.com\/de\/el-raco\/arbeiten-sie-mit-uns\/\",\"name\":\"Arbeiten sie mit uns: El Rac\u00f3. Restaurant Pizzeria Mediterr\u00e1nea.\",\"isPartOf\":{\"@id\":\"https:\/\/www.elraco.com\/#website\"},\"datePublished\":\"2017-04-24T10:03:36+00:00\",\"dateModified\":\"2018-01-03T21:40:08+00:00\",\"description\":\"Wir bieten dir die M\u00f6glichkeit, uns kennen zu lernen, und zeigen dir, wie und wer wir sind. Wer wei\u00df ... Es k\u00f6nnte der Beginn einer fabelhaften Zusammenarbeit sein. El Rac\u00f3. Restaurant Pizzeria Mediterr\u00e1nea.\",\"breadcrumb\":{\"@id\":\"https:\/\/www.elraco.com\/de\/el-raco\/arbeiten-sie-mit-uns\/#breadcrumb\"},\"inLanguage\":\"de\",\"potentialAction\":[{\"@type\":\"ReadAction\",\"target\":[\"https:\/\/www.elraco.com\/de\/el-raco\/arbeiten-sie-mit-uns\/\"]}]},{\"@type\":\"BreadcrumbList\",\"@id\":\"https:\/\/www.elraco.com\/de\/el-raco\/arbeiten-sie-mit-uns\/#breadcrumb\",\"itemListElement\":[{\"@type\":\"ListItem\",\"position\":1,\"name\":\"el Rac\u00f3\",\"item\":\"https:\/\/www.elraco.com\/de\/el-raco\/\"},{\"@type\":\"ListItem\",\"position\":2,\"name\":\"Arbeiten sie mit uns\"}]},{\"@type\":\"WebSite\",\"@id\":\"https:\/\/www.elraco.com\/#website\",\"url\":\"https:\/\/www.elraco.com\/\",\"name\":\"El Rac\u00f3\",\"description\":\"\",\"potentialAction\":[{\"@type\":\"SearchAction\",\"target\":{\"@type\":\"EntryPoint\",\"urlTemplate\":\"https:\/\/www.elraco.com\/?s={search_term_string}\"},\"query-input\":{\"@type\":\"PropertyValueSpecification\",\"valueRequired\":true,\"valueName\":\"search_term_string\"}}],\"inLanguage\":\"de\"}]}<\/script>\n<!-- \/ Yoast SEO plugin. -->","yoast_head_json":{"title":"Arbeiten sie mit uns: El Rac\u00f3. Restaurant Pizzeria Mediterr\u00e1nea.","description":"Wir bieten dir die M\u00f6glichkeit, uns kennen zu lernen, und zeigen dir, wie und wer wir sind. Wer wei\u00df ... Es k\u00f6nnte der Beginn einer fabelhaften Zusammenarbeit sein. El Rac\u00f3. Restaurant Pizzeria Mediterr\u00e1nea.","robots":{"index":"index","follow":"follow","max-snippet":"max-snippet:-1","max-image-preview":"max-image-preview:large","max-video-preview":"max-video-preview:-1"},"canonical":"https:\/\/www.elraco.com\/de\/el-raco\/arbeiten-sie-mit-uns\/","og_locale":"de_DE","og_type":"article","og_title":"Arbeiten sie mit uns: El Rac\u00f3. Restaurant Pizzeria Mediterr\u00e1nea.","og_description":"Wir bieten dir die M\u00f6glichkeit, uns kennen zu lernen, und zeigen dir, wie und wer wir sind. Wer wei\u00df ... Es k\u00f6nnte der Beginn einer fabelhaften Zusammenarbeit sein. El Rac\u00f3. Restaurant Pizzeria Mediterr\u00e1nea.","og_url":"https:\/\/www.elraco.com\/de\/el-raco\/arbeiten-sie-mit-uns\/","og_site_name":"El Rac\u00f3","article_modified_time":"2018-01-03T21:40:08+00:00","twitter_misc":{"Gesch\u00e4tzte Lesezeit":"1\u00a0Minute"},"schema":{"@context":"https:\/\/schema.org","@graph":[{"@type":"WebPage","@id":"https:\/\/www.elraco.com\/de\/el-raco\/arbeiten-sie-mit-uns\/","url":"https:\/\/www.elraco.com\/de\/el-raco\/arbeiten-sie-mit-uns\/","name":"Arbeiten sie mit uns: El Rac\u00f3. Restaurant Pizzeria Mediterr\u00e1nea.","isPartOf":{"@id":"https:\/\/www.elraco.com\/#website"},"datePublished":"2017-04-24T10:03:36+00:00","dateModified":"2018-01-03T21:40:08+00:00","description":"Wir bieten dir die M\u00f6glichkeit, uns kennen zu lernen, und zeigen dir, wie und wer wir sind. Wer wei\u00df ... Es k\u00f6nnte der Beginn einer fabelhaften Zusammenarbeit sein. El Rac\u00f3. Restaurant Pizzeria Mediterr\u00e1nea.","breadcrumb":{"@id":"https:\/\/www.elraco.com\/de\/el-raco\/arbeiten-sie-mit-uns\/#breadcrumb"},"inLanguage":"de","potentialAction":[{"@type":"ReadAction","target":["https:\/\/www.elraco.com\/de\/el-raco\/arbeiten-sie-mit-uns\/"]}]},{"@type":"BreadcrumbList","@id":"https:\/\/www.elraco.com\/de\/el-raco\/arbeiten-sie-mit-uns\/#breadcrumb","itemListElement":[{"@type":"ListItem","position":1,"name":"el Rac\u00f3","item":"https:\/\/www.elraco.com\/de\/el-raco\/"},{"@type":"ListItem","position":2,"name":"Arbeiten sie mit uns"}]},{"@type":"WebSite","@id":"https:\/\/www.elraco.com\/#website","url":"https:\/\/www.elraco.com\/","name":"El Rac\u00f3","description":"","potentialAction":[{"@type":"SearchAction","target":{"@type":"EntryPoint","urlTemplate":"https:\/\/www.elraco.com\/?s={search_term_string}"},"query-input":{"@type":"PropertyValueSpecification","valueRequired":true,"valueName":"search_term_string"}}],"inLanguage":"de"}]}},"_links":{"self":[{"href":"https:\/\/www.elraco.com\/de\/wp-json\/wp\/v2\/pages\/1769","targetHints":{"allow":["GET"]}}],"collection":[{"href":"https:\/\/www.elraco.com\/de\/wp-json\/wp\/v2\/pages"}],"about":[{"href":"https:\/\/www.elraco.com\/de\/wp-json\/wp\/v2\/types\/page"}],"author":[{"embeddable":true,"href":"https:\/\/www.elraco.com\/de\/wp-json\/wp\/v2\/users\/4"}],"replies":[{"embeddable":true,"href":"https:\/\/www.elraco.com\/de\/wp-json\/wp\/v2\/comments?post=1769"}],"version-history":[{"count":17,"href":"https:\/\/www.elraco.com\/de\/wp-json\/wp\/v2\/pages\/1769\/revisions"}],"predecessor-version":[{"id":9742,"href":"https:\/\/www.elraco.com\/de\/wp-json\/wp\/v2\/pages\/1769\/revisions\/9742"}],"up":[{"embeddable":true,"href":"https:\/\/www.elraco.com\/de\/wp-json\/wp\/v2\/pages\/2708"}],"wp:attachment":[{"href":"https:\/\/www.elraco.com\/de\/wp-json\/wp\/v2\/media?parent=1769"}],"curies":[{"name":"wp","href":"https:\/\/api.w.org\/{rel}","templated":true}]}}