{"id":1724,"date":"2017-04-24T11:43:06","date_gmt":"2017-04-24T09:43:06","guid":{"rendered":"http:\/\/www.elraco.com\/?page_id=1724"},"modified":"2017-12-27T12:37:42","modified_gmt":"2017-12-27T10:37:42","slug":"philosophie","status":"publish","type":"page","link":"https:\/\/www.elraco.com\/de\/el-raco\/philosophie\/","title":{"rendered":"Philosophie"},"content":{"rendered":"<div class=\"wpb-content-wrapper\"><p>[vc_row][vc_column][vc_column_text el_class=&#8220;titolseccioelraco&#8220;]el Rac\u00f3[\/vc_column_text][vc_separator color=&#8220;black&#8220; border_width=&#8220;7&#8243; el_class=&#8220;lineaseccio&#8220;][vc_column_text el_class=&#8220;subtitolseccio&#8220;]Philosophie[\/vc_column_text][vc_column_text]<\/p>\n<p style=\"text-align: center;\">El Rac\u00f3 entstand im Jahr 1975 mit einer eindeutigen Berufung zu einer aufmerksamen, tadellosen Betreuung seiner G\u00e4ste. Aus dieser Berufung heraus ergab sich ein ganz eigenes Selbstverst\u00e4ndnis, das \u00fcber einen st\u00e4ndigen Dialog mit unseren G\u00e4sten zu einer \u00fcberaus hohen Kundenbindung gef\u00fchrt hat. Auf Grundlage dieser Philosophie konnte unser Angebot zu einer einmaligen Erfahrung mit ureigenem Charakter werden.<\/p>\n<p>[\/vc_column_text][\/vc_column][\/vc_row][vc_row margin_top=&#8220;20&#8243;][vc_column width=&#8220;1\/2&#8243; css=&#8220;.vc_custom_1502195679665{margin-right: -500px !important;}&#8220;]<style type=\"text\/css\" data-type=\"the7_shortcodes-inline-css\">.shortcode-single-image-wrap.shortcode-single-image-f07796aa60a42b0ba33b9d08a9544af6.enable-bg-rollover .rollover i,\n.shortcode-single-image-wrap.shortcode-single-image-f07796aa60a42b0ba33b9d08a9544af6.enable-bg-rollover .rollover-video i {\n  background: -webkit-linear-gradient();\n  background: linear-gradient();\n}\n.shortcode-single-image-wrap.shortcode-single-image-f07796aa60a42b0ba33b9d08a9544af6 .rollover-icon {\n  font-size: 32px;\n  color: #ffffff;\n  min-width: 44px;\n  min-height: 44px;\n  line-height: 44px;\n  border-radius: 100px;\n  border-style: solid;\n  border-width: 0px;\n}\n.dt-icon-bg-on.shortcode-single-image-wrap.shortcode-single-image-f07796aa60a42b0ba33b9d08a9544af6 .rollover-icon {\n  background: rgba(255,255,255,0.3);\n  box-shadow: none;\n}<\/style><div class=\"shortcode-single-image-wrap shortcode-single-image-f07796aa60a42b0ba33b9d08a9544af6 alignnone  enable-bg-rollover dt-icon-bg-off\" style=\"margin-top:0px; margin-bottom:0px; margin-left:0px; margin-right:0px; width:582px;\"><div class=\"shortcode-single-image\"><div class=\"fancy-media-wrap  layzr-bg\" style=\"border-radius:1px;\"><img fetchpriority=\"high\" decoding=\"async\" class=\"preload-me lazy-load aspect\" src=\"data:image\/svg+xml,%3Csvg%20xmlns%3D&#39;http%3A%2F%2Fwww.w3.org%2F2000%2Fsvg&#39;%20viewBox%3D&#39;0%200%20582%20388&#39;%2F%3E\" data-src=\"https:\/\/www.elraco.com\/wp-content\/uploads\/2017\/04\/Tagliatelle-a-la-Negre-582x388.jpg\" data-srcset=\"https:\/\/www.elraco.com\/wp-content\/uploads\/2017\/04\/Tagliatelle-a-la-Negre-582x388.jpg 582w, https:\/\/www.elraco.com\/wp-content\/uploads\/2017\/04\/Tagliatelle-a-la-Negre-1164x776.jpg 1164w\" loading=\"eager\" sizes=\"(max-width: 582px) 100vw, 582px\" width=\"582\" height=\"388\"  data-dt-location=\"https:\/\/www.elraco.com\/de\/grups\/tagliatelle-a-la-negre\/\" style=\"--ratio: 582 \/ 388;border-radius:1px;\" alt=\"\" \/><\/div><\/div><\/div>[\/vc_column][vc_column width=&#8220;1\/2&#8243;]<style type=\"text\/css\" data-type=\"the7_shortcodes-inline-css\">.shortcode-single-image-wrap.shortcode-single-image-1dd7ae41913cd3a3a01ee2b7bbebcb1f.enable-bg-rollover .rollover i,\n.shortcode-single-image-wrap.shortcode-single-image-1dd7ae41913cd3a3a01ee2b7bbebcb1f.enable-bg-rollover .rollover-video i {\n  background: -webkit-linear-gradient();\n  background: linear-gradient();\n}\n.shortcode-single-image-wrap.shortcode-single-image-1dd7ae41913cd3a3a01ee2b7bbebcb1f .rollover-icon {\n  font-size: 32px;\n  color: #ffffff;\n  min-width: 44px;\n  min-height: 44px;\n  line-height: 44px;\n  border-radius: 100px;\n  border-style: solid;\n  border-width: 0px;\n}\n.dt-icon-bg-on.shortcode-single-image-wrap.shortcode-single-image-1dd7ae41913cd3a3a01ee2b7bbebcb1f .rollover-icon {\n  background: rgba(255,255,255,0.3);\n  box-shadow: none;\n}<\/style><div class=\"shortcode-single-image-wrap shortcode-single-image-1dd7ae41913cd3a3a01ee2b7bbebcb1f alignnone  enable-bg-rollover dt-icon-bg-off\" style=\"margin-top:0px; margin-bottom:0px; margin-left:0px; margin-right:0px; width:582px;\"><div class=\"shortcode-single-image\"><div class=\"fancy-media-wrap  layzr-bg\" style=\"\"><img decoding=\"async\" class=\"preload-me lazy-load aspect\" src=\"data:image\/svg+xml,%3Csvg%20xmlns%3D&#39;http%3A%2F%2Fwww.w3.org%2F2000%2Fsvg&#39;%20viewBox%3D&#39;0%200%20582%20388&#39;%2F%3E\" data-src=\"https:\/\/www.elraco.com\/wp-content\/uploads\/2017\/04\/Agnollotti-Formatges-582x388.jpg\" data-srcset=\"https:\/\/www.elraco.com\/wp-content\/uploads\/2017\/04\/Agnollotti-Formatges-582x388.jpg 582w, https:\/\/www.elraco.com\/wp-content\/uploads\/2017\/04\/Agnollotti-Formatges.jpg 1152w\" loading=\"eager\" sizes=\"(max-width: 582px) 100vw, 582px\" width=\"582\" height=\"388\"  data-dt-location=\"https:\/\/www.elraco.com\/de\/grups\/agnollotti-formatges\/\" style=\"--ratio: 582 \/ 388;\" alt=\"\" \/><\/div><\/div><\/div>[\/vc_column][\/vc_row][vc_row][vc_column][vc_separator border_width=&#8220;2&#8243; css=&#8220;.vc_custom_1495006418417{margin-top: 20px !important;}&#8220;][\/vc_column][\/vc_row]<\/p>\n<\/div>","protected":false},"excerpt":{"rendered":"<p>[vc_row][vc_column][vc_column_text el_class=&#8220;titolseccioelraco&#8220;]el Rac\u00f3[\/vc_column_text][vc_separator color=&#8220;black&#8220; border_width=&#8220;7&#8243; el_class=&#8220;lineaseccio&#8220;][vc_column_text el_class=&#8220;subtitolseccio&#8220;]Philosophie[\/vc_column_text][vc_column_text] El Rac\u00f3 entstand im Jahr 1975 mit einer eindeutigen Berufung zu einer aufmerksamen, tadellosen Betreuung seiner G\u00e4ste. Aus dieser Berufung heraus ergab sich ein ganz eigenes Selbstverst\u00e4ndnis, das \u00fcber einen st\u00e4ndigen Dialog mit unseren G\u00e4sten zu einer \u00fcberaus hohen Kundenbindung gef\u00fchrt hat. Auf Grundlage dieser Philosophie konnte unser&hellip;<\/p>\n","protected":false},"author":4,"featured_media":0,"parent":2708,"menu_order":0,"comment_status":"closed","ping_status":"closed","template":"","meta":{"footnotes":""},"class_list":["post-1724","page","type-page","status-publish","hentry","description-off"],"yoast_head":"<!-- This site is optimized with the Yoast SEO plugin v27.0 - https:\/\/yoast.com\/product\/yoast-seo-wordpress\/ -->\n<title>Philosophie: El Rac\u00f3. Restaurant Pizzeria Mediterr\u00e1nea.<\/title>\n<meta name=\"description\" content=\"El Rac\u00f3 entstand im Jahr 1975 mit einer eindeutigen Berufung zu einer aufmerksamen, tadellosen Betreuung seiner G\u00e4ste. Aus dieser Berufung heraus ergab sich ein ganz eigenes Selbstverst\u00e4ndnis, das \u00fcber einen st\u00e4ndigen Dialog mit unseren G\u00e4sten zu einer \u00fcberaus hohen Kundenbindung gef\u00fchrt hat.\" \/>\n<meta name=\"robots\" content=\"index, follow, max-snippet:-1, max-image-preview:large, max-video-preview:-1\" \/>\n<link rel=\"canonical\" href=\"https:\/\/www.elraco.com\/de\/el-raco\/philosophie\/\" \/>\n<meta property=\"og:locale\" content=\"de_DE\" \/>\n<meta property=\"og:type\" content=\"article\" \/>\n<meta property=\"og:title\" content=\"Philosophie: El Rac\u00f3. Restaurant Pizzeria Mediterr\u00e1nea.\" \/>\n<meta property=\"og:description\" content=\"El Rac\u00f3 entstand im Jahr 1975 mit einer eindeutigen Berufung zu einer aufmerksamen, tadellosen Betreuung seiner G\u00e4ste. Aus dieser Berufung heraus ergab sich ein ganz eigenes Selbstverst\u00e4ndnis, das \u00fcber einen st\u00e4ndigen Dialog mit unseren G\u00e4sten zu einer \u00fcberaus hohen Kundenbindung gef\u00fchrt hat.\" \/>\n<meta property=\"og:url\" content=\"https:\/\/www.elraco.com\/de\/el-raco\/philosophie\/\" \/>\n<meta property=\"og:site_name\" content=\"El Rac\u00f3\" \/>\n<meta property=\"article:modified_time\" content=\"2017-12-27T10:37:42+00:00\" \/>\n<meta name=\"twitter:label1\" content=\"Gesch\u00e4tzte Lesezeit\" \/>\n\t<meta name=\"twitter:data1\" content=\"1\u00a0Minute\" \/>\n<script type=\"application\/ld+json\" class=\"yoast-schema-graph\">{\"@context\":\"https:\/\/schema.org\",\"@graph\":[{\"@type\":\"WebPage\",\"@id\":\"https:\/\/www.elraco.com\/de\/el-raco\/philosophie\/\",\"url\":\"https:\/\/www.elraco.com\/de\/el-raco\/philosophie\/\",\"name\":\"Philosophie: El Rac\u00f3. Restaurant Pizzeria Mediterr\u00e1nea.\",\"isPartOf\":{\"@id\":\"https:\/\/www.elraco.com\/#website\"},\"datePublished\":\"2017-04-24T09:43:06+00:00\",\"dateModified\":\"2017-12-27T10:37:42+00:00\",\"description\":\"El Rac\u00f3 entstand im Jahr 1975 mit einer eindeutigen Berufung zu einer aufmerksamen, tadellosen Betreuung seiner G\u00e4ste. Aus dieser Berufung heraus ergab sich ein ganz eigenes Selbstverst\u00e4ndnis, das \u00fcber einen st\u00e4ndigen Dialog mit unseren G\u00e4sten zu einer \u00fcberaus hohen Kundenbindung gef\u00fchrt hat.\",\"breadcrumb\":{\"@id\":\"https:\/\/www.elraco.com\/de\/el-raco\/philosophie\/#breadcrumb\"},\"inLanguage\":\"de\",\"potentialAction\":[{\"@type\":\"ReadAction\",\"target\":[\"https:\/\/www.elraco.com\/de\/el-raco\/philosophie\/\"]}]},{\"@type\":\"BreadcrumbList\",\"@id\":\"https:\/\/www.elraco.com\/de\/el-raco\/philosophie\/#breadcrumb\",\"itemListElement\":[{\"@type\":\"ListItem\",\"position\":1,\"name\":\"el Rac\u00f3\",\"item\":\"https:\/\/www.elraco.com\/de\/el-raco\/\"},{\"@type\":\"ListItem\",\"position\":2,\"name\":\"Philosophie\"}]},{\"@type\":\"WebSite\",\"@id\":\"https:\/\/www.elraco.com\/#website\",\"url\":\"https:\/\/www.elraco.com\/\",\"name\":\"El Rac\u00f3\",\"description\":\"\",\"potentialAction\":[{\"@type\":\"SearchAction\",\"target\":{\"@type\":\"EntryPoint\",\"urlTemplate\":\"https:\/\/www.elraco.com\/?s={search_term_string}\"},\"query-input\":{\"@type\":\"PropertyValueSpecification\",\"valueRequired\":true,\"valueName\":\"search_term_string\"}}],\"inLanguage\":\"de\"}]}<\/script>\n<!-- \/ Yoast SEO plugin. -->","yoast_head_json":{"title":"Philosophie: El Rac\u00f3. Restaurant Pizzeria Mediterr\u00e1nea.","description":"El Rac\u00f3 entstand im Jahr 1975 mit einer eindeutigen Berufung zu einer aufmerksamen, tadellosen Betreuung seiner G\u00e4ste. Aus dieser Berufung heraus ergab sich ein ganz eigenes Selbstverst\u00e4ndnis, das \u00fcber einen st\u00e4ndigen Dialog mit unseren G\u00e4sten zu einer \u00fcberaus hohen Kundenbindung gef\u00fchrt hat.","robots":{"index":"index","follow":"follow","max-snippet":"max-snippet:-1","max-image-preview":"max-image-preview:large","max-video-preview":"max-video-preview:-1"},"canonical":"https:\/\/www.elraco.com\/de\/el-raco\/philosophie\/","og_locale":"de_DE","og_type":"article","og_title":"Philosophie: El Rac\u00f3. Restaurant Pizzeria Mediterr\u00e1nea.","og_description":"El Rac\u00f3 entstand im Jahr 1975 mit einer eindeutigen Berufung zu einer aufmerksamen, tadellosen Betreuung seiner G\u00e4ste. Aus dieser Berufung heraus ergab sich ein ganz eigenes Selbstverst\u00e4ndnis, das \u00fcber einen st\u00e4ndigen Dialog mit unseren G\u00e4sten zu einer \u00fcberaus hohen Kundenbindung gef\u00fchrt hat.","og_url":"https:\/\/www.elraco.com\/de\/el-raco\/philosophie\/","og_site_name":"El Rac\u00f3","article_modified_time":"2017-12-27T10:37:42+00:00","twitter_misc":{"Gesch\u00e4tzte Lesezeit":"1\u00a0Minute"},"schema":{"@context":"https:\/\/schema.org","@graph":[{"@type":"WebPage","@id":"https:\/\/www.elraco.com\/de\/el-raco\/philosophie\/","url":"https:\/\/www.elraco.com\/de\/el-raco\/philosophie\/","name":"Philosophie: El Rac\u00f3. Restaurant Pizzeria Mediterr\u00e1nea.","isPartOf":{"@id":"https:\/\/www.elraco.com\/#website"},"datePublished":"2017-04-24T09:43:06+00:00","dateModified":"2017-12-27T10:37:42+00:00","description":"El Rac\u00f3 entstand im Jahr 1975 mit einer eindeutigen Berufung zu einer aufmerksamen, tadellosen Betreuung seiner G\u00e4ste. Aus dieser Berufung heraus ergab sich ein ganz eigenes Selbstverst\u00e4ndnis, das \u00fcber einen st\u00e4ndigen Dialog mit unseren G\u00e4sten zu einer \u00fcberaus hohen Kundenbindung gef\u00fchrt hat.","breadcrumb":{"@id":"https:\/\/www.elraco.com\/de\/el-raco\/philosophie\/#breadcrumb"},"inLanguage":"de","potentialAction":[{"@type":"ReadAction","target":["https:\/\/www.elraco.com\/de\/el-raco\/philosophie\/"]}]},{"@type":"BreadcrumbList","@id":"https:\/\/www.elraco.com\/de\/el-raco\/philosophie\/#breadcrumb","itemListElement":[{"@type":"ListItem","position":1,"name":"el Rac\u00f3","item":"https:\/\/www.elraco.com\/de\/el-raco\/"},{"@type":"ListItem","position":2,"name":"Philosophie"}]},{"@type":"WebSite","@id":"https:\/\/www.elraco.com\/#website","url":"https:\/\/www.elraco.com\/","name":"El Rac\u00f3","description":"","potentialAction":[{"@type":"SearchAction","target":{"@type":"EntryPoint","urlTemplate":"https:\/\/www.elraco.com\/?s={search_term_string}"},"query-input":{"@type":"PropertyValueSpecification","valueRequired":true,"valueName":"search_term_string"}}],"inLanguage":"de"}]}},"_links":{"self":[{"href":"https:\/\/www.elraco.com\/de\/wp-json\/wp\/v2\/pages\/1724","targetHints":{"allow":["GET"]}}],"collection":[{"href":"https:\/\/www.elraco.com\/de\/wp-json\/wp\/v2\/pages"}],"about":[{"href":"https:\/\/www.elraco.com\/de\/wp-json\/wp\/v2\/types\/page"}],"author":[{"embeddable":true,"href":"https:\/\/www.elraco.com\/de\/wp-json\/wp\/v2\/users\/4"}],"replies":[{"embeddable":true,"href":"https:\/\/www.elraco.com\/de\/wp-json\/wp\/v2\/comments?post=1724"}],"version-history":[{"count":10,"href":"https:\/\/www.elraco.com\/de\/wp-json\/wp\/v2\/pages\/1724\/revisions"}],"predecessor-version":[{"id":9194,"href":"https:\/\/www.elraco.com\/de\/wp-json\/wp\/v2\/pages\/1724\/revisions\/9194"}],"up":[{"embeddable":true,"href":"https:\/\/www.elraco.com\/de\/wp-json\/wp\/v2\/pages\/2708"}],"wp:attachment":[{"href":"https:\/\/www.elraco.com\/de\/wp-json\/wp\/v2\/media?parent=1724"}],"curies":[{"name":"wp","href":"https:\/\/api.w.org\/{rel}","templated":true}]}}