{"id":1168,"date":"2017-04-05T14:14:40","date_gmt":"2017-04-05T12:14:40","guid":{"rendered":"http:\/\/www.elraco.com\/principal\/"},"modified":"2025-11-13T17:21:13","modified_gmt":"2025-11-13T15:21:13","slug":"pagina-principal","status":"publish","type":"page","link":"https:\/\/www.elraco.com\/de\/","title":{"rendered":"P\u00e0gina principal"},"content":{"rendered":"<div class=\"wpb-content-wrapper\"><p>[vc_row el_class=&#8220;five-columns&#8220; anchor=&#8220;seccions&#8220;][vc_column width=&#8220;1\/6&#8243;][vc_column_text css=&#8220;.vc_custom_1753120411891{margin-bottom: -3px !important;}&#8220;]<a href=\"http:\/\/www.elraco.com\/de\/das-schreiben\/\"><span style=\"color: #000000; font-family: Oswald; font-size: 20px; font-weight: 600;\">DIE KARTE<\/span><\/a>[\/vc_column_text][vc_separator color=&#8220;black&#8220; border_width=&#8220;7&#8243; css=&#8220;.vc_custom_1493886278230{margin-top: 5px !important;margin-bottom: 20px !important;}&#8220;][vc_single_image image=&#8220;5538&#8243; img_size=&#8220;full&#8220; alignment=&#8220;center&#8220; css=&#8220;.vc_custom_1502205837052{margin-bottom: 2px !important;}&#8220; el_class=&#8220;bloqueshome&#8220;][vc_column_text css=&#8220;.vc_custom_1495810190221{padding-top: 10px !important;padding-bottom: 5px !important;}&#8220; el_class=&#8220;bloqueshome&#8220;]<strong><span style=\"word-wrap: break-word; color: #e2001a; font-family: 'Playfair Display'; font-size: 18px; font-weight: bold;\">Mmmmediterrane K\u00fcche<\/span><\/strong>[\/vc_column_text][vc_column_text css=&#8220;.vc_custom_1500034739444{padding-bottom: 25px !important;}&#8220; el_class=&#8220;bloqueshome&#8220;]Aufgrund unserer Herkunft umfasst unsere Karte typische Gerichte des Mittelmeerraums, die allesamt ein gro\u00dfes &#8222;Mmmmm&#8220; verdienen.[\/vc_column_text][\/vc_column][vc_column width=&#8220;1\/6&#8243;][vc_column_text css=&#8220;.vc_custom_1511442359124{margin-bottom: -3px !important;}&#8220;]<a href=\"#\"><span style=\"color: #000000; font-family: Oswald; font-size: 20px; font-weight: 600;\">GRUPPEN\u00a0<\/span><\/a>[\/vc_column_text][vc_separator color=&#8220;black&#8220; border_width=&#8220;7&#8243; css=&#8220;.vc_custom_1493887110794{margin-top: 5px !important;margin-bottom: 20px !important;}&#8220;][vc_single_image image=&#8220;5502&#8243; img_size=&#8220;full&#8220; alignment=&#8220;center&#8220; css=&#8220;.vc_custom_1502203959191{margin-bottom: 2px !important;}&#8220; el_class=&#8220;bloqueshome&#8220;][vc_column_text css=&#8220;.vc_custom_1493908808099{padding-top: 10px !important;padding-bottom: 5px !important;}&#8220; el_class=&#8220;bloqueshome&#8220;]<strong><span style=\"color: #e2001a; font-family: 'Playfair Display'; font-size: 18px; font-weight: bold;\">Gruppen men\u00fc<\/span><\/strong>[\/vc_column_text][vc_column_text css=&#8220;.vc_custom_1497354001556{padding-bottom: 25px !important;}&#8220; el_class=&#8220;bloqueshome&#8220;]Unser Gruppen-Men\u00fc gilt f\u00fcr Gruppen ab 12 Personen und eignet sich ideal f\u00fcr die verschiedensten Anl\u00e4sse zum Feiern und zum Zusammensein..[\/vc_column_text][\/vc_column][vc_column width=&#8220;1\/6&#8243;][vc_column_text css=&#8220;.vc_custom_1499430240925{margin-bottom: -3px !important;}&#8220;]<a href=\"https:\/\/www.elraco.com\/de\/restaurants\/palamos\/\"><span style=\"color: #000000; font-family: Oswald; font-size: 20px; font-weight: 600;\">RESTAURANTS<\/span><\/a>[\/vc_column_text][vc_separator color=&#8220;black&#8220; border_width=&#8220;7&#8243; css=&#8220;.vc_custom_1493887159962{margin-top: 5px !important;margin-bottom: 20px !important;}&#8220;][vc_single_image image=&#8220;5518&#8243; img_size=&#8220;full&#8220; alignment=&#8220;center&#8220; css=&#8220;.vc_custom_1502204121024{margin-bottom: 2px !important;}&#8220; el_class=&#8220;bloqueshome&#8220;][vc_column_text css=&#8220;.vc_custom_1763046528887{padding-top: 10px !important;padding-bottom: 5px !important;}&#8220; el_class=&#8220;bloqueshome&#8220;]<strong><span style=\"color: #e2001a; font-family: 'Playfair Display'; font-size: 18px; font-weight: bold;\">Wir sind schon 11\u2026!<\/span><\/strong>[\/vc_column_text][vc_column_text css=&#8220;.vc_custom_1689605001535{padding-bottom: 25px !important;}&#8220; el_class=&#8220;bloqueshome&#8220;]Seit 1975, als wir unser erstes Restaurant in Palam\u00f3s er\u00f6ffneten, bis Juni 2023, als wir das Rac\u00f3 de Sabadell einweihten.[\/vc_column_text][\/vc_column][vc_column width=&#8220;1\/6&#8243;][vc_column_text css=&#8220;.vc_custom_1499430263814{margin-bottom: -3px !important;}&#8220;]<a href=\"https:\/\/www.elraco.com\/de\/newsroom\/\"><span style=\"color: #000000; font-family: Oswald; font-size: 20px; font-weight: 600;\">NEWS<\/span><\/a>[\/vc_column_text][vc_separator color=&#8220;black&#8220; border_width=&#8220;7&#8243; css=&#8220;.vc_custom_1493887059369{margin-top: 5px !important;margin-bottom: 20px !important;}&#8220;][vc_single_image image=&#8220;5510&#8243; img_size=&#8220;full&#8220; alignment=&#8220;center&#8220; css=&#8220;.vc_custom_1502204127102{margin-bottom: 2px !important;}&#8220; el_class=&#8220;bloqueshome&#8220;][vc_column_text css=&#8220;.vc_custom_1500021234465{padding-top: 10px !important;padding-bottom: 5px !important;}&#8220; el_class=&#8220;bloqueshome&#8220;]<strong><span style=\"color: #e2001a; font-family: 'Playfair Display'; font-size: 18px; font-weight: bold;\">Eine neue Formel<\/span><\/strong>[\/vc_column_text][vc_column_text css=&#8220;.vc_custom_1500034653426{padding-bottom: 25px !important;}&#8220; el_class=&#8220;bloqueshome&#8220;]Gastronomie ist Kultur. In diesem Abschnitt wollen wir unsere G\u00e4ste mit wissenswerten Neuigkeiten versorgen und sie mit all den Innovationen und Nachrichten vertraut machen, die es im Zusammenhang mit El Rac\u00f3 zu berichten gibt.[\/vc_column_text][\/vc_column][vc_column width=&#8220;1\/6&#8243;][vc_column_text css=&#8220;.vc_custom_1499430301860{margin-bottom: -3px !important;}&#8220;]<a href=\"https:\/\/www.elraco.com\/de\/el-raco\/qualitaet\/\"><span style=\"color: #000000; font-family: 'Playfair Display'; font-size: 27px; font-weight: 600;\">El Rac\u00f3<\/span><\/a>[\/vc_column_text][vc_separator color=&#8220;black&#8220; border_width=&#8220;7&#8243; css=&#8220;.vc_custom_1493887076978{margin-top: 5px !important;margin-bottom: 20px !important;}&#8220;][vc_single_image image=&#8220;5526&#8243; img_size=&#8220;full&#8220; alignment=&#8220;center&#8220; css=&#8220;.vc_custom_1502204133347{margin-bottom: 2px !important;}&#8220; el_class=&#8220;bloqueshome&#8220;][vc_column_text css=&#8220;.vc_custom_1493908843975{padding-top: 10px !important;padding-bottom: 5px !important;}&#8220; el_class=&#8220;bloqueshome&#8220;]<strong><span style=\"color: #e2001a; font-family: 'Playfair Display'; font-size: 18px; font-weight: bold;\">\u00dcber 40 Jahre<\/span><\/strong>[\/vc_column_text][vc_column_text css=&#8220;.vc_custom_1500034669728{padding-bottom: 25px !important;}&#8220; el_class=&#8220;bloqueshome&#8220;]Alles begann 1975 in Palam\u00f3s. In diesen mehr als 40 Jahren ist uns alles M\u00f6gliche passiert: wir haben dazugelernt, haben Fehler gemacht &#8230; waren aber stets in vorderster Front und m\u00f6chten dies auch f\u00fcr die Zukunft beibehalten. Deshalb ein herzliches Dankesch\u00f6n an all unsere G\u00e4ste, denn ohne sie w\u00e4re dies alles nicht m\u00f6glich gewesen.[\/vc_column_text][\/vc_column][vc_column width=&#8220;1\/6&#8243;][\/vc_column][\/vc_row]<\/p>\n<\/div>","protected":false},"excerpt":{"rendered":"<p>[vc_row el_class=&#8220;five-columns&#8220; anchor=&#8220;seccions&#8220;][vc_column width=&#8220;1\/6&#8243;][vc_column_text css=&#8220;.vc_custom_1753120411891{margin-bottom: -3px !important;}&#8220;]DIE KARTE[\/vc_column_text][vc_separator color=&#8220;black&#8220; border_width=&#8220;7&#8243; css=&#8220;.vc_custom_1493886278230{margin-top: 5px !important;margin-bottom: 20px !important;}&#8220;][vc_single_image image=&#8220;5538&#8243; img_size=&#8220;full&#8220; alignment=&#8220;center&#8220; css=&#8220;.vc_custom_1502205837052{margin-bottom: 2px !important;}&#8220; el_class=&#8220;bloqueshome&#8220;][vc_column_text css=&#8220;.vc_custom_1495810190221{padding-top: 10px !important;padding-bottom: 5px !important;}&#8220; el_class=&#8220;bloqueshome&#8220;]Mmmmediterrane K\u00fcche[\/vc_column_text][vc_column_text css=&#8220;.vc_custom_1500034739444{padding-bottom: 25px !important;}&#8220; el_class=&#8220;bloqueshome&#8220;]Aufgrund unserer Herkunft umfasst unsere Karte typische Gerichte des Mittelmeerraums, die allesamt ein gro\u00dfes &#8222;Mmmmm&#8220; verdienen.[\/vc_column_text][\/vc_column][vc_column width=&#8220;1\/6&#8243;][vc_column_text css=&#8220;.vc_custom_1511442359124{margin-bottom: -3px !important;}&#8220;]GRUPPEN\u00a0[\/vc_column_text][vc_separator color=&#8220;black&#8220; border_width=&#8220;7&#8243; css=&#8220;.vc_custom_1493887110794{margin-top:&hellip;<\/p>\n","protected":false},"author":4,"featured_media":0,"parent":0,"menu_order":0,"comment_status":"closed","ping_status":"closed","template":"","meta":{"footnotes":""},"class_list":["post-1168","page","type-page","status-publish","hentry","description-off"],"yoast_head":"<!-- This site is optimized with the Yoast SEO plugin v27.5 - https:\/\/yoast.com\/product\/yoast-seo-wordpress\/ -->\n<title>El Rac\u00f3: Restaurant Pizzeria Mediterr\u00e1nea.<\/title>\n<meta name=\"description\" content=\"Aufgrund unserer Herkunft umfasst unsere Karte typische Gerichte des Mittelmeerraums.\" \/>\n<meta name=\"robots\" content=\"index, follow, max-snippet:-1, max-image-preview:large, max-video-preview:-1\" \/>\n<link rel=\"canonical\" href=\"https:\/\/www.elraco.com\/de\/\" \/>\n<meta property=\"og:locale\" content=\"de_DE\" \/>\n<meta property=\"og:type\" content=\"article\" \/>\n<meta property=\"og:title\" content=\"El Rac\u00f3: Restaurant Pizzeria Mediterr\u00e1nea.\" \/>\n<meta property=\"og:description\" content=\"Aufgrund unserer Herkunft umfasst unsere Karte typische Gerichte des Mittelmeerraums.\" \/>\n<meta property=\"og:url\" content=\"https:\/\/www.elraco.com\/de\/\" \/>\n<meta property=\"og:site_name\" content=\"El Rac\u00f3\" \/>\n<meta property=\"article:modified_time\" content=\"2025-11-13T15:21:13+00:00\" \/>\n<meta name=\"twitter:label1\" content=\"Gesch\u00e4tzte Lesezeit\" \/>\n\t<meta name=\"twitter:data1\" content=\"2\u00a0Minuten\" \/>\n<script type=\"application\/ld+json\" class=\"yoast-schema-graph\">{\"@context\":\"https:\\\/\\\/schema.org\",\"@graph\":[{\"@type\":\"WebPage\",\"@id\":\"https:\\\/\\\/www.elraco.com\\\/de\\\/\",\"url\":\"https:\\\/\\\/www.elraco.com\\\/de\\\/\",\"name\":\"El Rac\u00f3: Restaurant Pizzeria Mediterr\u00e1nea.\",\"isPartOf\":{\"@id\":\"https:\\\/\\\/www.elraco.com\\\/#website\"},\"datePublished\":\"2017-04-05T12:14:40+00:00\",\"dateModified\":\"2025-11-13T15:21:13+00:00\",\"description\":\"Aufgrund unserer Herkunft umfasst unsere Karte typische Gerichte des Mittelmeerraums.\",\"inLanguage\":\"de\",\"potentialAction\":[{\"@type\":\"ReadAction\",\"target\":[\"https:\\\/\\\/www.elraco.com\\\/de\\\/\"]}]},{\"@type\":\"WebSite\",\"@id\":\"https:\\\/\\\/www.elraco.com\\\/#website\",\"url\":\"https:\\\/\\\/www.elraco.com\\\/\",\"name\":\"El Rac\u00f3\",\"description\":\"\",\"potentialAction\":[{\"@type\":\"SearchAction\",\"target\":{\"@type\":\"EntryPoint\",\"urlTemplate\":\"https:\\\/\\\/www.elraco.com\\\/?s={search_term_string}\"},\"query-input\":{\"@type\":\"PropertyValueSpecification\",\"valueRequired\":true,\"valueName\":\"search_term_string\"}}],\"inLanguage\":\"de\"}]}<\/script>\n<!-- \/ Yoast SEO plugin. -->","yoast_head_json":{"title":"El Rac\u00f3: Restaurant Pizzeria Mediterr\u00e1nea.","description":"Aufgrund unserer Herkunft umfasst unsere Karte typische Gerichte des Mittelmeerraums.","robots":{"index":"index","follow":"follow","max-snippet":"max-snippet:-1","max-image-preview":"max-image-preview:large","max-video-preview":"max-video-preview:-1"},"canonical":"https:\/\/www.elraco.com\/de\/","og_locale":"de_DE","og_type":"article","og_title":"El Rac\u00f3: Restaurant Pizzeria Mediterr\u00e1nea.","og_description":"Aufgrund unserer Herkunft umfasst unsere Karte typische Gerichte des Mittelmeerraums.","og_url":"https:\/\/www.elraco.com\/de\/","og_site_name":"El Rac\u00f3","article_modified_time":"2025-11-13T15:21:13+00:00","twitter_misc":{"Gesch\u00e4tzte Lesezeit":"2\u00a0Minuten"},"schema":{"@context":"https:\/\/schema.org","@graph":[{"@type":"WebPage","@id":"https:\/\/www.elraco.com\/de\/","url":"https:\/\/www.elraco.com\/de\/","name":"El Rac\u00f3: Restaurant Pizzeria Mediterr\u00e1nea.","isPartOf":{"@id":"https:\/\/www.elraco.com\/#website"},"datePublished":"2017-04-05T12:14:40+00:00","dateModified":"2025-11-13T15:21:13+00:00","description":"Aufgrund unserer Herkunft umfasst unsere Karte typische Gerichte des Mittelmeerraums.","inLanguage":"de","potentialAction":[{"@type":"ReadAction","target":["https:\/\/www.elraco.com\/de\/"]}]},{"@type":"WebSite","@id":"https:\/\/www.elraco.com\/#website","url":"https:\/\/www.elraco.com\/","name":"El Rac\u00f3","description":"","potentialAction":[{"@type":"SearchAction","target":{"@type":"EntryPoint","urlTemplate":"https:\/\/www.elraco.com\/?s={search_term_string}"},"query-input":{"@type":"PropertyValueSpecification","valueRequired":true,"valueName":"search_term_string"}}],"inLanguage":"de"}]}},"_links":{"self":[{"href":"https:\/\/www.elraco.com\/de\/wp-json\/wp\/v2\/pages\/1168","targetHints":{"allow":["GET"]}}],"collection":[{"href":"https:\/\/www.elraco.com\/de\/wp-json\/wp\/v2\/pages"}],"about":[{"href":"https:\/\/www.elraco.com\/de\/wp-json\/wp\/v2\/types\/page"}],"author":[{"embeddable":true,"href":"https:\/\/www.elraco.com\/de\/wp-json\/wp\/v2\/users\/4"}],"replies":[{"embeddable":true,"href":"https:\/\/www.elraco.com\/de\/wp-json\/wp\/v2\/comments?post=1168"}],"version-history":[{"count":70,"href":"https:\/\/www.elraco.com\/de\/wp-json\/wp\/v2\/pages\/1168\/revisions"}],"predecessor-version":[{"id":13087,"href":"https:\/\/www.elraco.com\/de\/wp-json\/wp\/v2\/pages\/1168\/revisions\/13087"}],"wp:attachment":[{"href":"https:\/\/www.elraco.com\/de\/wp-json\/wp\/v2\/media?parent=1168"}],"curies":[{"name":"wp","href":"https:\/\/api.w.org\/{rel}","templated":true}]}}